{"id":461,"date":"2024-07-23T09:08:52","date_gmt":"2024-07-23T09:08:52","guid":{"rendered":"https:\/\/kinfilter.com\/?post_type=product&#038;p=461"},"modified":"2025-10-14T11:32:22","modified_gmt":"2025-10-14T03:32:22","slug":"water-softener-for-home","status":"publish","type":"product","link":"https:\/\/kinfilter.com\/fr\/produit\/water-softener-for-home\/","title":{"rendered":"Adoucisseur d&#039;eau pour la maison"},"content":{"rendered":"<p>Nous sommes fabricants et fournisseurs d&#039;adoucisseurs d&#039;eau. Port\u00e9 par une prise de conscience croissante des consommateurs quant \u00e0 l&#039;importance d&#039;une consommation d&#039;eau saine, le march\u00e9 des adoucisseurs d&#039;eau domestiques conna\u00eet une croissance annuelle de 101\u00a0000 \u00e0 3\u00a0000 tonnes, ce qui nous offre d&#039;importantes opportunit\u00e9s. Nous devons saisir ces opportunit\u00e9s, poursuivre nos efforts d&#039;innovation et lancer de nouveaux produits. Actuellement, notre entreprise propose des adoucisseurs d&#039;eau d&#039;une capacit\u00e9 de 1\u00a0T\/h, 2\u00a0T\/h et 3\u00a0T\/h, r\u00e9pondant ainsi aux besoins de diff\u00e9rents utilisateurs. Caract\u00e9ristiques techniques\u00a0:<\/p>\n<table>\n<tbody>\n<tr>\n<td width=\"106\">Param\u00e8tre<\/p>\n<p>Mod\u00e8le<\/td>\n<td width=\"106\">KH-1T<\/td>\n<td width=\"106\">KH-2T<\/td>\n<td width=\"106\">KH-3T<\/td>\n<\/tr>\n<tr>\n<td width=\"106\">Tension<\/td>\n<td width=\"106\">220 V OU 110 V<\/td>\n<td width=\"106\">220 V OU 110 V<\/td>\n<td width=\"106\">220 V OU 110 V<\/td>\n<\/tr>\n<tr>\n<td width=\"106\">Fr\u00e9quence<\/td>\n<td width=\"106\">50 Hz<\/td>\n<td width=\"106\">50 Hz<\/td>\n<td width=\"106\">50 Hz<\/td>\n<\/tr>\n<tr>\n<td width=\"106\">Capacit\u00e9 de la r\u00e9sine<\/td>\n<td width=\"106\">12 L<\/td>\n<td width=\"106\">18 L<\/td>\n<td width=\"106\">25 L<\/td>\n<\/tr>\n<tr>\n<td width=\"106\">Pression de service<\/td>\n<td width=\"106\">0,15-0,5 MPa<\/td>\n<td width=\"106\">0,15-0,5 MPa<\/td>\n<td width=\"106\">0,15-0,5 MPa<\/td>\n<\/tr>\n<tr>\n<td width=\"106\">Taille de l&#039;entr\u00e9e et de la sortie d&#039;eau<\/td>\n<td width=\"106\">3\/4&#8243;<\/td>\n<td width=\"106\">3\/4&#8243;<\/td>\n<td width=\"106\">3\/4&#8243;<\/td>\n<\/tr>\n<tr>\n<td width=\"106\">bocal en fibre de verre<\/td>\n<td width=\"106\">1015<\/td>\n<td width=\"106\">1024<\/td>\n<td width=\"106\">1035<\/td>\n<\/tr>\n<tr>\n<td width=\"106\">Temp\u00e9rature appropri\u00e9e<\/td>\n<td width=\"106\">5-48\u2103<\/td>\n<td width=\"106\">5-48\u2103<\/td>\n<td width=\"106\">5-48\u2103<\/td>\n<\/tr>\n<tr>\n<td width=\"106\">Taille des tuyaux d&#039;\u00e9gout<\/td>\n<td width=\"106\">12 mm<\/td>\n<td width=\"106\">12 mm<\/td>\n<td width=\"106\">12 mm<\/td>\n<\/tr>\n<tr>\n<td width=\"106\">Taille du produit<\/td>\n<td width=\"106\">270*420*510 mm<\/td>\n<td width=\"106\">270*420*710 mm<\/td>\n<td width=\"106\">270*420*1020 mm<\/td>\n<\/tr>\n<\/tbody>\n<\/table>\n<p>&nbsp;<\/p>\n<p>&nbsp;<\/p>\n<p><iframe loading=\"lazy\" title=\"Utilisation d&#039;un adoucisseur d&#039;eau domestique #reverse#purification de l&#039;eau #Distributeur d&#039;eaujouet\" width=\"563\" height=\"1000\" src=\"https:\/\/www.youtube.com\/embed\/zsHjeF2xyBI?feature=oembed\" frameborder=\"0\" allow=\"accelerometer; autoplay; clipboard-write; encrypted-media; gyroscope; picture-in-picture; web-share\" referrerpolicy=\"strict-origin-when-cross-origin\" allowfullscreen><\/iframe><\/p>\n<p><img loading=\"lazy\" decoding=\"async\" class=\"aligncenter size-full wp-image-1693\" src=\"http:\/\/kinfilter.com\/wp-content\/uploads\/2024\/07\/water-softener-for-home-1.jpg\" alt=\"\" width=\"600\" height=\"600\" srcset=\"https:\/\/kinfilter.com\/wp-content\/uploads\/2024\/07\/water-softener-for-home-1.jpg 600w, https:\/\/kinfilter.com\/wp-content\/uploads\/2024\/07\/water-softener-for-home-1-500x500.jpg 500w, https:\/\/kinfilter.com\/wp-content\/uploads\/2024\/07\/water-softener-for-home-1-300x300.jpg 300w, https:\/\/kinfilter.com\/wp-content\/uploads\/2024\/07\/water-softener-for-home-1-12x12.jpg 12w, https:\/\/kinfilter.com\/wp-content\/uploads\/2024\/07\/water-softener-for-home-1-150x150.jpg 150w, https:\/\/kinfilter.com\/wp-content\/uploads\/2024\/07\/water-softener-for-home-1-75x75.jpg 75w, https:\/\/kinfilter.com\/wp-content\/uploads\/2024\/07\/water-softener-for-home-1-480x480.jpg 480w\" sizes=\"auto, (max-width:767px) 480px, 600px\" \/><img loading=\"lazy\" decoding=\"async\" class=\"aligncenter size-full wp-image-1692\" src=\"http:\/\/kinfilter.com\/wp-content\/uploads\/2024\/07\/water-softener-for-home-2.jpg\" alt=\"\" width=\"600\" height=\"600\" srcset=\"https:\/\/kinfilter.com\/wp-content\/uploads\/2024\/07\/water-softener-for-home-2.jpg 600w, https:\/\/kinfilter.com\/wp-content\/uploads\/2024\/07\/water-softener-for-home-2-500x500.jpg 500w, https:\/\/kinfilter.com\/wp-content\/uploads\/2024\/07\/water-softener-for-home-2-300x300.jpg 300w, https:\/\/kinfilter.com\/wp-content\/uploads\/2024\/07\/water-softener-for-home-2-12x12.jpg 12w, https:\/\/kinfilter.com\/wp-content\/uploads\/2024\/07\/water-softener-for-home-2-150x150.jpg 150w, https:\/\/kinfilter.com\/wp-content\/uploads\/2024\/07\/water-softener-for-home-2-75x75.jpg 75w, https:\/\/kinfilter.com\/wp-content\/uploads\/2024\/07\/water-softener-for-home-2-480x480.jpg 480w\" sizes=\"auto, (max-width:767px) 480px, 600px\" \/> <img loading=\"lazy\" decoding=\"async\" class=\"aligncenter size-full wp-image-1691\" src=\"http:\/\/kinfilter.com\/wp-content\/uploads\/2024\/07\/water-softener-for-home-3.jpg\" alt=\"\" width=\"600\" height=\"600\" srcset=\"https:\/\/kinfilter.com\/wp-content\/uploads\/2024\/07\/water-softener-for-home-3.jpg 600w, https:\/\/kinfilter.com\/wp-content\/uploads\/2024\/07\/water-softener-for-home-3-500x500.jpg 500w, https:\/\/kinfilter.com\/wp-content\/uploads\/2024\/07\/water-softener-for-home-3-300x300.jpg 300w, https:\/\/kinfilter.com\/wp-content\/uploads\/2024\/07\/water-softener-for-home-3-12x12.jpg 12w, https:\/\/kinfilter.com\/wp-content\/uploads\/2024\/07\/water-softener-for-home-3-150x150.jpg 150w, https:\/\/kinfilter.com\/wp-content\/uploads\/2024\/07\/water-softener-for-home-3-75x75.jpg 75w, https:\/\/kinfilter.com\/wp-content\/uploads\/2024\/07\/water-softener-for-home-3-480x480.jpg 480w\" sizes=\"auto, (max-width:767px) 480px, 600px\" \/> <img loading=\"lazy\" decoding=\"async\" class=\"aligncenter size-full wp-image-1690\" src=\"http:\/\/kinfilter.com\/wp-content\/uploads\/2024\/07\/water-softener-for-home-4.jpg\" alt=\"\" width=\"600\" height=\"600\" srcset=\"https:\/\/kinfilter.com\/wp-content\/uploads\/2024\/07\/water-softener-for-home-4.jpg 600w, https:\/\/kinfilter.com\/wp-content\/uploads\/2024\/07\/water-softener-for-home-4-500x500.jpg 500w, https:\/\/kinfilter.com\/wp-content\/uploads\/2024\/07\/water-softener-for-home-4-300x300.jpg 300w, https:\/\/kinfilter.com\/wp-content\/uploads\/2024\/07\/water-softener-for-home-4-12x12.jpg 12w, https:\/\/kinfilter.com\/wp-content\/uploads\/2024\/07\/water-softener-for-home-4-150x150.jpg 150w, https:\/\/kinfilter.com\/wp-content\/uploads\/2024\/07\/water-softener-for-home-4-75x75.jpg 75w, https:\/\/kinfilter.com\/wp-content\/uploads\/2024\/07\/water-softener-for-home-4-480x480.jpg 480w\" sizes=\"auto, (max-width:767px) 480px, 600px\" \/> <img loading=\"lazy\" decoding=\"async\" class=\"aligncenter size-full wp-image-1689\" src=\"http:\/\/kinfilter.com\/wp-content\/uploads\/2024\/07\/water-softener-for-home-6.jpg\" alt=\"\" width=\"600\" height=\"600\" srcset=\"https:\/\/kinfilter.com\/wp-content\/uploads\/2024\/07\/water-softener-for-home-6.jpg 600w, https:\/\/kinfilter.com\/wp-content\/uploads\/2024\/07\/water-softener-for-home-6-500x500.jpg 500w, https:\/\/kinfilter.com\/wp-content\/uploads\/2024\/07\/water-softener-for-home-6-300x300.jpg 300w, https:\/\/kinfilter.com\/wp-content\/uploads\/2024\/07\/water-softener-for-home-6-12x12.jpg 12w, https:\/\/kinfilter.com\/wp-content\/uploads\/2024\/07\/water-softener-for-home-6-150x150.jpg 150w, https:\/\/kinfilter.com\/wp-content\/uploads\/2024\/07\/water-softener-for-home-6-75x75.jpg 75w, https:\/\/kinfilter.com\/wp-content\/uploads\/2024\/07\/water-softener-for-home-6-480x480.jpg 480w\" sizes=\"auto, (max-width:767px) 480px, 600px\" \/> <img loading=\"lazy\" decoding=\"async\" class=\"aligncenter size-full wp-image-1688\" src=\"http:\/\/kinfilter.com\/wp-content\/uploads\/2024\/07\/water-softener-for-home-5.jpg\" alt=\"\" width=\"600\" height=\"600\" srcset=\"https:\/\/kinfilter.com\/wp-content\/uploads\/2024\/07\/water-softener-for-home-5.jpg 600w, https:\/\/kinfilter.com\/wp-content\/uploads\/2024\/07\/water-softener-for-home-5-500x500.jpg 500w, https:\/\/kinfilter.com\/wp-content\/uploads\/2024\/07\/water-softener-for-home-5-300x300.jpg 300w, https:\/\/kinfilter.com\/wp-content\/uploads\/2024\/07\/water-softener-for-home-5-12x12.jpg 12w, https:\/\/kinfilter.com\/wp-content\/uploads\/2024\/07\/water-softener-for-home-5-150x150.jpg 150w, https:\/\/kinfilter.com\/wp-content\/uploads\/2024\/07\/water-softener-for-home-5-75x75.jpg 75w, https:\/\/kinfilter.com\/wp-content\/uploads\/2024\/07\/water-softener-for-home-5-480x480.jpg 480w\" sizes=\"auto, (max-width:767px) 480px, 600px\" \/><\/p>\n<div class=\"jfk-bubble gtx-bubble\" style=\"visibility: visible; left: 70px; top: 83px; opacity: 1;\" role=\"alertdialog\" aria-describedby=\"bubble-3\">\n<div id=\"bubble-3\" class=\"jfk-bubble-content-id\">\n<div id=\"gtx-host\" style=\"min-width: 200px; max-width: 400px;\"><\/div>\n<\/div>\n<div class=\"jfk-bubble-closebtn-id jfk-bubble-closebtn\" tabindex=\"0\" role=\"button\" aria-label=\"Fermer\"><\/div>\n<div class=\"jfk-bubble-arrow-id jfk-bubble-arrow jfk-bubble-arrowup\" style=\"left: 74.5px;\">\n<div class=\"jfk-bubble-arrowimplbefore\"><\/div>\n<div class=\"jfk-bubble-arrowimplafter\"><\/div>\n<\/div>\n<\/div>","protected":false},"excerpt":{"rendered":"<p><span class=\"excerpt-hellip\"> [\u2026]<\/span><\/p>","protected":false},"featured_media":1693,"template":"","meta":[],"product_brand":[],"product_cat":[49],"product_tag":[],"class_list":{"0":"post-461","1":"product","2":"type-product","3":"status-publish","4":"has-post-thumbnail","6":"product_cat-water-softener-for-home","8":"first","9":"instock","10":"shipping-taxable","11":"product-type-external"},"yoast_head":"<!-- This site is optimized with the Yoast SEO Premium plugin v20.5 (Yoast SEO v22.7) - https:\/\/yoast.com\/wordpress\/plugins\/seo\/ -->\n<title>Water Softener For Home<\/title>\n<meta name=\"description\" content=\"Professional Water Softener manufacturer offering cost-effective products, supporting customization needs and small-batch trial production.\" \/>\n<meta name=\"robots\" content=\"index, follow, max-snippet:-1, max-image-preview:large, max-video-preview:-1\" \/>\n<link rel=\"canonical\" href=\"https:\/\/kinfilter.com\/fr\/produit\/water-softener-for-home\/\" \/>\n<meta property=\"og:locale\" content=\"fr_FR\" \/>\n<meta property=\"og:type\" content=\"article\" \/>\n<meta property=\"og:title\" content=\"Water Softener For Home\" \/>\n<meta property=\"og:description\" content=\"Professional Water Softener manufacturer offering cost-effective products, supporting customization needs and small-batch trial production.\" \/>\n<meta property=\"og:url\" content=\"https:\/\/kinfilter.com\/fr\/produit\/water-softener-for-home\/\" \/>\n<meta property=\"og:site_name\" content=\"Ningbo Keyinle Technology Co., Ltd.\" \/>\n<meta property=\"article:modified_time\" content=\"2025-10-14T03:32:22+00:00\" \/>\n<meta property=\"og:image\" content=\"http:\/\/kinfilter.com\/wp-content\/uploads\/2024\/07\/water-softener-for-home-1.jpg\" \/>\n\t<meta property=\"og:image:width\" content=\"600\" \/>\n\t<meta property=\"og:image:height\" content=\"600\" \/>\n\t<meta property=\"og:image:type\" content=\"image\/jpeg\" \/>\n<meta name=\"twitter:card\" content=\"summary_large_image\" \/>\n<meta name=\"twitter:label1\" content=\"Dur\u00e9e de lecture estim\u00e9e\" \/>\n\t<meta name=\"twitter:data1\" content=\"2 minutes\" \/>\n<script type=\"application\/ld+json\" class=\"yoast-schema-graph\">{\"@context\":\"https:\/\/schema.org\",\"@graph\":[{\"@type\":\"WebPage\",\"@id\":\"https:\/\/kinfilter.com\/product\/water-softener-for-home\/\",\"url\":\"https:\/\/kinfilter.com\/product\/water-softener-for-home\/\",\"name\":\"Water Softener For Home\",\"isPartOf\":{\"@id\":\"https:\/\/kinfilter.com\/#website\"},\"primaryImageOfPage\":{\"@id\":\"https:\/\/kinfilter.com\/product\/water-softener-for-home\/#primaryimage\"},\"image\":{\"@id\":\"https:\/\/kinfilter.com\/product\/water-softener-for-home\/#primaryimage\"},\"thumbnailUrl\":\"https:\/\/kinfilter.com\/wp-content\/uploads\/2024\/07\/water-softener-for-home-1.jpg\",\"datePublished\":\"2024-07-23T09:08:52+00:00\",\"dateModified\":\"2025-10-14T03:32:22+00:00\",\"description\":\"Professional Water Softener manufacturer offering cost-effective products, supporting customization needs and small-batch trial production.\",\"breadcrumb\":{\"@id\":\"https:\/\/kinfilter.com\/product\/water-softener-for-home\/#breadcrumb\"},\"inLanguage\":\"fr-FR\",\"potentialAction\":[{\"@type\":\"ReadAction\",\"target\":[\"https:\/\/kinfilter.com\/product\/water-softener-for-home\/\"]}]},{\"@type\":\"ImageObject\",\"inLanguage\":\"fr-FR\",\"@id\":\"https:\/\/kinfilter.com\/product\/water-softener-for-home\/#primaryimage\",\"url\":\"https:\/\/kinfilter.com\/wp-content\/uploads\/2024\/07\/water-softener-for-home-1.jpg\",\"contentUrl\":\"https:\/\/kinfilter.com\/wp-content\/uploads\/2024\/07\/water-softener-for-home-1.jpg\",\"width\":600,\"height\":600,\"caption\":\"Side of the water softener\"},{\"@type\":\"BreadcrumbList\",\"@id\":\"https:\/\/kinfilter.com\/product\/water-softener-for-home\/#breadcrumb\",\"itemListElement\":[{\"@type\":\"ListItem\",\"position\":1,\"name\":\"Home\",\"item\":\"https:\/\/kinfilter.com\/\"},{\"@type\":\"ListItem\",\"position\":2,\"name\":\"Product\",\"item\":\"https:\/\/kinfilter.com\/product\/\"},{\"@type\":\"ListItem\",\"position\":3,\"name\":\"Water Softener For Home\"}]},{\"@type\":\"WebSite\",\"@id\":\"https:\/\/kinfilter.com\/#website\",\"url\":\"https:\/\/kinfilter.com\/\",\"name\":\"Ningbo Keyinle Technology Co., Ltd.\",\"description\":\"Professional Water Purifier Manufacturer\",\"publisher\":{\"@id\":\"https:\/\/kinfilter.com\/#organization\"},\"potentialAction\":[{\"@type\":\"SearchAction\",\"target\":{\"@type\":\"EntryPoint\",\"urlTemplate\":\"https:\/\/kinfilter.com\/?s={search_term_string}\"},\"query-input\":\"required name=search_term_string\"}],\"inLanguage\":\"fr-FR\"},{\"@type\":\"Organization\",\"@id\":\"https:\/\/kinfilter.com\/#organization\",\"name\":\"Ningbo Keyinle Technology Co., Ltd.\",\"url\":\"https:\/\/kinfilter.com\/\",\"logo\":{\"@type\":\"ImageObject\",\"inLanguage\":\"fr-FR\",\"@id\":\"https:\/\/kinfilter.com\/#\/schema\/logo\/image\/\",\"url\":\"\",\"contentUrl\":\"\",\"caption\":\"Ningbo Keyinle Technology Co., Ltd.\"},\"image\":{\"@id\":\"https:\/\/kinfilter.com\/#\/schema\/logo\/image\/\"}}]}<\/script>\n<!-- \/ Yoast SEO Premium plugin. -->","yoast_head_json":{"title":"Water Softener For Home","description":"Professional Water Softener manufacturer offering cost-effective products, supporting customization needs and small-batch trial production.","robots":{"index":"index","follow":"follow","max-snippet":"max-snippet:-1","max-image-preview":"max-image-preview:large","max-video-preview":"max-video-preview:-1"},"canonical":"https:\/\/kinfilter.com\/fr\/produit\/water-softener-for-home\/","og_locale":"fr_FR","og_type":"article","og_title":"Water Softener For Home","og_description":"Professional Water Softener manufacturer offering cost-effective products, supporting customization needs and small-batch trial production.","og_url":"https:\/\/kinfilter.com\/fr\/produit\/water-softener-for-home\/","og_site_name":"Ningbo Keyinle Technology Co., Ltd.","article_modified_time":"2025-10-14T03:32:22+00:00","og_image":[{"width":600,"height":600,"url":"http:\/\/kinfilter.com\/wp-content\/uploads\/2024\/07\/water-softener-for-home-1.jpg","type":"image\/jpeg"}],"twitter_card":"summary_large_image","twitter_misc":{"Dur\u00e9e de lecture estim\u00e9e":"2 minutes"},"schema":{"@context":"https:\/\/schema.org","@graph":[{"@type":"WebPage","@id":"https:\/\/kinfilter.com\/product\/water-softener-for-home\/","url":"https:\/\/kinfilter.com\/product\/water-softener-for-home\/","name":"Water Softener For Home","isPartOf":{"@id":"https:\/\/kinfilter.com\/#website"},"primaryImageOfPage":{"@id":"https:\/\/kinfilter.com\/product\/water-softener-for-home\/#primaryimage"},"image":{"@id":"https:\/\/kinfilter.com\/product\/water-softener-for-home\/#primaryimage"},"thumbnailUrl":"https:\/\/kinfilter.com\/wp-content\/uploads\/2024\/07\/water-softener-for-home-1.jpg","datePublished":"2024-07-23T09:08:52+00:00","dateModified":"2025-10-14T03:32:22+00:00","description":"Professional Water Softener manufacturer offering cost-effective products, supporting customization needs and small-batch trial production.","breadcrumb":{"@id":"https:\/\/kinfilter.com\/product\/water-softener-for-home\/#breadcrumb"},"inLanguage":"fr-FR","potentialAction":[{"@type":"ReadAction","target":["https:\/\/kinfilter.com\/product\/water-softener-for-home\/"]}]},{"@type":"ImageObject","inLanguage":"fr-FR","@id":"https:\/\/kinfilter.com\/product\/water-softener-for-home\/#primaryimage","url":"https:\/\/kinfilter.com\/wp-content\/uploads\/2024\/07\/water-softener-for-home-1.jpg","contentUrl":"https:\/\/kinfilter.com\/wp-content\/uploads\/2024\/07\/water-softener-for-home-1.jpg","width":600,"height":600,"caption":"Side of the water softener"},{"@type":"BreadcrumbList","@id":"https:\/\/kinfilter.com\/product\/water-softener-for-home\/#breadcrumb","itemListElement":[{"@type":"ListItem","position":1,"name":"Home","item":"https:\/\/kinfilter.com\/"},{"@type":"ListItem","position":2,"name":"Product","item":"https:\/\/kinfilter.com\/product\/"},{"@type":"ListItem","position":3,"name":"Water Softener For Home"}]},{"@type":"WebSite","@id":"https:\/\/kinfilter.com\/#website","url":"https:\/\/kinfilter.com\/","name":"Ningbo Keyinle Technology Co., Ltd.","description":"Professional Water Purifier Manufacturer","publisher":{"@id":"https:\/\/kinfilter.com\/#organization"},"potentialAction":[{"@type":"SearchAction","target":{"@type":"EntryPoint","urlTemplate":"https:\/\/kinfilter.com\/?s={search_term_string}"},"query-input":"required name=search_term_string"}],"inLanguage":"fr-FR"},{"@type":"Organization","@id":"https:\/\/kinfilter.com\/#organization","name":"Ningbo Keyinle Technology Co., Ltd.","url":"https:\/\/kinfilter.com\/","logo":{"@type":"ImageObject","inLanguage":"fr-FR","@id":"https:\/\/kinfilter.com\/#\/schema\/logo\/image\/","url":"","contentUrl":"","caption":"Ningbo Keyinle Technology Co., Ltd."},"image":{"@id":"https:\/\/kinfilter.com\/#\/schema\/logo\/image\/"}}]}},"_links":{"self":[{"href":"https:\/\/kinfilter.com\/fr\/wp-json\/wp\/v2\/product\/461","targetHints":{"allow":["GET"]}}],"collection":[{"href":"https:\/\/kinfilter.com\/fr\/wp-json\/wp\/v2\/product"}],"about":[{"href":"https:\/\/kinfilter.com\/fr\/wp-json\/wp\/v2\/types\/product"}],"wp:featuredmedia":[{"embeddable":true,"href":"https:\/\/kinfilter.com\/fr\/wp-json\/wp\/v2\/media\/1693"}],"wp:attachment":[{"href":"https:\/\/kinfilter.com\/fr\/wp-json\/wp\/v2\/media?parent=461"}],"wp:term":[{"taxonomy":"product_brand","embeddable":true,"href":"https:\/\/kinfilter.com\/fr\/wp-json\/wp\/v2\/product_brand?post=461"},{"taxonomy":"product_cat","embeddable":true,"href":"https:\/\/kinfilter.com\/fr\/wp-json\/wp\/v2\/product_cat?post=461"},{"taxonomy":"product_tag","embeddable":true,"href":"https:\/\/kinfilter.com\/fr\/wp-json\/wp\/v2\/product_tag?post=461"}],"curies":[{"name":"wp","href":"https:\/\/api.w.org\/{rel}","templated":true}]}}