{"id":2080,"date":"2025-12-16T10:11:04","date_gmt":"2025-12-16T02:11:04","guid":{"rendered":"https:\/\/kinfilter.com\/?post_type=product&#038;p=2080"},"modified":"2025-12-16T10:11:05","modified_gmt":"2025-12-16T02:11:05","slug":"commercial-drinking-water-equipment","status":"publish","type":"product","link":"https:\/\/kinfilter.com\/fr\/produit\/commercial-drinking-water-equipment\/","title":{"rendered":"\u00e9quipement commercial d&#039;eau potable"},"content":{"rendered":"<p data-start=\"112\" data-end=\"486\">Nous sommes un <strong data-start=\"121\" data-end=\"191\">Fabricant professionnel sp\u00e9cialis\u00e9 dans les \u00e9quipements pour l&#039;eau potable<\/strong>, poss\u00e9dant une longue exp\u00e9rience dans la recherche, le d\u00e9veloppement et la production de bouilloires et de distributeurs d&#039;eau.<br data-start=\"302\" data-end=\"305\" \/>Notre usine applique un syst\u00e8me de contr\u00f4le qualit\u00e9 rigoureux couvrant la conception du produit, la s\u00e9lection des mat\u00e9riaux, la production et l&#039;inspection finale afin de garantir des performances stables et une longue dur\u00e9e de vie.<\/p>\n<p data-start=\"488\" data-end=\"720\">Gr\u00e2ce \u00e0 notre expertise technologique et \u00e0 notre esprit d&#039;innovation, nous optimisons en permanence les syst\u00e8mes de chauffage, la r\u00e9gulation intelligente et la s\u00e9curit\u00e9. Nos produits sont largement utilis\u00e9s dans les \u00e9coles, les h\u00f4pitaux, les immeubles de bureaux, les usines et les b\u00e2timents commerciaux.<\/p>\n<p data-start=\"722\" data-end=\"824\">Nous choisir, c&#039;est choisir <strong data-start=\"749\" data-end=\"823\">fabrication professionnelle, qualit\u00e9 fiable et confiance \u00e0 long terme<\/strong>.<\/p>\n<hr data-start=\"826\" data-end=\"829\" \/>\n<h2 data-start=\"831\" data-end=\"875\">Chauffe-eau intelligent sur pied<\/h2>\n<p data-start=\"876\" data-end=\"931\"><strong data-start=\"876\" data-end=\"931\">Eau chaude instantan\u00e9e \u00b7 \u00c9conomies d&#039;\u00e9nergie \u00b7 S\u00fbr et fiable<\/strong><\/p>\n<h3 data-start=\"933\" data-end=\"949\">Caract\u00e9ristiques principales<\/h3>\n<ul data-start=\"950\" data-end=\"2322\">\n<li data-start=\"950\" data-end=\"1151\">\n<p data-start=\"952\" data-end=\"1151\"><strong data-start=\"952\" data-end=\"988\">Technologie de chauffage par paliers brevet\u00e9e<\/strong><br data-start=\"988\" data-end=\"991\" \/>Le syst\u00e8me de chauffage par induction intelligent \u00e9limine le m\u00e9lange d&#039;eau chaude et d&#039;eau froide et les \u00e9bullitions r\u00e9p\u00e9t\u00e9es, assurant un chauffage rapide et un approvisionnement continu en eau bouillante.<\/p>\n<\/li>\n<li data-start=\"1153\" data-end=\"1281\">\n<p data-start=\"1155\" data-end=\"1281\"><strong data-start=\"1155\" data-end=\"1187\">Conservation de la chaleur sans consommation d&#039;\u00e9nergie<\/strong><br data-start=\"1187\" data-end=\"1190\" \/>Aucune consommation d&#039;\u00e9nergie li\u00e9e \u00e0 l&#039;isolation traditionnelle, ce qui r\u00e9duit consid\u00e9rablement la consommation d&#039;\u00e9nergie en veille.<\/p>\n<\/li>\n<li data-start=\"1283\" data-end=\"1425\">\n<p data-start=\"1285\" data-end=\"1425\"><strong data-start=\"1285\" data-end=\"1318\">Contr\u00f4le automatique de la temp\u00e9rature<\/strong><br data-start=\"1318\" data-end=\"1321\" \/>L&#039;eau n&#039;est distribu\u00e9e qu&#039;apr\u00e8s avoir atteint la temp\u00e9rature d&#039;\u00e9bullition, garantissant ainsi une eau potable s\u00fbre et hygi\u00e9nique.<\/p>\n<\/li>\n<li data-start=\"1427\" data-end=\"1555\">\n<p data-start=\"1429\" data-end=\"1555\"><strong data-start=\"1429\" data-end=\"1468\">R\u00e9servoir en acier inoxydable 304 de qualit\u00e9 alimentaire<\/strong><br data-start=\"1468\" data-end=\"1471\" \/>Haute r\u00e9sistance \u00e0 la corrosion gr\u00e2ce \u00e0 une soudure circulaire de pr\u00e9cision pour une durabilit\u00e9 accrue.<\/p>\n<\/li>\n<li data-start=\"1557\" data-end=\"1701\">\n<p data-start=\"1559\" data-end=\"1701\"><strong data-start=\"1559\" data-end=\"1590\">\u00c9cran LED haute d\u00e9finition<\/strong><br data-start=\"1590\" data-end=\"1593\" \/>Affiche l&#039;heure, la temp\u00e9rature de l&#039;eau, le niveau d&#039;eau, l&#039;\u00e9tat de fonctionnement et les alarmes de panne de mani\u00e8re claire et intuitive.<\/p>\n<\/li>\n<li data-start=\"1703\" data-end=\"1858\">\n<p data-start=\"1705\" data-end=\"1858\"><strong data-start=\"1705\" data-end=\"1742\">Contr\u00f4le intelligent par micro-ordinateur<\/strong><br data-start=\"1742\" data-end=\"1745\" \/>Prend en charge la minuterie marche\/arr\u00eat, l&#039;arriv\u00e9e d&#039;eau automatique, le mode vacances et le fonctionnement temporaire pour une gestion sans surveillance.<\/p>\n<\/li>\n<li data-start=\"1860\" data-end=\"1995\">\n<p data-start=\"1862\" data-end=\"1995\"><strong data-start=\"1862\" data-end=\"1903\">Conception conviviale du distributeur d&#039;eau<\/strong><br data-start=\"1903\" data-end=\"1906\" \/>Fonctionnement par bouton tactile avec arr\u00eat automatique apr\u00e8s 60 secondes et conception de sortie anti-\u00e9claboussures.<\/p>\n<\/li>\n<li data-start=\"1997\" data-end=\"2149\">\n<p data-start=\"1999\" data-end=\"2149\"><strong data-start=\"1999\" data-end=\"2034\">Protection de s\u00e9curit\u00e9 compl\u00e8te<\/strong><br data-start=\"2034\" data-end=\"2037\" \/>Protection contre la surchauffe \u00e0 sec, protection contre les fuites, protection contre l&#039;ouverture du couvercle, alarme de surchauffe et conception de s\u00e9curit\u00e9 pour la vapeur.<\/p>\n<\/li>\n<li data-start=\"2151\" data-end=\"2322\">\n<p data-start=\"2153\" data-end=\"2322\"><strong data-start=\"2153\" data-end=\"2189\">Conception int\u00e9gr\u00e9e sur pied<\/strong><br data-start=\"2189\" data-end=\"2192\" \/>Aspect noir et argent avec plateforme int\u00e9gr\u00e9e pour poser les bouteilles, convient aux \u00e9coles, bureaux, h\u00f4pitaux et espaces publics.<img loading=\"lazy\" decoding=\"async\" class=\"aligncenter size-full wp-image-2109\" src=\"http:\/\/kinfilter.com\/wp-content\/uploads\/2025\/12\/\u672a\u547d\u540d\u7684\u8bbe\u8ba1-53-1.jpg\" alt=\"\" width=\"800\" height=\"1600\" srcset=\"https:\/\/kinfilter.com\/wp-content\/uploads\/2025\/12\/\u672a\u547d\u540d\u7684\u8bbe\u8ba1-53-1.jpg 800w, https:\/\/kinfilter.com\/wp-content\/uploads\/2025\/12\/\u672a\u547d\u540d\u7684\u8bbe\u8ba1-53-1-250x500.jpg 250w, https:\/\/kinfilter.com\/wp-content\/uploads\/2025\/12\/\u672a\u547d\u540d\u7684\u8bbe\u8ba1-53-1-600x1200.jpg 600w, https:\/\/kinfilter.com\/wp-content\/uploads\/2025\/12\/\u672a\u547d\u540d\u7684\u8bbe\u8ba1-53-1-150x300.jpg 150w, https:\/\/kinfilter.com\/wp-content\/uploads\/2025\/12\/\u672a\u547d\u540d\u7684\u8bbe\u8ba1-53-1-768x1536.jpg 768w, https:\/\/kinfilter.com\/wp-content\/uploads\/2025\/12\/\u672a\u547d\u540d\u7684\u8bbe\u8ba1-53-1-6x12.jpg 6w, https:\/\/kinfilter.com\/wp-content\/uploads\/2025\/12\/\u672a\u547d\u540d\u7684\u8bbe\u8ba1-53-1-38x75.jpg 38w, https:\/\/kinfilter.com\/wp-content\/uploads\/2025\/12\/\u672a\u547d\u540d\u7684\u8bbe\u8ba1-53-1-480x960.jpg 480w\" sizes=\"auto, (max-width:767px) 480px, (max-width:800px) 100vw, 800px\" \/> <img loading=\"lazy\" decoding=\"async\" class=\"aligncenter size-full wp-image-2108\" src=\"http:\/\/kinfilter.com\/wp-content\/uploads\/2025\/12\/\u672a\u547d\u540d\u7684\u8bbe\u8ba1-46-1.jpg\" alt=\"Filter Cartridge Introduction\" width=\"600\" height=\"600\" srcset=\"https:\/\/kinfilter.com\/wp-content\/uploads\/2025\/12\/\u672a\u547d\u540d\u7684\u8bbe\u8ba1-46-1.jpg 600w, https:\/\/kinfilter.com\/wp-content\/uploads\/2025\/12\/\u672a\u547d\u540d\u7684\u8bbe\u8ba1-46-1-500x500.jpg 500w, https:\/\/kinfilter.com\/wp-content\/uploads\/2025\/12\/\u672a\u547d\u540d\u7684\u8bbe\u8ba1-46-1-300x300.jpg 300w, https:\/\/kinfilter.com\/wp-content\/uploads\/2025\/12\/\u672a\u547d\u540d\u7684\u8bbe\u8ba1-46-1-12x12.jpg 12w, https:\/\/kinfilter.com\/wp-content\/uploads\/2025\/12\/\u672a\u547d\u540d\u7684\u8bbe\u8ba1-46-1-150x150.jpg 150w, https:\/\/kinfilter.com\/wp-content\/uploads\/2025\/12\/\u672a\u547d\u540d\u7684\u8bbe\u8ba1-46-1-75x75.jpg 75w, https:\/\/kinfilter.com\/wp-content\/uploads\/2025\/12\/\u672a\u547d\u540d\u7684\u8bbe\u8ba1-46-1-480x480.jpg 480w\" sizes=\"auto, (max-width:767px) 480px, 600px\" \/> <img loading=\"lazy\" decoding=\"async\" class=\"aligncenter size-full wp-image-2107\" src=\"http:\/\/kinfilter.com\/wp-content\/uploads\/2025\/12\/\u672a\u547d\u540d\u7684\u8bbe\u8ba1-45-1.jpg\" alt=\"Introduction to Three Faucet Business Drinking Water Equipment\" width=\"600\" height=\"600\" srcset=\"https:\/\/kinfilter.com\/wp-content\/uploads\/2025\/12\/\u672a\u547d\u540d\u7684\u8bbe\u8ba1-45-1.jpg 600w, https:\/\/kinfilter.com\/wp-content\/uploads\/2025\/12\/\u672a\u547d\u540d\u7684\u8bbe\u8ba1-45-1-500x500.jpg 500w, https:\/\/kinfilter.com\/wp-content\/uploads\/2025\/12\/\u672a\u547d\u540d\u7684\u8bbe\u8ba1-45-1-300x300.jpg 300w, https:\/\/kinfilter.com\/wp-content\/uploads\/2025\/12\/\u672a\u547d\u540d\u7684\u8bbe\u8ba1-45-1-12x12.jpg 12w, https:\/\/kinfilter.com\/wp-content\/uploads\/2025\/12\/\u672a\u547d\u540d\u7684\u8bbe\u8ba1-45-1-150x150.jpg 150w, https:\/\/kinfilter.com\/wp-content\/uploads\/2025\/12\/\u672a\u547d\u540d\u7684\u8bbe\u8ba1-45-1-75x75.jpg 75w, https:\/\/kinfilter.com\/wp-content\/uploads\/2025\/12\/\u672a\u547d\u540d\u7684\u8bbe\u8ba1-45-1-480x480.jpg 480w\" sizes=\"auto, (max-width:767px) 480px, 600px\" \/> <img loading=\"lazy\" decoding=\"async\" class=\"aligncenter size-full wp-image-2106\" src=\"http:\/\/kinfilter.com\/wp-content\/uploads\/2025\/12\/\u672a\u547d\u540d\u7684\u8bbe\u8ba1-44-1.jpg\" alt=\"Introduction to 2 Faucet Business Drinking Water Equipment\" width=\"600\" height=\"600\" srcset=\"https:\/\/kinfilter.com\/wp-content\/uploads\/2025\/12\/\u672a\u547d\u540d\u7684\u8bbe\u8ba1-44-1.jpg 600w, https:\/\/kinfilter.com\/wp-content\/uploads\/2025\/12\/\u672a\u547d\u540d\u7684\u8bbe\u8ba1-44-1-500x500.jpg 500w, https:\/\/kinfilter.com\/wp-content\/uploads\/2025\/12\/\u672a\u547d\u540d\u7684\u8bbe\u8ba1-44-1-300x300.jpg 300w, https:\/\/kinfilter.com\/wp-content\/uploads\/2025\/12\/\u672a\u547d\u540d\u7684\u8bbe\u8ba1-44-1-12x12.jpg 12w, https:\/\/kinfilter.com\/wp-content\/uploads\/2025\/12\/\u672a\u547d\u540d\u7684\u8bbe\u8ba1-44-1-150x150.jpg 150w, https:\/\/kinfilter.com\/wp-content\/uploads\/2025\/12\/\u672a\u547d\u540d\u7684\u8bbe\u8ba1-44-1-75x75.jpg 75w, https:\/\/kinfilter.com\/wp-content\/uploads\/2025\/12\/\u672a\u547d\u540d\u7684\u8bbe\u8ba1-44-1-480x480.jpg 480w\" sizes=\"auto, (max-width:767px) 480px, 600px\" \/> <img loading=\"lazy\" decoding=\"async\" class=\"aligncenter size-full wp-image-2104\" src=\"http:\/\/kinfilter.com\/wp-content\/uploads\/2025\/12\/\u672a\u547d\u540d\u7684\u8bbe\u8ba1-42-1.jpg\" alt=\"Introduction to 4 Faucet Business Drinking Water Equipment\" width=\"600\" height=\"600\" srcset=\"https:\/\/kinfilter.com\/wp-content\/uploads\/2025\/12\/\u672a\u547d\u540d\u7684\u8bbe\u8ba1-42-1.jpg 600w, https:\/\/kinfilter.com\/wp-content\/uploads\/2025\/12\/\u672a\u547d\u540d\u7684\u8bbe\u8ba1-42-1-500x500.jpg 500w, https:\/\/kinfilter.com\/wp-content\/uploads\/2025\/12\/\u672a\u547d\u540d\u7684\u8bbe\u8ba1-42-1-300x300.jpg 300w, https:\/\/kinfilter.com\/wp-content\/uploads\/2025\/12\/\u672a\u547d\u540d\u7684\u8bbe\u8ba1-42-1-12x12.jpg 12w, https:\/\/kinfilter.com\/wp-content\/uploads\/2025\/12\/\u672a\u547d\u540d\u7684\u8bbe\u8ba1-42-1-150x150.jpg 150w, https:\/\/kinfilter.com\/wp-content\/uploads\/2025\/12\/\u672a\u547d\u540d\u7684\u8bbe\u8ba1-42-1-75x75.jpg 75w, https:\/\/kinfilter.com\/wp-content\/uploads\/2025\/12\/\u672a\u547d\u540d\u7684\u8bbe\u8ba1-42-1-480x480.jpg 480w\" sizes=\"auto, (max-width:767px) 480px, 600px\" \/> <img loading=\"lazy\" decoding=\"async\" class=\"aligncenter size-full wp-image-2103\" src=\"http:\/\/kinfilter.com\/wp-content\/uploads\/2025\/12\/\u672a\u547d\u540d\u7684\u8bbe\u8ba1-41-1.jpg\" alt=\"Introduction to 3 Faucet Business Drinking Water Equipment\" width=\"600\" height=\"600\" srcset=\"https:\/\/kinfilter.com\/wp-content\/uploads\/2025\/12\/\u672a\u547d\u540d\u7684\u8bbe\u8ba1-41-1.jpg 600w, https:\/\/kinfilter.com\/wp-content\/uploads\/2025\/12\/\u672a\u547d\u540d\u7684\u8bbe\u8ba1-41-1-500x500.jpg 500w, https:\/\/kinfilter.com\/wp-content\/uploads\/2025\/12\/\u672a\u547d\u540d\u7684\u8bbe\u8ba1-41-1-300x300.jpg 300w, https:\/\/kinfilter.com\/wp-content\/uploads\/2025\/12\/\u672a\u547d\u540d\u7684\u8bbe\u8ba1-41-1-12x12.jpg 12w, https:\/\/kinfilter.com\/wp-content\/uploads\/2025\/12\/\u672a\u547d\u540d\u7684\u8bbe\u8ba1-41-1-150x150.jpg 150w, https:\/\/kinfilter.com\/wp-content\/uploads\/2025\/12\/\u672a\u547d\u540d\u7684\u8bbe\u8ba1-41-1-75x75.jpg 75w, https:\/\/kinfilter.com\/wp-content\/uploads\/2025\/12\/\u672a\u547d\u540d\u7684\u8bbe\u8ba1-41-1-480x480.jpg 480w\" sizes=\"auto, (max-width:767px) 480px, 600px\" \/> <img loading=\"lazy\" decoding=\"async\" class=\"aligncenter size-full wp-image-2100\" src=\"http:\/\/kinfilter.com\/wp-content\/uploads\/2025\/12\/\u672a\u547d\u540d\u7684\u8bbe\u8ba1-38-1.jpg\" alt=\"Introduction to 2 Faucet Business Drinking Water Equipment\" width=\"600\" height=\"600\" srcset=\"https:\/\/kinfilter.com\/wp-content\/uploads\/2025\/12\/\u672a\u547d\u540d\u7684\u8bbe\u8ba1-38-1.jpg 600w, https:\/\/kinfilter.com\/wp-content\/uploads\/2025\/12\/\u672a\u547d\u540d\u7684\u8bbe\u8ba1-38-1-500x500.jpg 500w, https:\/\/kinfilter.com\/wp-content\/uploads\/2025\/12\/\u672a\u547d\u540d\u7684\u8bbe\u8ba1-38-1-300x300.jpg 300w, https:\/\/kinfilter.com\/wp-content\/uploads\/2025\/12\/\u672a\u547d\u540d\u7684\u8bbe\u8ba1-38-1-12x12.jpg 12w, https:\/\/kinfilter.com\/wp-content\/uploads\/2025\/12\/\u672a\u547d\u540d\u7684\u8bbe\u8ba1-38-1-150x150.jpg 150w, https:\/\/kinfilter.com\/wp-content\/uploads\/2025\/12\/\u672a\u547d\u540d\u7684\u8bbe\u8ba1-38-1-75x75.jpg 75w, https:\/\/kinfilter.com\/wp-content\/uploads\/2025\/12\/\u672a\u547d\u540d\u7684\u8bbe\u8ba1-38-1-480x480.jpg 480w\" sizes=\"auto, (max-width:767px) 480px, 600px\" \/><\/p>\n<\/li>\n<\/ul>","protected":false},"excerpt":{"rendered":"<p><span class=\"excerpt-hellip\"> [\u2026]<\/span><\/p>","protected":false},"featured_media":2097,"template":"","meta":[],"product_brand":[],"product_cat":[45,50,44],"product_tag":[],"class_list":{"0":"post-2080","1":"product","2":"type-product","3":"status-publish","4":"has-post-thumbnail","6":"product_cat-commercial-and-industrial-reverse-osmosis","7":"product_cat-hot-and-cold-water-dispenser","8":"product_cat-standing-water-dispenser","10":"first","11":"instock","12":"shipping-taxable","13":"product-type-simple"},"yoast_head":"<!-- This site is optimized with the Yoast SEO Premium plugin v20.5 (Yoast SEO v22.7) - https:\/\/yoast.com\/wordpress\/plugins\/seo\/ -->\n<title>Floor Standing Intelligent Water Boiler | Energy-Saving Commercial Hot Water Solution<\/title>\n<meta name=\"description\" content=\"Professional floor-standing intelligent water boiler with step-heating technology, zero-power insulation, and food-grade stainless steel tank. Ideal for offices, schools, and public places.\" \/>\n<meta name=\"robots\" content=\"index, follow, max-snippet:-1, max-image-preview:large, max-video-preview:-1\" \/>\n<link rel=\"canonical\" href=\"https:\/\/kinfilter.com\/fr\/produit\/commercial-drinking-water-equipment\/\" \/>\n<meta property=\"og:locale\" content=\"fr_FR\" \/>\n<meta property=\"og:type\" content=\"article\" \/>\n<meta property=\"og:title\" content=\"Commercial drinking water equipment\" \/>\n<meta property=\"og:description\" content=\"Professional floor-standing intelligent water boiler with step-heating technology, zero-power insulation, and food-grade stainless steel tank. Ideal for offices, schools, and public places.\" \/>\n<meta property=\"og:url\" content=\"https:\/\/kinfilter.com\/fr\/produit\/commercial-drinking-water-equipment\/\" \/>\n<meta property=\"og:site_name\" content=\"Ningbo Keyinle Technology Co., Ltd.\" \/>\n<meta property=\"article:modified_time\" content=\"2025-12-16T02:11:05+00:00\" \/>\n<meta property=\"og:image\" content=\"http:\/\/kinfilter.com\/wp-content\/uploads\/2025\/12\/\u672a\u547d\u540d\u7684\u8bbe\u8ba1-52.jpg\" \/>\n\t<meta property=\"og:image:width\" content=\"600\" \/>\n\t<meta property=\"og:image:height\" content=\"600\" \/>\n\t<meta property=\"og:image:type\" content=\"image\/jpeg\" \/>\n<meta name=\"twitter:card\" content=\"summary_large_image\" \/>\n<meta name=\"twitter:label1\" content=\"Dur\u00e9e de lecture estim\u00e9e\" \/>\n\t<meta name=\"twitter:data1\" content=\"3 minutes\" \/>\n<script type=\"application\/ld+json\" class=\"yoast-schema-graph\">{\"@context\":\"https:\/\/schema.org\",\"@graph\":[{\"@type\":\"WebPage\",\"@id\":\"https:\/\/kinfilter.com\/product\/commercial-drinking-water-equipment\/\",\"url\":\"https:\/\/kinfilter.com\/product\/commercial-drinking-water-equipment\/\",\"name\":\"Floor Standing Intelligent Water Boiler | Energy-Saving Commercial Hot Water Solution\",\"isPartOf\":{\"@id\":\"https:\/\/kinfilter.com\/#website\"},\"primaryImageOfPage\":{\"@id\":\"https:\/\/kinfilter.com\/product\/commercial-drinking-water-equipment\/#primaryimage\"},\"image\":{\"@id\":\"https:\/\/kinfilter.com\/product\/commercial-drinking-water-equipment\/#primaryimage\"},\"thumbnailUrl\":\"https:\/\/kinfilter.com\/wp-content\/uploads\/2025\/12\/\u672a\u547d\u540d\u7684\u8bbe\u8ba1-52.jpg\",\"datePublished\":\"2025-12-16T02:11:04+00:00\",\"dateModified\":\"2025-12-16T02:11:05+00:00\",\"description\":\"Professional floor-standing intelligent water boiler with step-heating technology, zero-power insulation, and food-grade stainless steel tank. Ideal for offices, schools, and public places.\",\"breadcrumb\":{\"@id\":\"https:\/\/kinfilter.com\/product\/commercial-drinking-water-equipment\/#breadcrumb\"},\"inLanguage\":\"fr-FR\",\"potentialAction\":[{\"@type\":\"ReadAction\",\"target\":[\"https:\/\/kinfilter.com\/product\/commercial-drinking-water-equipment\/\"]}]},{\"@type\":\"ImageObject\",\"inLanguage\":\"fr-FR\",\"@id\":\"https:\/\/kinfilter.com\/product\/commercial-drinking-water-equipment\/#primaryimage\",\"url\":\"https:\/\/kinfilter.com\/wp-content\/uploads\/2025\/12\/\u672a\u547d\u540d\u7684\u8bbe\u8ba1-52.jpg\",\"contentUrl\":\"https:\/\/kinfilter.com\/wp-content\/uploads\/2025\/12\/\u672a\u547d\u540d\u7684\u8bbe\u8ba1-52.jpg\",\"width\":600,\"height\":600,\"caption\":\"Commercial drinking water equipment with 4 faucets\"},{\"@type\":\"BreadcrumbList\",\"@id\":\"https:\/\/kinfilter.com\/product\/commercial-drinking-water-equipment\/#breadcrumb\",\"itemListElement\":[{\"@type\":\"ListItem\",\"position\":1,\"name\":\"Home\",\"item\":\"https:\/\/kinfilter.com\/\"},{\"@type\":\"ListItem\",\"position\":2,\"name\":\"Product\",\"item\":\"https:\/\/kinfilter.com\/product\/\"},{\"@type\":\"ListItem\",\"position\":3,\"name\":\"Commercial drinking water equipment\"}]},{\"@type\":\"WebSite\",\"@id\":\"https:\/\/kinfilter.com\/#website\",\"url\":\"https:\/\/kinfilter.com\/\",\"name\":\"Ningbo Keyinle Technology Co., Ltd.\",\"description\":\"Professional Water Purifier Manufacturer\",\"publisher\":{\"@id\":\"https:\/\/kinfilter.com\/#organization\"},\"potentialAction\":[{\"@type\":\"SearchAction\",\"target\":{\"@type\":\"EntryPoint\",\"urlTemplate\":\"https:\/\/kinfilter.com\/?s={search_term_string}\"},\"query-input\":\"required name=search_term_string\"}],\"inLanguage\":\"fr-FR\"},{\"@type\":\"Organization\",\"@id\":\"https:\/\/kinfilter.com\/#organization\",\"name\":\"Ningbo Keyinle Technology Co., Ltd.\",\"url\":\"https:\/\/kinfilter.com\/\",\"logo\":{\"@type\":\"ImageObject\",\"inLanguage\":\"fr-FR\",\"@id\":\"https:\/\/kinfilter.com\/#\/schema\/logo\/image\/\",\"url\":\"\",\"contentUrl\":\"\",\"caption\":\"Ningbo Keyinle Technology Co., Ltd.\"},\"image\":{\"@id\":\"https:\/\/kinfilter.com\/#\/schema\/logo\/image\/\"}}]}<\/script>\n<!-- \/ Yoast SEO Premium plugin. -->","yoast_head_json":{"title":"Floor Standing Intelligent Water Boiler | Energy-Saving Commercial Hot Water Solution","description":"Professional floor-standing intelligent water boiler with step-heating technology, zero-power insulation, and food-grade stainless steel tank. Ideal for offices, schools, and public places.","robots":{"index":"index","follow":"follow","max-snippet":"max-snippet:-1","max-image-preview":"max-image-preview:large","max-video-preview":"max-video-preview:-1"},"canonical":"https:\/\/kinfilter.com\/fr\/produit\/commercial-drinking-water-equipment\/","og_locale":"fr_FR","og_type":"article","og_title":"Commercial drinking water equipment","og_description":"Professional floor-standing intelligent water boiler with step-heating technology, zero-power insulation, and food-grade stainless steel tank. Ideal for offices, schools, and public places.","og_url":"https:\/\/kinfilter.com\/fr\/produit\/commercial-drinking-water-equipment\/","og_site_name":"Ningbo Keyinle Technology Co., Ltd.","article_modified_time":"2025-12-16T02:11:05+00:00","og_image":[{"width":600,"height":600,"url":"http:\/\/kinfilter.com\/wp-content\/uploads\/2025\/12\/\u672a\u547d\u540d\u7684\u8bbe\u8ba1-52.jpg","type":"image\/jpeg"}],"twitter_card":"summary_large_image","twitter_misc":{"Dur\u00e9e de lecture estim\u00e9e":"3 minutes"},"schema":{"@context":"https:\/\/schema.org","@graph":[{"@type":"WebPage","@id":"https:\/\/kinfilter.com\/product\/commercial-drinking-water-equipment\/","url":"https:\/\/kinfilter.com\/product\/commercial-drinking-water-equipment\/","name":"Floor Standing Intelligent Water Boiler | Energy-Saving Commercial Hot Water Solution","isPartOf":{"@id":"https:\/\/kinfilter.com\/#website"},"primaryImageOfPage":{"@id":"https:\/\/kinfilter.com\/product\/commercial-drinking-water-equipment\/#primaryimage"},"image":{"@id":"https:\/\/kinfilter.com\/product\/commercial-drinking-water-equipment\/#primaryimage"},"thumbnailUrl":"https:\/\/kinfilter.com\/wp-content\/uploads\/2025\/12\/\u672a\u547d\u540d\u7684\u8bbe\u8ba1-52.jpg","datePublished":"2025-12-16T02:11:04+00:00","dateModified":"2025-12-16T02:11:05+00:00","description":"Professional floor-standing intelligent water boiler with step-heating technology, zero-power insulation, and food-grade stainless steel tank. Ideal for offices, schools, and public places.","breadcrumb":{"@id":"https:\/\/kinfilter.com\/product\/commercial-drinking-water-equipment\/#breadcrumb"},"inLanguage":"fr-FR","potentialAction":[{"@type":"ReadAction","target":["https:\/\/kinfilter.com\/product\/commercial-drinking-water-equipment\/"]}]},{"@type":"ImageObject","inLanguage":"fr-FR","@id":"https:\/\/kinfilter.com\/product\/commercial-drinking-water-equipment\/#primaryimage","url":"https:\/\/kinfilter.com\/wp-content\/uploads\/2025\/12\/\u672a\u547d\u540d\u7684\u8bbe\u8ba1-52.jpg","contentUrl":"https:\/\/kinfilter.com\/wp-content\/uploads\/2025\/12\/\u672a\u547d\u540d\u7684\u8bbe\u8ba1-52.jpg","width":600,"height":600,"caption":"Commercial drinking water equipment with 4 faucets"},{"@type":"BreadcrumbList","@id":"https:\/\/kinfilter.com\/product\/commercial-drinking-water-equipment\/#breadcrumb","itemListElement":[{"@type":"ListItem","position":1,"name":"Home","item":"https:\/\/kinfilter.com\/"},{"@type":"ListItem","position":2,"name":"Product","item":"https:\/\/kinfilter.com\/product\/"},{"@type":"ListItem","position":3,"name":"Commercial drinking water equipment"}]},{"@type":"WebSite","@id":"https:\/\/kinfilter.com\/#website","url":"https:\/\/kinfilter.com\/","name":"Ningbo Keyinle Technology Co., Ltd.","description":"Professional Water Purifier Manufacturer","publisher":{"@id":"https:\/\/kinfilter.com\/#organization"},"potentialAction":[{"@type":"SearchAction","target":{"@type":"EntryPoint","urlTemplate":"https:\/\/kinfilter.com\/?s={search_term_string}"},"query-input":"required name=search_term_string"}],"inLanguage":"fr-FR"},{"@type":"Organization","@id":"https:\/\/kinfilter.com\/#organization","name":"Ningbo Keyinle Technology Co., Ltd.","url":"https:\/\/kinfilter.com\/","logo":{"@type":"ImageObject","inLanguage":"fr-FR","@id":"https:\/\/kinfilter.com\/#\/schema\/logo\/image\/","url":"","contentUrl":"","caption":"Ningbo Keyinle Technology Co., Ltd."},"image":{"@id":"https:\/\/kinfilter.com\/#\/schema\/logo\/image\/"}}]}},"_links":{"self":[{"href":"https:\/\/kinfilter.com\/fr\/wp-json\/wp\/v2\/product\/2080","targetHints":{"allow":["GET"]}}],"collection":[{"href":"https:\/\/kinfilter.com\/fr\/wp-json\/wp\/v2\/product"}],"about":[{"href":"https:\/\/kinfilter.com\/fr\/wp-json\/wp\/v2\/types\/product"}],"wp:featuredmedia":[{"embeddable":true,"href":"https:\/\/kinfilter.com\/fr\/wp-json\/wp\/v2\/media\/2097"}],"wp:attachment":[{"href":"https:\/\/kinfilter.com\/fr\/wp-json\/wp\/v2\/media?parent=2080"}],"wp:term":[{"taxonomy":"product_brand","embeddable":true,"href":"https:\/\/kinfilter.com\/fr\/wp-json\/wp\/v2\/product_brand?post=2080"},{"taxonomy":"product_cat","embeddable":true,"href":"https:\/\/kinfilter.com\/fr\/wp-json\/wp\/v2\/product_cat?post=2080"},{"taxonomy":"product_tag","embeddable":true,"href":"https:\/\/kinfilter.com\/fr\/wp-json\/wp\/v2\/product_tag?post=2080"}],"curies":[{"name":"wp","href":"https:\/\/api.w.org\/{rel}","templated":true}]}}