{"id":1852,"date":"2025-09-28T01:17:06","date_gmt":"2025-09-28T01:17:06","guid":{"rendered":"https:\/\/kinfilter.com\/?post_type=product&#038;p=1852"},"modified":"2025-10-14T11:00:19","modified_gmt":"2025-10-14T03:00:19","slug":"standing-water-dispenser-kh06","status":"publish","type":"product","link":"https:\/\/kinfilter.com\/fr\/produit\/standing-water-dispenser-kh06\/","title":{"rendered":"Distributeur d&#039;eau stagnante-KH06"},"content":{"rendered":"<p>Nous sommes fournisseur de fontaines \u00e0 eau chaude et froide. Notre fontaine sur pied utilise un syst\u00e8me de filtration par osmose inverse en cinq \u00e9tapes et propose des fonctions de chauffage et de refroidissement. Elle convient aux lieux commerciaux tels que les bureaux, les \u00e9coles et les h\u00f4pitaux. Ses avantages sont les suivants\u00a0:<\/p>\n<ol>\n<li>Affichage double du TDS (Total des Solides Dissous) pour l&#039;eau brute et l&#039;eau purifi\u00e9e, rendant visible l&#039;effet de la purification.<\/li>\n<li>La carrosserie est enti\u00e8rement r\u00e9alis\u00e9e en t\u00f4le recouverte d&#039;une peinture plastique, ce qui la rend durable, esth\u00e9tique et magnifique.<\/li>\n<li>Capacit\u00e9s optionnelles de 100G, 400G, 600G et 800G pour r\u00e9pondre \u00e0 diff\u00e9rents besoins de consommation d&#039;eau.<\/li>\n<li>Un \u00e9l\u00e9ment filtrant alcalin optionnel peut \u00eatre ajout\u00e9.<\/li>\n<li>Une fonction optionnelle d&#039;enrichissement en hydrog\u00e8ne peut \u00eatre ajout\u00e9e.<\/li>\n<li>Des services de modification personnalis\u00e9s peuvent vous \u00eatre propos\u00e9s.<\/li>\n<li>Sp\u00e9cifications du produit (choisissez entre refroidissement \u00e9lectronique et refroidissement par compresseur)\u00a0:<br \/>\n\u2013 Tension\u00a0: 220\u00a0V (110\u00a0V personnalisable)<br \/>\n\u2013 Fr\u00e9quence : 50 Hz<br \/>\n\u2013 Puissance de chauffe : 1000 W<br \/>\n\u2013 Puissance de refroidissement \u00e9lectronique\u00a0: 60\u00a0W<br \/>\n\u2013 Puissance de refroidissement du compresseur\u00a0: 120\u00a0W<br \/>\n\u2013 R\u00e9servoir d&#039;eau \u00e0 temp\u00e9rature ambiante\u00a0: 10\u00a0L<br \/>\n\u2013 R\u00e9servoir d&#039;eau chaude : 5 L<br \/>\n\u2013 R\u00e9servoir de refroidissement \u00e9lectronique\u00a0: 800\u00a0ml<br \/>\n\u2013 R\u00e9servoir de glace pour le refroidissement du compresseur\u00a0: 5\u00a0L<br \/>\n\u2013 Dimensions du produit\u00a0: L 40\u00a0cm x P 40\u00a0cm x H 145\u00a0cm<\/li>\n<\/ol>\n<p><img loading=\"lazy\" decoding=\"async\" class=\"aligncenter size-full wp-image-1855\" src=\"http:\/\/kinfilter.com\/wp-content\/uploads\/2025\/09\/Standing-water-dispenser-KH06-3.jpg\" alt=\"Features of Standing water dispenser-KH06\" width=\"600\" height=\"600\" srcset=\"https:\/\/kinfilter.com\/wp-content\/uploads\/2025\/09\/Standing-water-dispenser-KH06-3.jpg 600w, https:\/\/kinfilter.com\/wp-content\/uploads\/2025\/09\/Standing-water-dispenser-KH06-3-500x500.jpg 500w, https:\/\/kinfilter.com\/wp-content\/uploads\/2025\/09\/Standing-water-dispenser-KH06-3-300x300.jpg 300w, https:\/\/kinfilter.com\/wp-content\/uploads\/2025\/09\/Standing-water-dispenser-KH06-3-150x150.jpg 150w, https:\/\/kinfilter.com\/wp-content\/uploads\/2025\/09\/Standing-water-dispenser-KH06-3-75x75.jpg 75w, https:\/\/kinfilter.com\/wp-content\/uploads\/2025\/09\/Standing-water-dispenser-KH06-3-480x480.jpg 480w\" sizes=\"auto, (max-width:767px) 480px, 600px\" \/> <img loading=\"lazy\" decoding=\"async\" class=\"aligncenter size-full wp-image-1859\" src=\"http:\/\/kinfilter.com\/wp-content\/uploads\/2025\/09\/Standing-water-dispenser-KH06-7.jpg\" alt=\"Standing water dispenser-KH06 Dimensions\" width=\"600\" height=\"1200\" srcset=\"https:\/\/kinfilter.com\/wp-content\/uploads\/2025\/09\/Standing-water-dispenser-KH06-7.jpg 600w, https:\/\/kinfilter.com\/wp-content\/uploads\/2025\/09\/Standing-water-dispenser-KH06-7-250x500.jpg 250w, https:\/\/kinfilter.com\/wp-content\/uploads\/2025\/09\/Standing-water-dispenser-KH06-7-150x300.jpg 150w, https:\/\/kinfilter.com\/wp-content\/uploads\/2025\/09\/Standing-water-dispenser-KH06-7-38x75.jpg 38w, https:\/\/kinfilter.com\/wp-content\/uploads\/2025\/09\/Standing-water-dispenser-KH06-7-480x960.jpg 480w\" sizes=\"auto, (max-width:767px) 480px, 600px\" \/> <img loading=\"lazy\" decoding=\"async\" class=\"aligncenter size-full wp-image-1858\" src=\"http:\/\/kinfilter.com\/wp-content\/uploads\/2025\/09\/Standing-water-dispenser-KH06-6.jpg\" alt=\"Standing water dispenser-KH06 Electronic Control\" width=\"600\" height=\"600\" srcset=\"https:\/\/kinfilter.com\/wp-content\/uploads\/2025\/09\/Standing-water-dispenser-KH06-6.jpg 600w, https:\/\/kinfilter.com\/wp-content\/uploads\/2025\/09\/Standing-water-dispenser-KH06-6-500x500.jpg 500w, https:\/\/kinfilter.com\/wp-content\/uploads\/2025\/09\/Standing-water-dispenser-KH06-6-300x300.jpg 300w, https:\/\/kinfilter.com\/wp-content\/uploads\/2025\/09\/Standing-water-dispenser-KH06-6-150x150.jpg 150w, https:\/\/kinfilter.com\/wp-content\/uploads\/2025\/09\/Standing-water-dispenser-KH06-6-75x75.jpg 75w, https:\/\/kinfilter.com\/wp-content\/uploads\/2025\/09\/Standing-water-dispenser-KH06-6-480x480.jpg 480w\" sizes=\"auto, (max-width:767px) 480px, 600px\" \/> <img loading=\"lazy\" decoding=\"async\" class=\"aligncenter size-full wp-image-1857\" src=\"http:\/\/kinfilter.com\/wp-content\/uploads\/2025\/09\/Standing-water-dispenser-KH06-5.jpg\" alt=\"Standing water dispenser-KH06 Filter Cartridge\" width=\"600\" height=\"1200\" srcset=\"https:\/\/kinfilter.com\/wp-content\/uploads\/2025\/09\/Standing-water-dispenser-KH06-5.jpg 600w, https:\/\/kinfilter.com\/wp-content\/uploads\/2025\/09\/Standing-water-dispenser-KH06-5-250x500.jpg 250w, https:\/\/kinfilter.com\/wp-content\/uploads\/2025\/09\/Standing-water-dispenser-KH06-5-150x300.jpg 150w, https:\/\/kinfilter.com\/wp-content\/uploads\/2025\/09\/Standing-water-dispenser-KH06-5-38x75.jpg 38w, https:\/\/kinfilter.com\/wp-content\/uploads\/2025\/09\/Standing-water-dispenser-KH06-5-480x960.jpg 480w\" sizes=\"auto, (max-width:767px) 480px, 600px\" \/> <img loading=\"lazy\" decoding=\"async\" class=\"aligncenter size-full wp-image-1856\" src=\"http:\/\/kinfilter.com\/wp-content\/uploads\/2025\/09\/Standing-water-dispenser-KH06-4.jpg\" alt=\"Advantages of Standing water dispenser-KH06\" width=\"600\" height=\"800\" srcset=\"https:\/\/kinfilter.com\/wp-content\/uploads\/2025\/09\/Standing-water-dispenser-KH06-4.jpg 600w, https:\/\/kinfilter.com\/wp-content\/uploads\/2025\/09\/Standing-water-dispenser-KH06-4-375x500.jpg 375w, https:\/\/kinfilter.com\/wp-content\/uploads\/2025\/09\/Standing-water-dispenser-KH06-4-225x300.jpg 225w, https:\/\/kinfilter.com\/wp-content\/uploads\/2025\/09\/Standing-water-dispenser-KH06-4-56x75.jpg 56w, https:\/\/kinfilter.com\/wp-content\/uploads\/2025\/09\/Standing-water-dispenser-KH06-4-480x640.jpg 480w\" sizes=\"auto, (max-width:767px) 480px, 600px\" \/><\/p>","protected":false},"excerpt":{"rendered":"<p><span class=\"excerpt-hellip\"> [\u2026]<\/span><\/p>","protected":false},"featured_media":1853,"template":"","meta":[],"product_brand":[],"product_cat":[50,48,44],"product_tag":[],"class_list":{"0":"post-1852","1":"product","2":"type-product","3":"status-publish","4":"has-post-thumbnail","6":"product_cat-hot-and-cold-water-dispenser","7":"product_cat-hydrogen-rich-water-machine","8":"product_cat-standing-water-dispenser","10":"first","11":"instock","12":"shipping-taxable","13":"product-type-external"},"yoast_head":"<!-- This site is optimized with the Yoast SEO Premium plugin v20.5 (Yoast SEO v22.7) - https:\/\/yoast.com\/wordpress\/plugins\/seo\/ -->\n<title>Standing Water Dispenser water dispenser factory<\/title>\n<meta name=\"description\" content=\"An excellent water dispenser manufacturer offering cost-effective products, supporting customization needs, and accommodating small-batch trial production.\" \/>\n<meta name=\"robots\" content=\"index, follow, max-snippet:-1, max-image-preview:large, max-video-preview:-1\" \/>\n<link rel=\"canonical\" href=\"https:\/\/kinfilter.com\/fr\/produit\/standing-water-dispenser-kh06\/\" \/>\n<meta property=\"og:locale\" content=\"fr_FR\" \/>\n<meta property=\"og:type\" content=\"article\" \/>\n<meta property=\"og:title\" content=\"Standing Water Dispenser-KH06\" \/>\n<meta property=\"og:description\" content=\"An excellent water dispenser manufacturer offering cost-effective products, supporting customization needs, and accommodating small-batch trial production.\" \/>\n<meta property=\"og:url\" content=\"https:\/\/kinfilter.com\/fr\/produit\/standing-water-dispenser-kh06\/\" \/>\n<meta property=\"og:site_name\" content=\"Ningbo Keyinle Technology Co., Ltd.\" \/>\n<meta property=\"article:modified_time\" content=\"2025-10-14T03:00:19+00:00\" \/>\n<meta property=\"og:image\" content=\"http:\/\/kinfilter.com\/wp-content\/uploads\/2025\/09\/Standing-water-dispenser-KH06-1.jpg\" \/>\n\t<meta property=\"og:image:width\" content=\"600\" \/>\n\t<meta property=\"og:image:height\" content=\"600\" \/>\n\t<meta property=\"og:image:type\" content=\"image\/jpeg\" \/>\n<meta name=\"twitter:card\" content=\"summary_large_image\" \/>\n<meta name=\"twitter:label1\" content=\"Dur\u00e9e de lecture estim\u00e9e\" \/>\n\t<meta name=\"twitter:data1\" content=\"2 minutes\" \/>\n<script type=\"application\/ld+json\" class=\"yoast-schema-graph\">{\"@context\":\"https:\/\/schema.org\",\"@graph\":[{\"@type\":\"WebPage\",\"@id\":\"https:\/\/kinfilter.com\/product\/standing-water-dispenser-kh06\/\",\"url\":\"https:\/\/kinfilter.com\/product\/standing-water-dispenser-kh06\/\",\"name\":\"Standing Water Dispenser water dispenser factory\",\"isPartOf\":{\"@id\":\"https:\/\/kinfilter.com\/#website\"},\"primaryImageOfPage\":{\"@id\":\"https:\/\/kinfilter.com\/product\/standing-water-dispenser-kh06\/#primaryimage\"},\"image\":{\"@id\":\"https:\/\/kinfilter.com\/product\/standing-water-dispenser-kh06\/#primaryimage\"},\"thumbnailUrl\":\"https:\/\/kinfilter.com\/wp-content\/uploads\/2025\/09\/Standing-water-dispenser-KH06-1.jpg\",\"datePublished\":\"2025-09-28T01:17:06+00:00\",\"dateModified\":\"2025-10-14T03:00:19+00:00\",\"description\":\"An excellent water dispenser manufacturer offering cost-effective products, supporting customization needs, and accommodating small-batch trial production.\",\"breadcrumb\":{\"@id\":\"https:\/\/kinfilter.com\/product\/standing-water-dispenser-kh06\/#breadcrumb\"},\"inLanguage\":\"fr-FR\",\"potentialAction\":[{\"@type\":\"ReadAction\",\"target\":[\"https:\/\/kinfilter.com\/product\/standing-water-dispenser-kh06\/\"]}]},{\"@type\":\"ImageObject\",\"inLanguage\":\"fr-FR\",\"@id\":\"https:\/\/kinfilter.com\/product\/standing-water-dispenser-kh06\/#primaryimage\",\"url\":\"https:\/\/kinfilter.com\/wp-content\/uploads\/2025\/09\/Standing-water-dispenser-KH06-1.jpg\",\"contentUrl\":\"https:\/\/kinfilter.com\/wp-content\/uploads\/2025\/09\/Standing-water-dispenser-KH06-1.jpg\",\"width\":600,\"height\":600,\"caption\":\"Black Standing water dispenser-KH06 Side\"},{\"@type\":\"BreadcrumbList\",\"@id\":\"https:\/\/kinfilter.com\/product\/standing-water-dispenser-kh06\/#breadcrumb\",\"itemListElement\":[{\"@type\":\"ListItem\",\"position\":1,\"name\":\"Home\",\"item\":\"https:\/\/kinfilter.com\/\"},{\"@type\":\"ListItem\",\"position\":2,\"name\":\"Product\",\"item\":\"https:\/\/kinfilter.com\/product\/\"},{\"@type\":\"ListItem\",\"position\":3,\"name\":\"Standing Water Dispenser-KH06\"}]},{\"@type\":\"WebSite\",\"@id\":\"https:\/\/kinfilter.com\/#website\",\"url\":\"https:\/\/kinfilter.com\/\",\"name\":\"Ningbo Keyinle Technology Co., Ltd.\",\"description\":\"Professional Water Purifier Manufacturer\",\"publisher\":{\"@id\":\"https:\/\/kinfilter.com\/#organization\"},\"potentialAction\":[{\"@type\":\"SearchAction\",\"target\":{\"@type\":\"EntryPoint\",\"urlTemplate\":\"https:\/\/kinfilter.com\/?s={search_term_string}\"},\"query-input\":\"required name=search_term_string\"}],\"inLanguage\":\"fr-FR\"},{\"@type\":\"Organization\",\"@id\":\"https:\/\/kinfilter.com\/#organization\",\"name\":\"Ningbo Keyinle Technology Co., Ltd.\",\"url\":\"https:\/\/kinfilter.com\/\",\"logo\":{\"@type\":\"ImageObject\",\"inLanguage\":\"fr-FR\",\"@id\":\"https:\/\/kinfilter.com\/#\/schema\/logo\/image\/\",\"url\":\"\",\"contentUrl\":\"\",\"caption\":\"Ningbo Keyinle Technology Co., Ltd.\"},\"image\":{\"@id\":\"https:\/\/kinfilter.com\/#\/schema\/logo\/image\/\"}}]}<\/script>\n<!-- \/ Yoast SEO Premium plugin. -->","yoast_head_json":{"title":"Standing Water Dispenser water dispenser factory","description":"An excellent water dispenser manufacturer offering cost-effective products, supporting customization needs, and accommodating small-batch trial production.","robots":{"index":"index","follow":"follow","max-snippet":"max-snippet:-1","max-image-preview":"max-image-preview:large","max-video-preview":"max-video-preview:-1"},"canonical":"https:\/\/kinfilter.com\/fr\/produit\/standing-water-dispenser-kh06\/","og_locale":"fr_FR","og_type":"article","og_title":"Standing Water Dispenser-KH06","og_description":"An excellent water dispenser manufacturer offering cost-effective products, supporting customization needs, and accommodating small-batch trial production.","og_url":"https:\/\/kinfilter.com\/fr\/produit\/standing-water-dispenser-kh06\/","og_site_name":"Ningbo Keyinle Technology Co., Ltd.","article_modified_time":"2025-10-14T03:00:19+00:00","og_image":[{"width":600,"height":600,"url":"http:\/\/kinfilter.com\/wp-content\/uploads\/2025\/09\/Standing-water-dispenser-KH06-1.jpg","type":"image\/jpeg"}],"twitter_card":"summary_large_image","twitter_misc":{"Dur\u00e9e de lecture estim\u00e9e":"2 minutes"},"schema":{"@context":"https:\/\/schema.org","@graph":[{"@type":"WebPage","@id":"https:\/\/kinfilter.com\/product\/standing-water-dispenser-kh06\/","url":"https:\/\/kinfilter.com\/product\/standing-water-dispenser-kh06\/","name":"Standing Water Dispenser water dispenser factory","isPartOf":{"@id":"https:\/\/kinfilter.com\/#website"},"primaryImageOfPage":{"@id":"https:\/\/kinfilter.com\/product\/standing-water-dispenser-kh06\/#primaryimage"},"image":{"@id":"https:\/\/kinfilter.com\/product\/standing-water-dispenser-kh06\/#primaryimage"},"thumbnailUrl":"https:\/\/kinfilter.com\/wp-content\/uploads\/2025\/09\/Standing-water-dispenser-KH06-1.jpg","datePublished":"2025-09-28T01:17:06+00:00","dateModified":"2025-10-14T03:00:19+00:00","description":"An excellent water dispenser manufacturer offering cost-effective products, supporting customization needs, and accommodating small-batch trial production.","breadcrumb":{"@id":"https:\/\/kinfilter.com\/product\/standing-water-dispenser-kh06\/#breadcrumb"},"inLanguage":"fr-FR","potentialAction":[{"@type":"ReadAction","target":["https:\/\/kinfilter.com\/product\/standing-water-dispenser-kh06\/"]}]},{"@type":"ImageObject","inLanguage":"fr-FR","@id":"https:\/\/kinfilter.com\/product\/standing-water-dispenser-kh06\/#primaryimage","url":"https:\/\/kinfilter.com\/wp-content\/uploads\/2025\/09\/Standing-water-dispenser-KH06-1.jpg","contentUrl":"https:\/\/kinfilter.com\/wp-content\/uploads\/2025\/09\/Standing-water-dispenser-KH06-1.jpg","width":600,"height":600,"caption":"Black Standing water dispenser-KH06 Side"},{"@type":"BreadcrumbList","@id":"https:\/\/kinfilter.com\/product\/standing-water-dispenser-kh06\/#breadcrumb","itemListElement":[{"@type":"ListItem","position":1,"name":"Home","item":"https:\/\/kinfilter.com\/"},{"@type":"ListItem","position":2,"name":"Product","item":"https:\/\/kinfilter.com\/product\/"},{"@type":"ListItem","position":3,"name":"Standing Water Dispenser-KH06"}]},{"@type":"WebSite","@id":"https:\/\/kinfilter.com\/#website","url":"https:\/\/kinfilter.com\/","name":"Ningbo Keyinle Technology Co., Ltd.","description":"Professional Water Purifier Manufacturer","publisher":{"@id":"https:\/\/kinfilter.com\/#organization"},"potentialAction":[{"@type":"SearchAction","target":{"@type":"EntryPoint","urlTemplate":"https:\/\/kinfilter.com\/?s={search_term_string}"},"query-input":"required name=search_term_string"}],"inLanguage":"fr-FR"},{"@type":"Organization","@id":"https:\/\/kinfilter.com\/#organization","name":"Ningbo Keyinle Technology Co., Ltd.","url":"https:\/\/kinfilter.com\/","logo":{"@type":"ImageObject","inLanguage":"fr-FR","@id":"https:\/\/kinfilter.com\/#\/schema\/logo\/image\/","url":"","contentUrl":"","caption":"Ningbo Keyinle Technology Co., Ltd."},"image":{"@id":"https:\/\/kinfilter.com\/#\/schema\/logo\/image\/"}}]}},"_links":{"self":[{"href":"https:\/\/kinfilter.com\/fr\/wp-json\/wp\/v2\/product\/1852","targetHints":{"allow":["GET"]}}],"collection":[{"href":"https:\/\/kinfilter.com\/fr\/wp-json\/wp\/v2\/product"}],"about":[{"href":"https:\/\/kinfilter.com\/fr\/wp-json\/wp\/v2\/types\/product"}],"wp:featuredmedia":[{"embeddable":true,"href":"https:\/\/kinfilter.com\/fr\/wp-json\/wp\/v2\/media\/1853"}],"wp:attachment":[{"href":"https:\/\/kinfilter.com\/fr\/wp-json\/wp\/v2\/media?parent=1852"}],"wp:term":[{"taxonomy":"product_brand","embeddable":true,"href":"https:\/\/kinfilter.com\/fr\/wp-json\/wp\/v2\/product_brand?post=1852"},{"taxonomy":"product_cat","embeddable":true,"href":"https:\/\/kinfilter.com\/fr\/wp-json\/wp\/v2\/product_cat?post=1852"},{"taxonomy":"product_tag","embeddable":true,"href":"https:\/\/kinfilter.com\/fr\/wp-json\/wp\/v2\/product_tag?post=1852"}],"curies":[{"name":"wp","href":"https:\/\/api.w.org\/{rel}","templated":true}]}}