{"id":1846,"date":"2025-09-28T01:04:02","date_gmt":"2025-09-28T01:04:02","guid":{"rendered":"https:\/\/kinfilter.com\/?post_type=product&#038;p=1846"},"modified":"2025-10-14T11:03:06","modified_gmt":"2025-10-14T03:03:06","slug":"commercial-reverse-osmosis-system-le10","status":"publish","type":"product","link":"https:\/\/kinfilter.com\/fr\/produit\/commercial-reverse-osmosis-system-le10\/","title":{"rendered":"Syst\u00e8me d&#039;osmose inverse commercial LE10"},"content":{"rendered":"<p>Nous sommes un fabricant de syst\u00e8mes d&#039;osmose inverse commerciaux. Les purificateurs d&#039;eau commerciaux sont des appareils de purification d&#039;eau \u00e0 haut d\u00e9bit, g\u00e9n\u00e9ralement utilis\u00e9s dans des environnements tels que les h\u00f4pitaux, les a\u00e9roports, les \u00e9coles, les h\u00f4tels et les bureaux. Le bo\u00eetier de l&#039;appareil est trait\u00e9 par un proc\u00e9d\u00e9 de peinture au four pour une esth\u00e9tique haut de gamme et \u00e9l\u00e9gante. Son fonctionnement enti\u00e8rement automatique pr\u00e9sente les avantages suivants\u00a0:<\/p>\n<p>&nbsp;<\/p>\n<ol>\n<li>Plusieurs options disponibles : 400 GPD, 600 GPD, 800 GPD, 1200 GPD et 1600 GPD, pour r\u00e9pondre aux diff\u00e9rentes demandes de consommation d&#039;eau.<\/li>\n<li>Rapport eaux us\u00e9es de 1:1.<\/li>\n<li>Filtration en 5 \u00e9tapes avec la s\u00e9quence PP-UDF-PP-RO-T33.<\/li>\n<li>Peut servir d&#039;unit\u00e9 principale pour alimenter en eau plusieurs distributeurs d&#039;eau et configurer plusieurs points d&#039;approvisionnement en eau.<\/li>\n<\/ol>\n<p>&nbsp;<\/p>\n<p><img loading=\"lazy\" decoding=\"async\" class=\"aligncenter size-full wp-image-1848\" src=\"http:\/\/kinfilter.com\/wp-content\/uploads\/2025\/09\/Commercial-Reverse-Osmosis-2.jpg\" alt=\"Commercial Reverse Osmosis-LE10 Production Capacity\" width=\"600\" height=\"800\" srcset=\"https:\/\/kinfilter.com\/wp-content\/uploads\/2025\/09\/Commercial-Reverse-Osmosis-2.jpg 600w, https:\/\/kinfilter.com\/wp-content\/uploads\/2025\/09\/Commercial-Reverse-Osmosis-2-375x500.jpg 375w, https:\/\/kinfilter.com\/wp-content\/uploads\/2025\/09\/Commercial-Reverse-Osmosis-2-225x300.jpg 225w, https:\/\/kinfilter.com\/wp-content\/uploads\/2025\/09\/Commercial-Reverse-Osmosis-2-56x75.jpg 56w, https:\/\/kinfilter.com\/wp-content\/uploads\/2025\/09\/Commercial-Reverse-Osmosis-2-480x640.jpg 480w\" sizes=\"auto, (max-width:767px) 480px, 600px\" \/> <img loading=\"lazy\" decoding=\"async\" class=\"aligncenter size-full wp-image-1851\" src=\"http:\/\/kinfilter.com\/wp-content\/uploads\/2025\/09\/Commercial-Reverse-Osmosis-5.jpg\" alt=\"Commercial Reverse Osmosis-LE10 filter cartridge\" width=\"600\" height=\"1200\" srcset=\"https:\/\/kinfilter.com\/wp-content\/uploads\/2025\/09\/Commercial-Reverse-Osmosis-5.jpg 600w, https:\/\/kinfilter.com\/wp-content\/uploads\/2025\/09\/Commercial-Reverse-Osmosis-5-250x500.jpg 250w, https:\/\/kinfilter.com\/wp-content\/uploads\/2025\/09\/Commercial-Reverse-Osmosis-5-150x300.jpg 150w, https:\/\/kinfilter.com\/wp-content\/uploads\/2025\/09\/Commercial-Reverse-Osmosis-5-38x75.jpg 38w, https:\/\/kinfilter.com\/wp-content\/uploads\/2025\/09\/Commercial-Reverse-Osmosis-5-480x960.jpg 480w\" sizes=\"auto, (max-width:767px) 480px, 600px\" \/> <img loading=\"lazy\" decoding=\"async\" class=\"aligncenter size-full wp-image-1850\" src=\"http:\/\/kinfilter.com\/wp-content\/uploads\/2025\/09\/Commercial-Reverse-Osmosis-4.jpg\" alt=\"Dimensions of the Commercial Reverse Osmosis-LE10\" width=\"600\" height=\"800\" srcset=\"https:\/\/kinfilter.com\/wp-content\/uploads\/2025\/09\/Commercial-Reverse-Osmosis-4.jpg 600w, https:\/\/kinfilter.com\/wp-content\/uploads\/2025\/09\/Commercial-Reverse-Osmosis-4-375x500.jpg 375w, https:\/\/kinfilter.com\/wp-content\/uploads\/2025\/09\/Commercial-Reverse-Osmosis-4-225x300.jpg 225w, https:\/\/kinfilter.com\/wp-content\/uploads\/2025\/09\/Commercial-Reverse-Osmosis-4-56x75.jpg 56w, https:\/\/kinfilter.com\/wp-content\/uploads\/2025\/09\/Commercial-Reverse-Osmosis-4-480x640.jpg 480w\" sizes=\"auto, (max-width:767px) 480px, 600px\" \/> <img loading=\"lazy\" decoding=\"async\" class=\"aligncenter size-full wp-image-1849\" src=\"http:\/\/kinfilter.com\/wp-content\/uploads\/2025\/09\/Commercial-Reverse-Osmosis-3.jpg\" alt=\"The interior of the Commercial Reverse Osmosis-LE10\" width=\"600\" height=\"800\" srcset=\"https:\/\/kinfilter.com\/wp-content\/uploads\/2025\/09\/Commercial-Reverse-Osmosis-3.jpg 600w, https:\/\/kinfilter.com\/wp-content\/uploads\/2025\/09\/Commercial-Reverse-Osmosis-3-375x500.jpg 375w, https:\/\/kinfilter.com\/wp-content\/uploads\/2025\/09\/Commercial-Reverse-Osmosis-3-225x300.jpg 225w, https:\/\/kinfilter.com\/wp-content\/uploads\/2025\/09\/Commercial-Reverse-Osmosis-3-56x75.jpg 56w, https:\/\/kinfilter.com\/wp-content\/uploads\/2025\/09\/Commercial-Reverse-Osmosis-3-480x640.jpg 480w\" sizes=\"auto, (max-width:767px) 480px, 600px\" \/><\/p>","protected":false},"excerpt":{"rendered":"<p><span class=\"excerpt-hellip\"> [\u2026]<\/span><\/p>","protected":false},"featured_media":1847,"template":"","meta":[],"product_brand":[],"product_cat":[45],"product_tag":[],"class_list":{"0":"post-1846","1":"product","2":"type-product","3":"status-publish","4":"has-post-thumbnail","6":"product_cat-commercial-and-industrial-reverse-osmosis","8":"first","9":"instock","10":"shipping-taxable","11":"product-type-external"},"yoast_head":"<!-- This site is optimized with the Yoast SEO Premium plugin v20.5 (Yoast SEO v22.7) - https:\/\/yoast.com\/wordpress\/plugins\/seo\/ -->\n<title>commercial reverse osmosis system manufacturer<\/title>\n<meta name=\"description\" content=\"An excellent commercial reverse osmosis system manufacture offering cost-effective products, supporting customization needs,\" \/>\n<meta name=\"robots\" content=\"index, follow, max-snippet:-1, max-image-preview:large, max-video-preview:-1\" \/>\n<link rel=\"canonical\" href=\"https:\/\/kinfilter.com\/fr\/produit\/commercial-reverse-osmosis-system-le10\/\" \/>\n<meta property=\"og:locale\" content=\"fr_FR\" \/>\n<meta property=\"og:type\" content=\"article\" \/>\n<meta property=\"og:title\" content=\"Commercial Reverse Osmosis System LE10\" \/>\n<meta property=\"og:description\" content=\"An excellent commercial reverse osmosis system manufacture offering cost-effective products, supporting customization needs,\" \/>\n<meta property=\"og:url\" content=\"https:\/\/kinfilter.com\/fr\/produit\/commercial-reverse-osmosis-system-le10\/\" \/>\n<meta property=\"og:site_name\" content=\"Ningbo Keyinle Technology Co., Ltd.\" \/>\n<meta property=\"article:modified_time\" content=\"2025-10-14T03:03:06+00:00\" \/>\n<meta property=\"og:image\" content=\"http:\/\/kinfilter.com\/wp-content\/uploads\/2025\/09\/Commercial-Reverse-Osmosis-1.jpg\" \/>\n\t<meta property=\"og:image:width\" content=\"600\" \/>\n\t<meta property=\"og:image:height\" content=\"600\" \/>\n\t<meta property=\"og:image:type\" content=\"image\/jpeg\" \/>\n<meta name=\"twitter:card\" content=\"summary_large_image\" \/>\n<meta name=\"twitter:label1\" content=\"Dur\u00e9e de lecture estim\u00e9e\" \/>\n\t<meta name=\"twitter:data1\" content=\"2 minutes\" \/>\n<script type=\"application\/ld+json\" class=\"yoast-schema-graph\">{\"@context\":\"https:\/\/schema.org\",\"@graph\":[{\"@type\":\"WebPage\",\"@id\":\"https:\/\/kinfilter.com\/product\/commercial-reverse-osmosis-system-le10\/\",\"url\":\"https:\/\/kinfilter.com\/product\/commercial-reverse-osmosis-system-le10\/\",\"name\":\"commercial reverse osmosis system manufacturer\",\"isPartOf\":{\"@id\":\"https:\/\/kinfilter.com\/#website\"},\"primaryImageOfPage\":{\"@id\":\"https:\/\/kinfilter.com\/product\/commercial-reverse-osmosis-system-le10\/#primaryimage\"},\"image\":{\"@id\":\"https:\/\/kinfilter.com\/product\/commercial-reverse-osmosis-system-le10\/#primaryimage\"},\"thumbnailUrl\":\"https:\/\/kinfilter.com\/wp-content\/uploads\/2025\/09\/Commercial-Reverse-Osmosis-1.jpg\",\"datePublished\":\"2025-09-28T01:04:02+00:00\",\"dateModified\":\"2025-10-14T03:03:06+00:00\",\"description\":\"An excellent commercial reverse osmosis system manufacture offering cost-effective products, supporting customization needs,\",\"breadcrumb\":{\"@id\":\"https:\/\/kinfilter.com\/product\/commercial-reverse-osmosis-system-le10\/#breadcrumb\"},\"inLanguage\":\"fr-FR\",\"potentialAction\":[{\"@type\":\"ReadAction\",\"target\":[\"https:\/\/kinfilter.com\/product\/commercial-reverse-osmosis-system-le10\/\"]}]},{\"@type\":\"ImageObject\",\"inLanguage\":\"fr-FR\",\"@id\":\"https:\/\/kinfilter.com\/product\/commercial-reverse-osmosis-system-le10\/#primaryimage\",\"url\":\"https:\/\/kinfilter.com\/wp-content\/uploads\/2025\/09\/Commercial-Reverse-Osmosis-1.jpg\",\"contentUrl\":\"https:\/\/kinfilter.com\/wp-content\/uploads\/2025\/09\/Commercial-Reverse-Osmosis-1.jpg\",\"width\":600,\"height\":600,\"caption\":\"Side of the Commercial Reverse Osmosis-LE10\"},{\"@type\":\"BreadcrumbList\",\"@id\":\"https:\/\/kinfilter.com\/product\/commercial-reverse-osmosis-system-le10\/#breadcrumb\",\"itemListElement\":[{\"@type\":\"ListItem\",\"position\":1,\"name\":\"Home\",\"item\":\"https:\/\/kinfilter.com\/\"},{\"@type\":\"ListItem\",\"position\":2,\"name\":\"Product\",\"item\":\"https:\/\/kinfilter.com\/product\/\"},{\"@type\":\"ListItem\",\"position\":3,\"name\":\"Commercial Reverse Osmosis System LE10\"}]},{\"@type\":\"WebSite\",\"@id\":\"https:\/\/kinfilter.com\/#website\",\"url\":\"https:\/\/kinfilter.com\/\",\"name\":\"Ningbo Keyinle Technology Co., Ltd.\",\"description\":\"Professional Water Purifier Manufacturer\",\"publisher\":{\"@id\":\"https:\/\/kinfilter.com\/#organization\"},\"potentialAction\":[{\"@type\":\"SearchAction\",\"target\":{\"@type\":\"EntryPoint\",\"urlTemplate\":\"https:\/\/kinfilter.com\/?s={search_term_string}\"},\"query-input\":\"required name=search_term_string\"}],\"inLanguage\":\"fr-FR\"},{\"@type\":\"Organization\",\"@id\":\"https:\/\/kinfilter.com\/#organization\",\"name\":\"Ningbo Keyinle Technology Co., Ltd.\",\"url\":\"https:\/\/kinfilter.com\/\",\"logo\":{\"@type\":\"ImageObject\",\"inLanguage\":\"fr-FR\",\"@id\":\"https:\/\/kinfilter.com\/#\/schema\/logo\/image\/\",\"url\":\"\",\"contentUrl\":\"\",\"caption\":\"Ningbo Keyinle Technology Co., Ltd.\"},\"image\":{\"@id\":\"https:\/\/kinfilter.com\/#\/schema\/logo\/image\/\"}}]}<\/script>\n<!-- \/ Yoast SEO Premium plugin. -->","yoast_head_json":{"title":"commercial reverse osmosis system manufacturer","description":"An excellent commercial reverse osmosis system manufacture offering cost-effective products, supporting customization needs,","robots":{"index":"index","follow":"follow","max-snippet":"max-snippet:-1","max-image-preview":"max-image-preview:large","max-video-preview":"max-video-preview:-1"},"canonical":"https:\/\/kinfilter.com\/fr\/produit\/commercial-reverse-osmosis-system-le10\/","og_locale":"fr_FR","og_type":"article","og_title":"Commercial Reverse Osmosis System LE10","og_description":"An excellent commercial reverse osmosis system manufacture offering cost-effective products, supporting customization needs,","og_url":"https:\/\/kinfilter.com\/fr\/produit\/commercial-reverse-osmosis-system-le10\/","og_site_name":"Ningbo Keyinle Technology Co., Ltd.","article_modified_time":"2025-10-14T03:03:06+00:00","og_image":[{"width":600,"height":600,"url":"http:\/\/kinfilter.com\/wp-content\/uploads\/2025\/09\/Commercial-Reverse-Osmosis-1.jpg","type":"image\/jpeg"}],"twitter_card":"summary_large_image","twitter_misc":{"Dur\u00e9e de lecture estim\u00e9e":"2 minutes"},"schema":{"@context":"https:\/\/schema.org","@graph":[{"@type":"WebPage","@id":"https:\/\/kinfilter.com\/product\/commercial-reverse-osmosis-system-le10\/","url":"https:\/\/kinfilter.com\/product\/commercial-reverse-osmosis-system-le10\/","name":"commercial reverse osmosis system manufacturer","isPartOf":{"@id":"https:\/\/kinfilter.com\/#website"},"primaryImageOfPage":{"@id":"https:\/\/kinfilter.com\/product\/commercial-reverse-osmosis-system-le10\/#primaryimage"},"image":{"@id":"https:\/\/kinfilter.com\/product\/commercial-reverse-osmosis-system-le10\/#primaryimage"},"thumbnailUrl":"https:\/\/kinfilter.com\/wp-content\/uploads\/2025\/09\/Commercial-Reverse-Osmosis-1.jpg","datePublished":"2025-09-28T01:04:02+00:00","dateModified":"2025-10-14T03:03:06+00:00","description":"An excellent commercial reverse osmosis system manufacture offering cost-effective products, supporting customization needs,","breadcrumb":{"@id":"https:\/\/kinfilter.com\/product\/commercial-reverse-osmosis-system-le10\/#breadcrumb"},"inLanguage":"fr-FR","potentialAction":[{"@type":"ReadAction","target":["https:\/\/kinfilter.com\/product\/commercial-reverse-osmosis-system-le10\/"]}]},{"@type":"ImageObject","inLanguage":"fr-FR","@id":"https:\/\/kinfilter.com\/product\/commercial-reverse-osmosis-system-le10\/#primaryimage","url":"https:\/\/kinfilter.com\/wp-content\/uploads\/2025\/09\/Commercial-Reverse-Osmosis-1.jpg","contentUrl":"https:\/\/kinfilter.com\/wp-content\/uploads\/2025\/09\/Commercial-Reverse-Osmosis-1.jpg","width":600,"height":600,"caption":"Side of the Commercial Reverse Osmosis-LE10"},{"@type":"BreadcrumbList","@id":"https:\/\/kinfilter.com\/product\/commercial-reverse-osmosis-system-le10\/#breadcrumb","itemListElement":[{"@type":"ListItem","position":1,"name":"Home","item":"https:\/\/kinfilter.com\/"},{"@type":"ListItem","position":2,"name":"Product","item":"https:\/\/kinfilter.com\/product\/"},{"@type":"ListItem","position":3,"name":"Commercial Reverse Osmosis System LE10"}]},{"@type":"WebSite","@id":"https:\/\/kinfilter.com\/#website","url":"https:\/\/kinfilter.com\/","name":"Ningbo Keyinle Technology Co., Ltd.","description":"Professional Water Purifier Manufacturer","publisher":{"@id":"https:\/\/kinfilter.com\/#organization"},"potentialAction":[{"@type":"SearchAction","target":{"@type":"EntryPoint","urlTemplate":"https:\/\/kinfilter.com\/?s={search_term_string}"},"query-input":"required name=search_term_string"}],"inLanguage":"fr-FR"},{"@type":"Organization","@id":"https:\/\/kinfilter.com\/#organization","name":"Ningbo Keyinle Technology Co., Ltd.","url":"https:\/\/kinfilter.com\/","logo":{"@type":"ImageObject","inLanguage":"fr-FR","@id":"https:\/\/kinfilter.com\/#\/schema\/logo\/image\/","url":"","contentUrl":"","caption":"Ningbo Keyinle Technology Co., Ltd."},"image":{"@id":"https:\/\/kinfilter.com\/#\/schema\/logo\/image\/"}}]}},"_links":{"self":[{"href":"https:\/\/kinfilter.com\/fr\/wp-json\/wp\/v2\/product\/1846","targetHints":{"allow":["GET"]}}],"collection":[{"href":"https:\/\/kinfilter.com\/fr\/wp-json\/wp\/v2\/product"}],"about":[{"href":"https:\/\/kinfilter.com\/fr\/wp-json\/wp\/v2\/types\/product"}],"wp:featuredmedia":[{"embeddable":true,"href":"https:\/\/kinfilter.com\/fr\/wp-json\/wp\/v2\/media\/1847"}],"wp:attachment":[{"href":"https:\/\/kinfilter.com\/fr\/wp-json\/wp\/v2\/media?parent=1846"}],"wp:term":[{"taxonomy":"product_brand","embeddable":true,"href":"https:\/\/kinfilter.com\/fr\/wp-json\/wp\/v2\/product_brand?post=1846"},{"taxonomy":"product_cat","embeddable":true,"href":"https:\/\/kinfilter.com\/fr\/wp-json\/wp\/v2\/product_cat?post=1846"},{"taxonomy":"product_tag","embeddable":true,"href":"https:\/\/kinfilter.com\/fr\/wp-json\/wp\/v2\/product_tag?post=1846"}],"curies":[{"name":"wp","href":"https:\/\/api.w.org\/{rel}","templated":true}]}}