{"id":1838,"date":"2025-09-27T12:05:19","date_gmt":"2025-09-27T12:05:19","guid":{"rendered":"https:\/\/kinfilter.com\/?post_type=product&#038;p=1838"},"modified":"2025-10-14T11:06:19","modified_gmt":"2025-10-14T03:06:19","slug":"light-commercial-reverse-osmosis-system-le9","status":"publish","type":"product","link":"https:\/\/kinfilter.com\/fr\/produit\/light-commercial-reverse-osmosis-system-le9\/","title":{"rendered":"Syst\u00e8me d&#039;osmose inverse commercial l\u00e9ger LE9"},"content":{"rendered":"<p>Nous sommes fabricants de syst\u00e8mes d&#039;osmose inverse commerciaux. Notre syst\u00e8me d&#039;osmose inverse semi-commercial est un purificateur d&#039;eau compact \u00e0 haut d\u00e9bit. Il utilise la technologie de filtration par osmose inverse et est \u00e9quip\u00e9 d&#039;un filtre \u00e0 4 \u00e9tapes. Il convient aux cuisines, salons de th\u00e9, \u00e9coles, h\u00f4tels, bureaux et autres \u00e9tablissements.<\/p>\n<p>&nbsp;<\/p>\n<p>Ses principaux avantages sont les suivants\u00a0:<\/p>\n<p>&nbsp;<\/p>\n<ol>\n<li>Gain de place : Gr\u00e2ce \u00e0 sa petite taille, il ne prend pas beaucoup de place lors de l&#039;installation et convient \u00e0 l&#039;am\u00e9nagement de divers espaces.<\/li>\n<li>D\u00e9bit d&#039;eau important : La capacit\u00e9 de production d&#039;eau atteint 800 gallons et elle peut produire 2 litres d&#039;eau par minute, r\u00e9pondant ainsi aux besoins en eau de plusieurs personnes simultan\u00e9ment.<\/li>\n<li>Eau potable fra\u00eeche et directe : ce syst\u00e8me favorise la production sur site et la consommation imm\u00e9diate, garantissant que chaque verre d&#039;eau est compos\u00e9 d&#039;eau courante fra\u00eeche et \u00e9vitant toute pollution secondaire.<\/li>\n<li>Filtration en profondeur en 4 \u00e9tapes : Le processus de filtration est le suivant : coton PP \u2192 charbon actif CTO \u2192 membrane d&#039;osmose inverse RO \u2192 charbon actif post-positionn\u00e9 T33, qui purifie la qualit\u00e9 de l&#039;eau couche par couche.<\/li>\n<li>\u00c9conomies d&#039;eau efficaces : Le rapport entre l&#039;eau pure et les eaux us\u00e9es est de 1:1, ce qui r\u00e9duit le gaspillage d&#039;eau et diminue les co\u00fbts d&#039;exploitation.<\/li>\n<\/ol>\n<p>&nbsp;<\/p>\n<p><img loading=\"lazy\" decoding=\"async\" class=\"aligncenter size-full wp-image-1840\" src=\"http:\/\/kinfilter.com\/wp-content\/uploads\/2025\/09\/light-commercial-reverse-osmosis-system2.jpg\" alt=\"light commercial reverse osmosis system-LE9 Flow Rate\" width=\"600\" height=\"600\" srcset=\"https:\/\/kinfilter.com\/wp-content\/uploads\/2025\/09\/light-commercial-reverse-osmosis-system2.jpg 600w, https:\/\/kinfilter.com\/wp-content\/uploads\/2025\/09\/light-commercial-reverse-osmosis-system2-500x500.jpg 500w, https:\/\/kinfilter.com\/wp-content\/uploads\/2025\/09\/light-commercial-reverse-osmosis-system2-300x300.jpg 300w, https:\/\/kinfilter.com\/wp-content\/uploads\/2025\/09\/light-commercial-reverse-osmosis-system2-150x150.jpg 150w, https:\/\/kinfilter.com\/wp-content\/uploads\/2025\/09\/light-commercial-reverse-osmosis-system2-75x75.jpg 75w, https:\/\/kinfilter.com\/wp-content\/uploads\/2025\/09\/light-commercial-reverse-osmosis-system2-480x480.jpg 480w\" sizes=\"auto, (max-width:767px) 480px, 600px\" \/> <img loading=\"lazy\" decoding=\"async\" class=\"aligncenter size-full wp-image-1845\" src=\"http:\/\/kinfilter.com\/wp-content\/uploads\/2025\/09\/light-commercial-reverse-osmosis-system-7.jpg\" alt=\"Suitable scenarios for light commercial reverse osmosis system-LE9\" width=\"600\" height=\"600\" srcset=\"https:\/\/kinfilter.com\/wp-content\/uploads\/2025\/09\/light-commercial-reverse-osmosis-system-7.jpg 600w, https:\/\/kinfilter.com\/wp-content\/uploads\/2025\/09\/light-commercial-reverse-osmosis-system-7-500x500.jpg 500w, https:\/\/kinfilter.com\/wp-content\/uploads\/2025\/09\/light-commercial-reverse-osmosis-system-7-300x300.jpg 300w, https:\/\/kinfilter.com\/wp-content\/uploads\/2025\/09\/light-commercial-reverse-osmosis-system-7-150x150.jpg 150w, https:\/\/kinfilter.com\/wp-content\/uploads\/2025\/09\/light-commercial-reverse-osmosis-system-7-75x75.jpg 75w, https:\/\/kinfilter.com\/wp-content\/uploads\/2025\/09\/light-commercial-reverse-osmosis-system-7-480x480.jpg 480w\" sizes=\"auto, (max-width:767px) 480px, 600px\" \/> <img loading=\"lazy\" decoding=\"async\" class=\"aligncenter size-full wp-image-1844\" src=\"http:\/\/kinfilter.com\/wp-content\/uploads\/2025\/09\/light-commercial-reverse-osmosis-system-6.jpg\" alt=\"light commercial reverse osmosis system LE9 filter cartridge\" width=\"600\" height=\"600\" srcset=\"https:\/\/kinfilter.com\/wp-content\/uploads\/2025\/09\/light-commercial-reverse-osmosis-system-6.jpg 600w, https:\/\/kinfilter.com\/wp-content\/uploads\/2025\/09\/light-commercial-reverse-osmosis-system-6-500x500.jpg 500w, https:\/\/kinfilter.com\/wp-content\/uploads\/2025\/09\/light-commercial-reverse-osmosis-system-6-300x300.jpg 300w, https:\/\/kinfilter.com\/wp-content\/uploads\/2025\/09\/light-commercial-reverse-osmosis-system-6-150x150.jpg 150w, https:\/\/kinfilter.com\/wp-content\/uploads\/2025\/09\/light-commercial-reverse-osmosis-system-6-75x75.jpg 75w, https:\/\/kinfilter.com\/wp-content\/uploads\/2025\/09\/light-commercial-reverse-osmosis-system-6-480x480.jpg 480w\" sizes=\"auto, (max-width:767px) 480px, 600px\" \/> <img loading=\"lazy\" decoding=\"async\" class=\"aligncenter size-full wp-image-1843\" src=\"http:\/\/kinfilter.com\/wp-content\/uploads\/2025\/09\/light-commercial-reverse-osmosis-system-5.jpg\" alt=\"light commercial reverse osmosis system LE9 Specifications\" width=\"600\" height=\"600\" srcset=\"https:\/\/kinfilter.com\/wp-content\/uploads\/2025\/09\/light-commercial-reverse-osmosis-system-5.jpg 600w, https:\/\/kinfilter.com\/wp-content\/uploads\/2025\/09\/light-commercial-reverse-osmosis-system-5-500x500.jpg 500w, https:\/\/kinfilter.com\/wp-content\/uploads\/2025\/09\/light-commercial-reverse-osmosis-system-5-300x300.jpg 300w, https:\/\/kinfilter.com\/wp-content\/uploads\/2025\/09\/light-commercial-reverse-osmosis-system-5-150x150.jpg 150w, https:\/\/kinfilter.com\/wp-content\/uploads\/2025\/09\/light-commercial-reverse-osmosis-system-5-75x75.jpg 75w, https:\/\/kinfilter.com\/wp-content\/uploads\/2025\/09\/light-commercial-reverse-osmosis-system-5-480x480.jpg 480w\" sizes=\"auto, (max-width:767px) 480px, 600px\" \/> <img loading=\"lazy\" decoding=\"async\" class=\"aligncenter size-full wp-image-1842\" src=\"http:\/\/kinfilter.com\/wp-content\/uploads\/2025\/09\/light-commercial-reverse-osmosis-system-4.jpg\" alt=\"Water-saving performance of light commercial reverse osmosis system LE9\" width=\"600\" height=\"600\" srcset=\"https:\/\/kinfilter.com\/wp-content\/uploads\/2025\/09\/light-commercial-reverse-osmosis-system-4.jpg 600w, https:\/\/kinfilter.com\/wp-content\/uploads\/2025\/09\/light-commercial-reverse-osmosis-system-4-500x500.jpg 500w, https:\/\/kinfilter.com\/wp-content\/uploads\/2025\/09\/light-commercial-reverse-osmosis-system-4-300x300.jpg 300w, https:\/\/kinfilter.com\/wp-content\/uploads\/2025\/09\/light-commercial-reverse-osmosis-system-4-150x150.jpg 150w, https:\/\/kinfilter.com\/wp-content\/uploads\/2025\/09\/light-commercial-reverse-osmosis-system-4-75x75.jpg 75w, https:\/\/kinfilter.com\/wp-content\/uploads\/2025\/09\/light-commercial-reverse-osmosis-system-4-480x480.jpg 480w\" sizes=\"auto, (max-width:767px) 480px, 600px\" \/> <img loading=\"lazy\" decoding=\"async\" class=\"aligncenter size-full wp-image-1841\" src=\"http:\/\/kinfilter.com\/wp-content\/uploads\/2025\/09\/light-commercial-reverse-osmosis-system3.jpg\" alt=\"Features of light commercial reverse osmosis system LE9\" width=\"600\" height=\"600\" srcset=\"https:\/\/kinfilter.com\/wp-content\/uploads\/2025\/09\/light-commercial-reverse-osmosis-system3.jpg 600w, https:\/\/kinfilter.com\/wp-content\/uploads\/2025\/09\/light-commercial-reverse-osmosis-system3-500x500.jpg 500w, https:\/\/kinfilter.com\/wp-content\/uploads\/2025\/09\/light-commercial-reverse-osmosis-system3-300x300.jpg 300w, https:\/\/kinfilter.com\/wp-content\/uploads\/2025\/09\/light-commercial-reverse-osmosis-system3-150x150.jpg 150w, https:\/\/kinfilter.com\/wp-content\/uploads\/2025\/09\/light-commercial-reverse-osmosis-system3-75x75.jpg 75w, https:\/\/kinfilter.com\/wp-content\/uploads\/2025\/09\/light-commercial-reverse-osmosis-system3-480x480.jpg 480w\" sizes=\"auto, (max-width:767px) 480px, 600px\" \/><\/p>","protected":false},"excerpt":{"rendered":"<p><span class=\"excerpt-hellip\"> [\u2026]<\/span><\/p>","protected":false},"featured_media":1839,"template":"","meta":[],"product_brand":[],"product_cat":[45],"product_tag":[],"class_list":{"0":"post-1838","1":"product","2":"type-product","3":"status-publish","4":"has-post-thumbnail","6":"product_cat-commercial-and-industrial-reverse-osmosis","8":"first","9":"instock","10":"shipping-taxable","11":"product-type-external"},"yoast_head":"<!-- This site is optimized with the Yoast SEO Premium plugin v20.5 (Yoast SEO v22.7) - https:\/\/yoast.com\/wordpress\/plugins\/seo\/ -->\n<title>commercial reverse osmosis system manufacturer<\/title>\n<meta name=\"description\" content=\"An excellent commercial reverse osmosis system manufacturer offering cost-effective products, accommodating small-batch trial production.\" \/>\n<meta name=\"robots\" content=\"index, follow, max-snippet:-1, max-image-preview:large, max-video-preview:-1\" \/>\n<link rel=\"canonical\" href=\"https:\/\/kinfilter.com\/fr\/produit\/light-commercial-reverse-osmosis-system-le9\/\" \/>\n<meta property=\"og:locale\" content=\"fr_FR\" \/>\n<meta property=\"og:type\" content=\"article\" \/>\n<meta property=\"og:title\" content=\"Light Commercial Reverse Osmosis System LE9\" \/>\n<meta property=\"og:description\" content=\"An excellent commercial reverse osmosis system manufacturer offering cost-effective products, accommodating small-batch trial production.\" \/>\n<meta property=\"og:url\" content=\"https:\/\/kinfilter.com\/fr\/produit\/light-commercial-reverse-osmosis-system-le9\/\" \/>\n<meta property=\"og:site_name\" content=\"Ningbo Keyinle Technology Co., Ltd.\" \/>\n<meta property=\"article:modified_time\" content=\"2025-10-14T03:06:19+00:00\" \/>\n<meta property=\"og:image\" content=\"http:\/\/kinfilter.com\/wp-content\/uploads\/2025\/09\/light-commercial-reverse-osmosis-system1.jpg\" \/>\n\t<meta property=\"og:image:width\" content=\"600\" \/>\n\t<meta property=\"og:image:height\" content=\"600\" \/>\n\t<meta property=\"og:image:type\" content=\"image\/jpeg\" \/>\n<meta name=\"twitter:card\" content=\"summary_large_image\" \/>\n<meta name=\"twitter:label1\" content=\"Dur\u00e9e de lecture estim\u00e9e\" \/>\n\t<meta name=\"twitter:data1\" content=\"3 minutes\" \/>\n<script type=\"application\/ld+json\" class=\"yoast-schema-graph\">{\"@context\":\"https:\/\/schema.org\",\"@graph\":[{\"@type\":\"WebPage\",\"@id\":\"https:\/\/kinfilter.com\/product\/light-commercial-reverse-osmosis-system-le9\/\",\"url\":\"https:\/\/kinfilter.com\/product\/light-commercial-reverse-osmosis-system-le9\/\",\"name\":\"commercial reverse osmosis system manufacturer\",\"isPartOf\":{\"@id\":\"https:\/\/kinfilter.com\/#website\"},\"primaryImageOfPage\":{\"@id\":\"https:\/\/kinfilter.com\/product\/light-commercial-reverse-osmosis-system-le9\/#primaryimage\"},\"image\":{\"@id\":\"https:\/\/kinfilter.com\/product\/light-commercial-reverse-osmosis-system-le9\/#primaryimage\"},\"thumbnailUrl\":\"https:\/\/kinfilter.com\/wp-content\/uploads\/2025\/09\/light-commercial-reverse-osmosis-system1.jpg\",\"datePublished\":\"2025-09-27T12:05:19+00:00\",\"dateModified\":\"2025-10-14T03:06:19+00:00\",\"description\":\"An excellent commercial reverse osmosis system manufacturer offering cost-effective products, accommodating small-batch trial production.\",\"breadcrumb\":{\"@id\":\"https:\/\/kinfilter.com\/product\/light-commercial-reverse-osmosis-system-le9\/#breadcrumb\"},\"inLanguage\":\"fr-FR\",\"potentialAction\":[{\"@type\":\"ReadAction\",\"target\":[\"https:\/\/kinfilter.com\/product\/light-commercial-reverse-osmosis-system-le9\/\"]}]},{\"@type\":\"ImageObject\",\"inLanguage\":\"fr-FR\",\"@id\":\"https:\/\/kinfilter.com\/product\/light-commercial-reverse-osmosis-system-le9\/#primaryimage\",\"url\":\"https:\/\/kinfilter.com\/wp-content\/uploads\/2025\/09\/light-commercial-reverse-osmosis-system1.jpg\",\"contentUrl\":\"https:\/\/kinfilter.com\/wp-content\/uploads\/2025\/09\/light-commercial-reverse-osmosis-system1.jpg\",\"width\":600,\"height\":600,\"caption\":\"Front of light commercial reverse osmosis system LE9\"},{\"@type\":\"BreadcrumbList\",\"@id\":\"https:\/\/kinfilter.com\/product\/light-commercial-reverse-osmosis-system-le9\/#breadcrumb\",\"itemListElement\":[{\"@type\":\"ListItem\",\"position\":1,\"name\":\"Home\",\"item\":\"https:\/\/kinfilter.com\/\"},{\"@type\":\"ListItem\",\"position\":2,\"name\":\"Product\",\"item\":\"https:\/\/kinfilter.com\/product\/\"},{\"@type\":\"ListItem\",\"position\":3,\"name\":\"Light Commercial Reverse Osmosis System LE9\"}]},{\"@type\":\"WebSite\",\"@id\":\"https:\/\/kinfilter.com\/#website\",\"url\":\"https:\/\/kinfilter.com\/\",\"name\":\"Ningbo Keyinle Technology Co., Ltd.\",\"description\":\"Professional Water Purifier Manufacturer\",\"publisher\":{\"@id\":\"https:\/\/kinfilter.com\/#organization\"},\"potentialAction\":[{\"@type\":\"SearchAction\",\"target\":{\"@type\":\"EntryPoint\",\"urlTemplate\":\"https:\/\/kinfilter.com\/?s={search_term_string}\"},\"query-input\":\"required name=search_term_string\"}],\"inLanguage\":\"fr-FR\"},{\"@type\":\"Organization\",\"@id\":\"https:\/\/kinfilter.com\/#organization\",\"name\":\"Ningbo Keyinle Technology Co., Ltd.\",\"url\":\"https:\/\/kinfilter.com\/\",\"logo\":{\"@type\":\"ImageObject\",\"inLanguage\":\"fr-FR\",\"@id\":\"https:\/\/kinfilter.com\/#\/schema\/logo\/image\/\",\"url\":\"\",\"contentUrl\":\"\",\"caption\":\"Ningbo Keyinle Technology Co., Ltd.\"},\"image\":{\"@id\":\"https:\/\/kinfilter.com\/#\/schema\/logo\/image\/\"}}]}<\/script>\n<!-- \/ Yoast SEO Premium plugin. -->","yoast_head_json":{"title":"commercial reverse osmosis system manufacturer","description":"An excellent commercial reverse osmosis system manufacturer offering cost-effective products, accommodating small-batch trial production.","robots":{"index":"index","follow":"follow","max-snippet":"max-snippet:-1","max-image-preview":"max-image-preview:large","max-video-preview":"max-video-preview:-1"},"canonical":"https:\/\/kinfilter.com\/fr\/produit\/light-commercial-reverse-osmosis-system-le9\/","og_locale":"fr_FR","og_type":"article","og_title":"Light Commercial Reverse Osmosis System LE9","og_description":"An excellent commercial reverse osmosis system manufacturer offering cost-effective products, accommodating small-batch trial production.","og_url":"https:\/\/kinfilter.com\/fr\/produit\/light-commercial-reverse-osmosis-system-le9\/","og_site_name":"Ningbo Keyinle Technology Co., Ltd.","article_modified_time":"2025-10-14T03:06:19+00:00","og_image":[{"width":600,"height":600,"url":"http:\/\/kinfilter.com\/wp-content\/uploads\/2025\/09\/light-commercial-reverse-osmosis-system1.jpg","type":"image\/jpeg"}],"twitter_card":"summary_large_image","twitter_misc":{"Dur\u00e9e de lecture estim\u00e9e":"3 minutes"},"schema":{"@context":"https:\/\/schema.org","@graph":[{"@type":"WebPage","@id":"https:\/\/kinfilter.com\/product\/light-commercial-reverse-osmosis-system-le9\/","url":"https:\/\/kinfilter.com\/product\/light-commercial-reverse-osmosis-system-le9\/","name":"commercial reverse osmosis system manufacturer","isPartOf":{"@id":"https:\/\/kinfilter.com\/#website"},"primaryImageOfPage":{"@id":"https:\/\/kinfilter.com\/product\/light-commercial-reverse-osmosis-system-le9\/#primaryimage"},"image":{"@id":"https:\/\/kinfilter.com\/product\/light-commercial-reverse-osmosis-system-le9\/#primaryimage"},"thumbnailUrl":"https:\/\/kinfilter.com\/wp-content\/uploads\/2025\/09\/light-commercial-reverse-osmosis-system1.jpg","datePublished":"2025-09-27T12:05:19+00:00","dateModified":"2025-10-14T03:06:19+00:00","description":"An excellent commercial reverse osmosis system manufacturer offering cost-effective products, accommodating small-batch trial production.","breadcrumb":{"@id":"https:\/\/kinfilter.com\/product\/light-commercial-reverse-osmosis-system-le9\/#breadcrumb"},"inLanguage":"fr-FR","potentialAction":[{"@type":"ReadAction","target":["https:\/\/kinfilter.com\/product\/light-commercial-reverse-osmosis-system-le9\/"]}]},{"@type":"ImageObject","inLanguage":"fr-FR","@id":"https:\/\/kinfilter.com\/product\/light-commercial-reverse-osmosis-system-le9\/#primaryimage","url":"https:\/\/kinfilter.com\/wp-content\/uploads\/2025\/09\/light-commercial-reverse-osmosis-system1.jpg","contentUrl":"https:\/\/kinfilter.com\/wp-content\/uploads\/2025\/09\/light-commercial-reverse-osmosis-system1.jpg","width":600,"height":600,"caption":"Front of light commercial reverse osmosis system LE9"},{"@type":"BreadcrumbList","@id":"https:\/\/kinfilter.com\/product\/light-commercial-reverse-osmosis-system-le9\/#breadcrumb","itemListElement":[{"@type":"ListItem","position":1,"name":"Home","item":"https:\/\/kinfilter.com\/"},{"@type":"ListItem","position":2,"name":"Product","item":"https:\/\/kinfilter.com\/product\/"},{"@type":"ListItem","position":3,"name":"Light Commercial Reverse Osmosis System LE9"}]},{"@type":"WebSite","@id":"https:\/\/kinfilter.com\/#website","url":"https:\/\/kinfilter.com\/","name":"Ningbo Keyinle Technology Co., Ltd.","description":"Professional Water Purifier Manufacturer","publisher":{"@id":"https:\/\/kinfilter.com\/#organization"},"potentialAction":[{"@type":"SearchAction","target":{"@type":"EntryPoint","urlTemplate":"https:\/\/kinfilter.com\/?s={search_term_string}"},"query-input":"required name=search_term_string"}],"inLanguage":"fr-FR"},{"@type":"Organization","@id":"https:\/\/kinfilter.com\/#organization","name":"Ningbo Keyinle Technology Co., Ltd.","url":"https:\/\/kinfilter.com\/","logo":{"@type":"ImageObject","inLanguage":"fr-FR","@id":"https:\/\/kinfilter.com\/#\/schema\/logo\/image\/","url":"","contentUrl":"","caption":"Ningbo Keyinle Technology Co., Ltd."},"image":{"@id":"https:\/\/kinfilter.com\/#\/schema\/logo\/image\/"}}]}},"_links":{"self":[{"href":"https:\/\/kinfilter.com\/fr\/wp-json\/wp\/v2\/product\/1838","targetHints":{"allow":["GET"]}}],"collection":[{"href":"https:\/\/kinfilter.com\/fr\/wp-json\/wp\/v2\/product"}],"about":[{"href":"https:\/\/kinfilter.com\/fr\/wp-json\/wp\/v2\/types\/product"}],"wp:featuredmedia":[{"embeddable":true,"href":"https:\/\/kinfilter.com\/fr\/wp-json\/wp\/v2\/media\/1839"}],"wp:attachment":[{"href":"https:\/\/kinfilter.com\/fr\/wp-json\/wp\/v2\/media?parent=1838"}],"wp:term":[{"taxonomy":"product_brand","embeddable":true,"href":"https:\/\/kinfilter.com\/fr\/wp-json\/wp\/v2\/product_brand?post=1838"},{"taxonomy":"product_cat","embeddable":true,"href":"https:\/\/kinfilter.com\/fr\/wp-json\/wp\/v2\/product_cat?post=1838"},{"taxonomy":"product_tag","embeddable":true,"href":"https:\/\/kinfilter.com\/fr\/wp-json\/wp\/v2\/product_tag?post=1838"}],"curies":[{"name":"wp","href":"https:\/\/api.w.org\/{rel}","templated":true}]}}