{"id":1755,"date":"2025-09-25T13:13:41","date_gmt":"2025-09-25T13:13:41","guid":{"rendered":"https:\/\/kinfilter.com\/?post_type=product&#038;p=1755"},"modified":"2025-10-14T11:19:34","modified_gmt":"2025-10-14T03:19:34","slug":"under-sink-ro-systems-khb5","status":"publish","type":"product","link":"https:\/\/kinfilter.com\/fr\/produit\/under-sink-ro-systems-khb5\/","title":{"rendered":"Syst\u00e8mes d&#039;osmose inverse sous \u00e9vier KHB5"},"content":{"rendered":"<p>Nous sommes fabricants de purificateurs d&#039;eau. Le syst\u00e8me d&#039;osmose inverse sous \u00e9vier KHB5 est un purificateur d&#039;eau d&#039;une capacit\u00e9 de 378 litres (100 gallons). Ce syst\u00e8me est dot\u00e9 d&#039;une cartouche filtrante int\u00e9gr\u00e9e, facilitant ainsi son remplacement. De taille compacte, il permet un gain de place et offre une qualit\u00e9 d&#039;eau constante.<\/p>\n<p>Sp\u00e9cifications du produit\u00a0:<\/p>\n<p>\u2013 Tension\u00a0: 220\u00a0V (110\u00a0V personnalisable)<br \/>\n\u2013 Fr\u00e9quence : 50 Hz<br \/>\n\u2013 Capacit\u00e9 de production d&#039;eau : 100 G<br \/>\n\u2013 Puissance : 40 W<br \/>\n\u2013 Qualit\u00e9 de l&#039;eau \u00e0 l&#039;entr\u00e9e\u00a0: Eau du robinet municipale<br \/>\n\u2013 Pression d&#039;eau \u00e0 l&#039;entr\u00e9e : 0,1-0,4 MPa<br \/>\n\u2013 Dimensions du produit\u00a0: H38*P10*L46cm<\/p>\n<p><img loading=\"lazy\" decoding=\"async\" class=\"aligncenter size-full wp-image-1920\" src=\"http:\/\/kinfilter.com\/wp-content\/uploads\/2025\/09\/Under-Sink-RO-Systems-KHB5-2-1.jpg\" alt=\"Side view of Under Sink RO Systems-KHB5\" width=\"600\" height=\"600\" srcset=\"https:\/\/kinfilter.com\/wp-content\/uploads\/2025\/09\/Under-Sink-RO-Systems-KHB5-2-1.jpg 600w, https:\/\/kinfilter.com\/wp-content\/uploads\/2025\/09\/Under-Sink-RO-Systems-KHB5-2-1-500x500.jpg 500w, https:\/\/kinfilter.com\/wp-content\/uploads\/2025\/09\/Under-Sink-RO-Systems-KHB5-2-1-300x300.jpg 300w, https:\/\/kinfilter.com\/wp-content\/uploads\/2025\/09\/Under-Sink-RO-Systems-KHB5-2-1-150x150.jpg 150w, https:\/\/kinfilter.com\/wp-content\/uploads\/2025\/09\/Under-Sink-RO-Systems-KHB5-2-1-75x75.jpg 75w, https:\/\/kinfilter.com\/wp-content\/uploads\/2025\/09\/Under-Sink-RO-Systems-KHB5-2-1-480x480.jpg 480w\" sizes=\"auto, (max-width:767px) 480px, 600px\" \/><\/p>\n<p><img loading=\"lazy\" decoding=\"async\" class=\"aligncenter size-full wp-image-1757\" src=\"http:\/\/kinfilter.com\/wp-content\/uploads\/2025\/09\/Under-Sink-RO-Systems-KHB5-4.jpg\" alt=\"\" width=\"600\" height=\"650\" srcset=\"https:\/\/kinfilter.com\/wp-content\/uploads\/2025\/09\/Under-Sink-RO-Systems-KHB5-4.jpg 600w, https:\/\/kinfilter.com\/wp-content\/uploads\/2025\/09\/Under-Sink-RO-Systems-KHB5-4-462x500.jpg 462w, https:\/\/kinfilter.com\/wp-content\/uploads\/2025\/09\/Under-Sink-RO-Systems-KHB5-4-277x300.jpg 277w, https:\/\/kinfilter.com\/wp-content\/uploads\/2025\/09\/Under-Sink-RO-Systems-KHB5-4-69x75.jpg 69w, https:\/\/kinfilter.com\/wp-content\/uploads\/2025\/09\/Under-Sink-RO-Systems-KHB5-4-480x520.jpg 480w\" sizes=\"auto, (max-width:767px) 480px, 600px\" \/> <img loading=\"lazy\" decoding=\"async\" class=\"aligncenter size-full wp-image-1761\" src=\"http:\/\/kinfilter.com\/wp-content\/uploads\/2025\/09\/Under-Sink-RO-Systems-KHB5-5.jpg\" alt=\"\" width=\"600\" height=\"400\" srcset=\"https:\/\/kinfilter.com\/wp-content\/uploads\/2025\/09\/Under-Sink-RO-Systems-KHB5-5.jpg 600w, https:\/\/kinfilter.com\/wp-content\/uploads\/2025\/09\/Under-Sink-RO-Systems-KHB5-5-500x333.jpg 500w, https:\/\/kinfilter.com\/wp-content\/uploads\/2025\/09\/Under-Sink-RO-Systems-KHB5-5-300x200.jpg 300w, https:\/\/kinfilter.com\/wp-content\/uploads\/2025\/09\/Under-Sink-RO-Systems-KHB5-5-113x75.jpg 113w, https:\/\/kinfilter.com\/wp-content\/uploads\/2025\/09\/Under-Sink-RO-Systems-KHB5-5-480x320.jpg 480w\" sizes=\"auto, (max-width:767px) 480px, 600px\" \/> <img loading=\"lazy\" decoding=\"async\" class=\"aligncenter size-full wp-image-1756\" src=\"http:\/\/kinfilter.com\/wp-content\/uploads\/2025\/09\/Under-Sink-RO-Systems-KHB5-6.jpg\" alt=\"\" width=\"600\" height=\"650\" srcset=\"https:\/\/kinfilter.com\/wp-content\/uploads\/2025\/09\/Under-Sink-RO-Systems-KHB5-6.jpg 600w, https:\/\/kinfilter.com\/wp-content\/uploads\/2025\/09\/Under-Sink-RO-Systems-KHB5-6-462x500.jpg 462w, https:\/\/kinfilter.com\/wp-content\/uploads\/2025\/09\/Under-Sink-RO-Systems-KHB5-6-277x300.jpg 277w, https:\/\/kinfilter.com\/wp-content\/uploads\/2025\/09\/Under-Sink-RO-Systems-KHB5-6-69x75.jpg 69w, https:\/\/kinfilter.com\/wp-content\/uploads\/2025\/09\/Under-Sink-RO-Systems-KHB5-6-480x520.jpg 480w\" sizes=\"auto, (max-width:767px) 480px, 600px\" \/> <img loading=\"lazy\" decoding=\"async\" class=\"aligncenter size-full wp-image-1758\" src=\"http:\/\/kinfilter.com\/wp-content\/uploads\/2025\/09\/Under-Sink-RO-Systems-KHB5-7.jpg\" alt=\"\" width=\"600\" height=\"700\" srcset=\"https:\/\/kinfilter.com\/wp-content\/uploads\/2025\/09\/Under-Sink-RO-Systems-KHB5-7.jpg 600w, https:\/\/kinfilter.com\/wp-content\/uploads\/2025\/09\/Under-Sink-RO-Systems-KHB5-7-429x500.jpg 429w, https:\/\/kinfilter.com\/wp-content\/uploads\/2025\/09\/Under-Sink-RO-Systems-KHB5-7-257x300.jpg 257w, https:\/\/kinfilter.com\/wp-content\/uploads\/2025\/09\/Under-Sink-RO-Systems-KHB5-7-64x75.jpg 64w, https:\/\/kinfilter.com\/wp-content\/uploads\/2025\/09\/Under-Sink-RO-Systems-KHB5-7-480x560.jpg 480w\" sizes=\"auto, (max-width:767px) 480px, 600px\" \/><\/p>","protected":false},"excerpt":{"rendered":"<p><span class=\"excerpt-hellip\"> [\u2026]<\/span><\/p>","protected":false},"featured_media":1919,"template":"","meta":[],"product_brand":[],"product_cat":[43],"product_tag":[],"class_list":{"0":"post-1755","1":"product","2":"type-product","3":"status-publish","4":"has-post-thumbnail","6":"product_cat-under-sink-ro-systems","8":"first","9":"instock","10":"shipping-taxable","11":"product-type-external"},"yoast_head":"<!-- This site is optimized with the Yoast SEO Premium plugin v20.5 (Yoast SEO v22.7) - https:\/\/yoast.com\/wordpress\/plugins\/seo\/ -->\n<title>water purifier supplier<\/title>\n<meta name=\"description\" content=\"A premier Chinese water purifier manufacturer offering cost-effective products, supporting customization needs, accommodating small-batch trial production.\" \/>\n<meta name=\"robots\" content=\"index, follow, max-snippet:-1, max-image-preview:large, max-video-preview:-1\" \/>\n<link rel=\"canonical\" href=\"https:\/\/kinfilter.com\/fr\/produit\/under-sink-ro-systems-khb5\/\" \/>\n<meta property=\"og:locale\" content=\"fr_FR\" \/>\n<meta property=\"og:type\" content=\"article\" \/>\n<meta property=\"og:title\" content=\"Under Sink RO Systems KHB5\" \/>\n<meta property=\"og:description\" content=\"A premier Chinese water purifier manufacturer offering cost-effective products, supporting customization needs, accommodating small-batch trial production.\" \/>\n<meta property=\"og:url\" content=\"https:\/\/kinfilter.com\/fr\/produit\/under-sink-ro-systems-khb5\/\" \/>\n<meta property=\"og:site_name\" content=\"Ningbo Keyinle Technology Co., Ltd.\" \/>\n<meta property=\"article:modified_time\" content=\"2025-10-14T03:19:34+00:00\" \/>\n<meta property=\"og:image\" content=\"http:\/\/kinfilter.com\/wp-content\/uploads\/2025\/09\/Under-Sink-RO-Systems-KHB5-1-1.jpg\" \/>\n\t<meta property=\"og:image:width\" content=\"600\" \/>\n\t<meta property=\"og:image:height\" content=\"600\" \/>\n\t<meta property=\"og:image:type\" content=\"image\/jpeg\" \/>\n<meta name=\"twitter:card\" content=\"summary_large_image\" \/>\n<meta name=\"twitter:label1\" content=\"Dur\u00e9e de lecture estim\u00e9e\" \/>\n\t<meta name=\"twitter:data1\" content=\"2 minutes\" \/>\n<script type=\"application\/ld+json\" class=\"yoast-schema-graph\">{\"@context\":\"https:\/\/schema.org\",\"@graph\":[{\"@type\":\"WebPage\",\"@id\":\"https:\/\/kinfilter.com\/product\/under-sink-ro-systems-khb5\/\",\"url\":\"https:\/\/kinfilter.com\/product\/under-sink-ro-systems-khb5\/\",\"name\":\"water purifier supplier\",\"isPartOf\":{\"@id\":\"https:\/\/kinfilter.com\/#website\"},\"primaryImageOfPage\":{\"@id\":\"https:\/\/kinfilter.com\/product\/under-sink-ro-systems-khb5\/#primaryimage\"},\"image\":{\"@id\":\"https:\/\/kinfilter.com\/product\/under-sink-ro-systems-khb5\/#primaryimage\"},\"thumbnailUrl\":\"https:\/\/kinfilter.com\/wp-content\/uploads\/2025\/09\/Under-Sink-RO-Systems-KHB5-1-1.jpg\",\"datePublished\":\"2025-09-25T13:13:41+00:00\",\"dateModified\":\"2025-10-14T03:19:34+00:00\",\"description\":\"A premier Chinese water purifier manufacturer offering cost-effective products, supporting customization needs, accommodating small-batch trial production.\",\"breadcrumb\":{\"@id\":\"https:\/\/kinfilter.com\/product\/under-sink-ro-systems-khb5\/#breadcrumb\"},\"inLanguage\":\"fr-FR\",\"potentialAction\":[{\"@type\":\"ReadAction\",\"target\":[\"https:\/\/kinfilter.com\/product\/under-sink-ro-systems-khb5\/\"]}]},{\"@type\":\"ImageObject\",\"inLanguage\":\"fr-FR\",\"@id\":\"https:\/\/kinfilter.com\/product\/under-sink-ro-systems-khb5\/#primaryimage\",\"url\":\"https:\/\/kinfilter.com\/wp-content\/uploads\/2025\/09\/Under-Sink-RO-Systems-KHB5-1-1.jpg\",\"contentUrl\":\"https:\/\/kinfilter.com\/wp-content\/uploads\/2025\/09\/Under-Sink-RO-Systems-KHB5-1-1.jpg\",\"width\":600,\"height\":600,\"caption\":\"Front of of Under Sink RO Systems-KHB5\"},{\"@type\":\"BreadcrumbList\",\"@id\":\"https:\/\/kinfilter.com\/product\/under-sink-ro-systems-khb5\/#breadcrumb\",\"itemListElement\":[{\"@type\":\"ListItem\",\"position\":1,\"name\":\"Home\",\"item\":\"https:\/\/kinfilter.com\/\"},{\"@type\":\"ListItem\",\"position\":2,\"name\":\"Product\",\"item\":\"https:\/\/kinfilter.com\/product\/\"},{\"@type\":\"ListItem\",\"position\":3,\"name\":\"Under Sink RO Systems KHB5\"}]},{\"@type\":\"WebSite\",\"@id\":\"https:\/\/kinfilter.com\/#website\",\"url\":\"https:\/\/kinfilter.com\/\",\"name\":\"Ningbo Keyinle Technology Co., Ltd.\",\"description\":\"Professional Water Purifier Manufacturer\",\"publisher\":{\"@id\":\"https:\/\/kinfilter.com\/#organization\"},\"potentialAction\":[{\"@type\":\"SearchAction\",\"target\":{\"@type\":\"EntryPoint\",\"urlTemplate\":\"https:\/\/kinfilter.com\/?s={search_term_string}\"},\"query-input\":\"required name=search_term_string\"}],\"inLanguage\":\"fr-FR\"},{\"@type\":\"Organization\",\"@id\":\"https:\/\/kinfilter.com\/#organization\",\"name\":\"Ningbo Keyinle Technology Co., Ltd.\",\"url\":\"https:\/\/kinfilter.com\/\",\"logo\":{\"@type\":\"ImageObject\",\"inLanguage\":\"fr-FR\",\"@id\":\"https:\/\/kinfilter.com\/#\/schema\/logo\/image\/\",\"url\":\"\",\"contentUrl\":\"\",\"caption\":\"Ningbo Keyinle Technology Co., Ltd.\"},\"image\":{\"@id\":\"https:\/\/kinfilter.com\/#\/schema\/logo\/image\/\"}}]}<\/script>\n<!-- \/ Yoast SEO Premium plugin. -->","yoast_head_json":{"title":"water purifier supplier","description":"A premier Chinese water purifier manufacturer offering cost-effective products, supporting customization needs, accommodating small-batch trial production.","robots":{"index":"index","follow":"follow","max-snippet":"max-snippet:-1","max-image-preview":"max-image-preview:large","max-video-preview":"max-video-preview:-1"},"canonical":"https:\/\/kinfilter.com\/fr\/produit\/under-sink-ro-systems-khb5\/","og_locale":"fr_FR","og_type":"article","og_title":"Under Sink RO Systems KHB5","og_description":"A premier Chinese water purifier manufacturer offering cost-effective products, supporting customization needs, accommodating small-batch trial production.","og_url":"https:\/\/kinfilter.com\/fr\/produit\/under-sink-ro-systems-khb5\/","og_site_name":"Ningbo Keyinle Technology Co., Ltd.","article_modified_time":"2025-10-14T03:19:34+00:00","og_image":[{"width":600,"height":600,"url":"http:\/\/kinfilter.com\/wp-content\/uploads\/2025\/09\/Under-Sink-RO-Systems-KHB5-1-1.jpg","type":"image\/jpeg"}],"twitter_card":"summary_large_image","twitter_misc":{"Dur\u00e9e de lecture estim\u00e9e":"2 minutes"},"schema":{"@context":"https:\/\/schema.org","@graph":[{"@type":"WebPage","@id":"https:\/\/kinfilter.com\/product\/under-sink-ro-systems-khb5\/","url":"https:\/\/kinfilter.com\/product\/under-sink-ro-systems-khb5\/","name":"water purifier supplier","isPartOf":{"@id":"https:\/\/kinfilter.com\/#website"},"primaryImageOfPage":{"@id":"https:\/\/kinfilter.com\/product\/under-sink-ro-systems-khb5\/#primaryimage"},"image":{"@id":"https:\/\/kinfilter.com\/product\/under-sink-ro-systems-khb5\/#primaryimage"},"thumbnailUrl":"https:\/\/kinfilter.com\/wp-content\/uploads\/2025\/09\/Under-Sink-RO-Systems-KHB5-1-1.jpg","datePublished":"2025-09-25T13:13:41+00:00","dateModified":"2025-10-14T03:19:34+00:00","description":"A premier Chinese water purifier manufacturer offering cost-effective products, supporting customization needs, accommodating small-batch trial production.","breadcrumb":{"@id":"https:\/\/kinfilter.com\/product\/under-sink-ro-systems-khb5\/#breadcrumb"},"inLanguage":"fr-FR","potentialAction":[{"@type":"ReadAction","target":["https:\/\/kinfilter.com\/product\/under-sink-ro-systems-khb5\/"]}]},{"@type":"ImageObject","inLanguage":"fr-FR","@id":"https:\/\/kinfilter.com\/product\/under-sink-ro-systems-khb5\/#primaryimage","url":"https:\/\/kinfilter.com\/wp-content\/uploads\/2025\/09\/Under-Sink-RO-Systems-KHB5-1-1.jpg","contentUrl":"https:\/\/kinfilter.com\/wp-content\/uploads\/2025\/09\/Under-Sink-RO-Systems-KHB5-1-1.jpg","width":600,"height":600,"caption":"Front of of Under Sink RO Systems-KHB5"},{"@type":"BreadcrumbList","@id":"https:\/\/kinfilter.com\/product\/under-sink-ro-systems-khb5\/#breadcrumb","itemListElement":[{"@type":"ListItem","position":1,"name":"Home","item":"https:\/\/kinfilter.com\/"},{"@type":"ListItem","position":2,"name":"Product","item":"https:\/\/kinfilter.com\/product\/"},{"@type":"ListItem","position":3,"name":"Under Sink RO Systems KHB5"}]},{"@type":"WebSite","@id":"https:\/\/kinfilter.com\/#website","url":"https:\/\/kinfilter.com\/","name":"Ningbo Keyinle Technology Co., Ltd.","description":"Professional Water Purifier Manufacturer","publisher":{"@id":"https:\/\/kinfilter.com\/#organization"},"potentialAction":[{"@type":"SearchAction","target":{"@type":"EntryPoint","urlTemplate":"https:\/\/kinfilter.com\/?s={search_term_string}"},"query-input":"required name=search_term_string"}],"inLanguage":"fr-FR"},{"@type":"Organization","@id":"https:\/\/kinfilter.com\/#organization","name":"Ningbo Keyinle Technology Co., Ltd.","url":"https:\/\/kinfilter.com\/","logo":{"@type":"ImageObject","inLanguage":"fr-FR","@id":"https:\/\/kinfilter.com\/#\/schema\/logo\/image\/","url":"","contentUrl":"","caption":"Ningbo Keyinle Technology Co., Ltd."},"image":{"@id":"https:\/\/kinfilter.com\/#\/schema\/logo\/image\/"}}]}},"_links":{"self":[{"href":"https:\/\/kinfilter.com\/fr\/wp-json\/wp\/v2\/product\/1755","targetHints":{"allow":["GET"]}}],"collection":[{"href":"https:\/\/kinfilter.com\/fr\/wp-json\/wp\/v2\/product"}],"about":[{"href":"https:\/\/kinfilter.com\/fr\/wp-json\/wp\/v2\/types\/product"}],"wp:featuredmedia":[{"embeddable":true,"href":"https:\/\/kinfilter.com\/fr\/wp-json\/wp\/v2\/media\/1919"}],"wp:attachment":[{"href":"https:\/\/kinfilter.com\/fr\/wp-json\/wp\/v2\/media?parent=1755"}],"wp:term":[{"taxonomy":"product_brand","embeddable":true,"href":"https:\/\/kinfilter.com\/fr\/wp-json\/wp\/v2\/product_brand?post=1755"},{"taxonomy":"product_cat","embeddable":true,"href":"https:\/\/kinfilter.com\/fr\/wp-json\/wp\/v2\/product_cat?post=1755"},{"taxonomy":"product_tag","embeddable":true,"href":"https:\/\/kinfilter.com\/fr\/wp-json\/wp\/v2\/product_tag?post=1755"}],"curies":[{"name":"wp","href":"https:\/\/api.w.org\/{rel}","templated":true}]}}