{"id":1748,"date":"2025-09-25T13:12:22","date_gmt":"2025-09-25T13:12:22","guid":{"rendered":"https:\/\/kinfilter.com\/?post_type=product&#038;p=1748"},"modified":"2025-10-14T11:27:06","modified_gmt":"2025-10-14T03:27:06","slug":"table-water-dispenser-le7","status":"publish","type":"product","link":"https:\/\/kinfilter.com\/fr\/produit\/table-water-dispenser-le7\/","title":{"rendered":"Distributeur d&#039;eau de table -LE7"},"content":{"rendered":"<p>Nous sommes un fabricant professionnel de fontaines \u00e0 eau. Cette fontaine \u00e0 eau chaude et froide peut \u00eatre pos\u00e9e sur un plan de travail sans installation. Elle peut \u00e9galement \u00eatre fix\u00e9e au mur et utilis\u00e9e avec des bouteilles d&#039;eau ou un purificateur d&#039;eau. Elle est \u00e9quip\u00e9e d&#039;un bac \u00e0 gla\u00e7ons de 800 ml avec distribution d&#039;eau instantan\u00e9e et propose plusieurs r\u00e9glages de temp\u00e9rature et de d\u00e9bit pour r\u00e9pondre \u00e0 tous vos besoins. Caract\u00e9ristiques techniques<br \/>\n\u2013 Tension : 220 V<br \/>\n\u2013 Fr\u00e9quence : 50 Hz<br \/>\n\u2013 Puissance de chauffage\u00a0: 2200\u00a0W<br \/>\n\u2013 Puissance de refroidissement \u00e9lectronique\u00a0: 60\u00a0W<br \/>\n\u2013 Capacit\u00e9 du r\u00e9servoir de refroidissement \u00e9lectronique\u00a0: 800\u00a0ml<br \/>\n\u2013 Dimensions du produit\u00a0: L 30\u00a0cm x P 8\u00a0cm x H 42\u00a0cm<\/p>\n<p><img loading=\"lazy\" decoding=\"async\" class=\"aligncenter size-full wp-image-1915\" src=\"http:\/\/kinfilter.com\/wp-content\/uploads\/2025\/09\/\u672a\u547d\u540d\u7684\u8bbe\u8ba1-15.jpg\" alt=\"Side view of Table water dispenser -le7 \" width=\"600\" height=\"600\" srcset=\"https:\/\/kinfilter.com\/wp-content\/uploads\/2025\/09\/\u672a\u547d\u540d\u7684\u8bbe\u8ba1-15.jpg 600w, https:\/\/kinfilter.com\/wp-content\/uploads\/2025\/09\/\u672a\u547d\u540d\u7684\u8bbe\u8ba1-15-500x500.jpg 500w, https:\/\/kinfilter.com\/wp-content\/uploads\/2025\/09\/\u672a\u547d\u540d\u7684\u8bbe\u8ba1-15-300x300.jpg 300w, https:\/\/kinfilter.com\/wp-content\/uploads\/2025\/09\/\u672a\u547d\u540d\u7684\u8bbe\u8ba1-15-150x150.jpg 150w, https:\/\/kinfilter.com\/wp-content\/uploads\/2025\/09\/\u672a\u547d\u540d\u7684\u8bbe\u8ba1-15-75x75.jpg 75w, https:\/\/kinfilter.com\/wp-content\/uploads\/2025\/09\/\u672a\u547d\u540d\u7684\u8bbe\u8ba1-15-480x480.jpg 480w\" sizes=\"auto, (max-width:767px) 480px, 600px\" \/><img loading=\"lazy\" decoding=\"async\" class=\"aligncenter size-full wp-image-1753\" src=\"http:\/\/kinfilter.com\/wp-content\/uploads\/2025\/09\/Table-water-dispenser-le7-2.jpg\" alt=\"\" width=\"600\" height=\"600\" srcset=\"https:\/\/kinfilter.com\/wp-content\/uploads\/2025\/09\/Table-water-dispenser-le7-2.jpg 600w, https:\/\/kinfilter.com\/wp-content\/uploads\/2025\/09\/Table-water-dispenser-le7-2-500x500.jpg 500w, https:\/\/kinfilter.com\/wp-content\/uploads\/2025\/09\/Table-water-dispenser-le7-2-300x300.jpg 300w, https:\/\/kinfilter.com\/wp-content\/uploads\/2025\/09\/Table-water-dispenser-le7-2-150x150.jpg 150w, https:\/\/kinfilter.com\/wp-content\/uploads\/2025\/09\/Table-water-dispenser-le7-2-75x75.jpg 75w, https:\/\/kinfilter.com\/wp-content\/uploads\/2025\/09\/Table-water-dispenser-le7-2-480x480.jpg 480w\" sizes=\"auto, (max-width:767px) 480px, 600px\" \/> <img loading=\"lazy\" decoding=\"async\" class=\"aligncenter size-full wp-image-1754\" src=\"http:\/\/kinfilter.com\/wp-content\/uploads\/2025\/09\/Table-water-dispenser-le7-3.jpg\" alt=\"\" width=\"600\" height=\"600\" srcset=\"https:\/\/kinfilter.com\/wp-content\/uploads\/2025\/09\/Table-water-dispenser-le7-3.jpg 600w, https:\/\/kinfilter.com\/wp-content\/uploads\/2025\/09\/Table-water-dispenser-le7-3-500x500.jpg 500w, https:\/\/kinfilter.com\/wp-content\/uploads\/2025\/09\/Table-water-dispenser-le7-3-300x300.jpg 300w, https:\/\/kinfilter.com\/wp-content\/uploads\/2025\/09\/Table-water-dispenser-le7-3-150x150.jpg 150w, https:\/\/kinfilter.com\/wp-content\/uploads\/2025\/09\/Table-water-dispenser-le7-3-75x75.jpg 75w, https:\/\/kinfilter.com\/wp-content\/uploads\/2025\/09\/Table-water-dispenser-le7-3-480x480.jpg 480w\" sizes=\"auto, (max-width:767px) 480px, 600px\" \/> <img loading=\"lazy\" decoding=\"async\" class=\"aligncenter size-full wp-image-1752\" src=\"http:\/\/kinfilter.com\/wp-content\/uploads\/2025\/09\/Table-water-dispenser-le7-4.jpg\" alt=\"\" width=\"600\" height=\"600\" srcset=\"https:\/\/kinfilter.com\/wp-content\/uploads\/2025\/09\/Table-water-dispenser-le7-4.jpg 600w, https:\/\/kinfilter.com\/wp-content\/uploads\/2025\/09\/Table-water-dispenser-le7-4-500x500.jpg 500w, https:\/\/kinfilter.com\/wp-content\/uploads\/2025\/09\/Table-water-dispenser-le7-4-300x300.jpg 300w, https:\/\/kinfilter.com\/wp-content\/uploads\/2025\/09\/Table-water-dispenser-le7-4-150x150.jpg 150w, https:\/\/kinfilter.com\/wp-content\/uploads\/2025\/09\/Table-water-dispenser-le7-4-75x75.jpg 75w, https:\/\/kinfilter.com\/wp-content\/uploads\/2025\/09\/Table-water-dispenser-le7-4-480x480.jpg 480w\" sizes=\"auto, (max-width:767px) 480px, 600px\" \/> <img loading=\"lazy\" decoding=\"async\" class=\"aligncenter size-full wp-image-1750\" src=\"http:\/\/kinfilter.com\/wp-content\/uploads\/2025\/09\/Table-water-dispenser-le7-5.jpg\" alt=\"\" width=\"600\" height=\"600\" srcset=\"https:\/\/kinfilter.com\/wp-content\/uploads\/2025\/09\/Table-water-dispenser-le7-5.jpg 600w, https:\/\/kinfilter.com\/wp-content\/uploads\/2025\/09\/Table-water-dispenser-le7-5-500x500.jpg 500w, https:\/\/kinfilter.com\/wp-content\/uploads\/2025\/09\/Table-water-dispenser-le7-5-300x300.jpg 300w, https:\/\/kinfilter.com\/wp-content\/uploads\/2025\/09\/Table-water-dispenser-le7-5-150x150.jpg 150w, https:\/\/kinfilter.com\/wp-content\/uploads\/2025\/09\/Table-water-dispenser-le7-5-75x75.jpg 75w, https:\/\/kinfilter.com\/wp-content\/uploads\/2025\/09\/Table-water-dispenser-le7-5-480x480.jpg 480w\" sizes=\"auto, (max-width:767px) 480px, 600px\" \/> <img loading=\"lazy\" decoding=\"async\" class=\"aligncenter size-full wp-image-1751\" src=\"http:\/\/kinfilter.com\/wp-content\/uploads\/2025\/09\/Table-water-dispenser-le7-6.jpg\" alt=\"\" width=\"600\" height=\"600\" srcset=\"https:\/\/kinfilter.com\/wp-content\/uploads\/2025\/09\/Table-water-dispenser-le7-6.jpg 600w, https:\/\/kinfilter.com\/wp-content\/uploads\/2025\/09\/Table-water-dispenser-le7-6-500x500.jpg 500w, https:\/\/kinfilter.com\/wp-content\/uploads\/2025\/09\/Table-water-dispenser-le7-6-300x300.jpg 300w, https:\/\/kinfilter.com\/wp-content\/uploads\/2025\/09\/Table-water-dispenser-le7-6-150x150.jpg 150w, https:\/\/kinfilter.com\/wp-content\/uploads\/2025\/09\/Table-water-dispenser-le7-6-75x75.jpg 75w, https:\/\/kinfilter.com\/wp-content\/uploads\/2025\/09\/Table-water-dispenser-le7-6-480x480.jpg 480w\" sizes=\"auto, (max-width:767px) 480px, 600px\" \/><\/p>","protected":false},"excerpt":{"rendered":"<p><span class=\"excerpt-hellip\"> [\u2026]<\/span><\/p>","protected":false},"featured_media":1915,"template":"","meta":[],"product_brand":[],"product_cat":[16,50,47],"product_tag":[],"class_list":{"0":"post-1748","1":"product","2":"type-product","3":"status-publish","4":"has-post-thumbnail","6":"product_cat-pipeline-water-dispenser","7":"product_cat-hot-and-cold-water-dispenser","8":"product_cat-table-water-dispenser","10":"first","11":"instock","12":"shipping-taxable","13":"product-type-external"},"yoast_head":"<!-- This site is optimized with the Yoast SEO Premium plugin v20.5 (Yoast SEO v22.7) - https:\/\/yoast.com\/wordpress\/plugins\/seo\/ -->\n<title>water dispenser China<\/title>\n<meta name=\"description\" content=\"Professional water dispenser manufacturer offering cost-effective products, supporting customization needs and small-batch trial production.\" \/>\n<meta name=\"robots\" content=\"index, follow, max-snippet:-1, max-image-preview:large, max-video-preview:-1\" \/>\n<link rel=\"canonical\" href=\"https:\/\/kinfilter.com\/fr\/produit\/table-water-dispenser-le7\/\" \/>\n<meta property=\"og:locale\" content=\"fr_FR\" \/>\n<meta property=\"og:type\" content=\"article\" \/>\n<meta property=\"og:title\" content=\"Table Water Dispenser -LE7\" \/>\n<meta property=\"og:description\" content=\"Professional water dispenser manufacturer offering cost-effective products, supporting customization needs and small-batch trial production.\" \/>\n<meta property=\"og:url\" content=\"https:\/\/kinfilter.com\/fr\/produit\/table-water-dispenser-le7\/\" \/>\n<meta property=\"og:site_name\" content=\"Ningbo Keyinle Technology Co., Ltd.\" \/>\n<meta property=\"article:modified_time\" content=\"2025-10-14T03:27:06+00:00\" \/>\n<meta property=\"og:image\" content=\"http:\/\/kinfilter.com\/wp-content\/uploads\/2025\/09\/\u672a\u547d\u540d\u7684\u8bbe\u8ba1-15.jpg\" \/>\n\t<meta property=\"og:image:width\" content=\"600\" \/>\n\t<meta property=\"og:image:height\" content=\"600\" \/>\n\t<meta property=\"og:image:type\" content=\"image\/jpeg\" \/>\n<meta name=\"twitter:card\" content=\"summary_large_image\" \/>\n<meta name=\"twitter:label1\" content=\"Dur\u00e9e de lecture estim\u00e9e\" \/>\n\t<meta name=\"twitter:data1\" content=\"2 minutes\" \/>\n<script type=\"application\/ld+json\" class=\"yoast-schema-graph\">{\"@context\":\"https:\/\/schema.org\",\"@graph\":[{\"@type\":\"WebPage\",\"@id\":\"https:\/\/kinfilter.com\/product\/table-water-dispenser-le7\/\",\"url\":\"https:\/\/kinfilter.com\/product\/table-water-dispenser-le7\/\",\"name\":\"water dispenser China\",\"isPartOf\":{\"@id\":\"https:\/\/kinfilter.com\/#website\"},\"primaryImageOfPage\":{\"@id\":\"https:\/\/kinfilter.com\/product\/table-water-dispenser-le7\/#primaryimage\"},\"image\":{\"@id\":\"https:\/\/kinfilter.com\/product\/table-water-dispenser-le7\/#primaryimage\"},\"thumbnailUrl\":\"https:\/\/kinfilter.com\/wp-content\/uploads\/2025\/09\/\u672a\u547d\u540d\u7684\u8bbe\u8ba1-15.jpg\",\"datePublished\":\"2025-09-25T13:12:22+00:00\",\"dateModified\":\"2025-10-14T03:27:06+00:00\",\"description\":\"Professional water dispenser manufacturer offering cost-effective products, supporting customization needs and small-batch trial production.\",\"breadcrumb\":{\"@id\":\"https:\/\/kinfilter.com\/product\/table-water-dispenser-le7\/#breadcrumb\"},\"inLanguage\":\"fr-FR\",\"potentialAction\":[{\"@type\":\"ReadAction\",\"target\":[\"https:\/\/kinfilter.com\/product\/table-water-dispenser-le7\/\"]}]},{\"@type\":\"ImageObject\",\"inLanguage\":\"fr-FR\",\"@id\":\"https:\/\/kinfilter.com\/product\/table-water-dispenser-le7\/#primaryimage\",\"url\":\"https:\/\/kinfilter.com\/wp-content\/uploads\/2025\/09\/\u672a\u547d\u540d\u7684\u8bbe\u8ba1-15.jpg\",\"contentUrl\":\"https:\/\/kinfilter.com\/wp-content\/uploads\/2025\/09\/\u672a\u547d\u540d\u7684\u8bbe\u8ba1-15.jpg\",\"width\":600,\"height\":600,\"caption\":\"Side view of Table water dispenser -le7\"},{\"@type\":\"BreadcrumbList\",\"@id\":\"https:\/\/kinfilter.com\/product\/table-water-dispenser-le7\/#breadcrumb\",\"itemListElement\":[{\"@type\":\"ListItem\",\"position\":1,\"name\":\"Home\",\"item\":\"https:\/\/kinfilter.com\/\"},{\"@type\":\"ListItem\",\"position\":2,\"name\":\"Product\",\"item\":\"https:\/\/kinfilter.com\/product\/\"},{\"@type\":\"ListItem\",\"position\":3,\"name\":\"Table Water Dispenser -LE7\"}]},{\"@type\":\"WebSite\",\"@id\":\"https:\/\/kinfilter.com\/#website\",\"url\":\"https:\/\/kinfilter.com\/\",\"name\":\"Ningbo Keyinle Technology Co., Ltd.\",\"description\":\"Professional Water Purifier Manufacturer\",\"publisher\":{\"@id\":\"https:\/\/kinfilter.com\/#organization\"},\"potentialAction\":[{\"@type\":\"SearchAction\",\"target\":{\"@type\":\"EntryPoint\",\"urlTemplate\":\"https:\/\/kinfilter.com\/?s={search_term_string}\"},\"query-input\":\"required name=search_term_string\"}],\"inLanguage\":\"fr-FR\"},{\"@type\":\"Organization\",\"@id\":\"https:\/\/kinfilter.com\/#organization\",\"name\":\"Ningbo Keyinle Technology Co., Ltd.\",\"url\":\"https:\/\/kinfilter.com\/\",\"logo\":{\"@type\":\"ImageObject\",\"inLanguage\":\"fr-FR\",\"@id\":\"https:\/\/kinfilter.com\/#\/schema\/logo\/image\/\",\"url\":\"\",\"contentUrl\":\"\",\"caption\":\"Ningbo Keyinle Technology Co., Ltd.\"},\"image\":{\"@id\":\"https:\/\/kinfilter.com\/#\/schema\/logo\/image\/\"}}]}<\/script>\n<!-- \/ Yoast SEO Premium plugin. -->","yoast_head_json":{"title":"water dispenser China","description":"Professional water dispenser manufacturer offering cost-effective products, supporting customization needs and small-batch trial production.","robots":{"index":"index","follow":"follow","max-snippet":"max-snippet:-1","max-image-preview":"max-image-preview:large","max-video-preview":"max-video-preview:-1"},"canonical":"https:\/\/kinfilter.com\/fr\/produit\/table-water-dispenser-le7\/","og_locale":"fr_FR","og_type":"article","og_title":"Table Water Dispenser -LE7","og_description":"Professional water dispenser manufacturer offering cost-effective products, supporting customization needs and small-batch trial production.","og_url":"https:\/\/kinfilter.com\/fr\/produit\/table-water-dispenser-le7\/","og_site_name":"Ningbo Keyinle Technology Co., Ltd.","article_modified_time":"2025-10-14T03:27:06+00:00","og_image":[{"width":600,"height":600,"url":"http:\/\/kinfilter.com\/wp-content\/uploads\/2025\/09\/\u672a\u547d\u540d\u7684\u8bbe\u8ba1-15.jpg","type":"image\/jpeg"}],"twitter_card":"summary_large_image","twitter_misc":{"Dur\u00e9e de lecture estim\u00e9e":"2 minutes"},"schema":{"@context":"https:\/\/schema.org","@graph":[{"@type":"WebPage","@id":"https:\/\/kinfilter.com\/product\/table-water-dispenser-le7\/","url":"https:\/\/kinfilter.com\/product\/table-water-dispenser-le7\/","name":"water dispenser China","isPartOf":{"@id":"https:\/\/kinfilter.com\/#website"},"primaryImageOfPage":{"@id":"https:\/\/kinfilter.com\/product\/table-water-dispenser-le7\/#primaryimage"},"image":{"@id":"https:\/\/kinfilter.com\/product\/table-water-dispenser-le7\/#primaryimage"},"thumbnailUrl":"https:\/\/kinfilter.com\/wp-content\/uploads\/2025\/09\/\u672a\u547d\u540d\u7684\u8bbe\u8ba1-15.jpg","datePublished":"2025-09-25T13:12:22+00:00","dateModified":"2025-10-14T03:27:06+00:00","description":"Professional water dispenser manufacturer offering cost-effective products, supporting customization needs and small-batch trial production.","breadcrumb":{"@id":"https:\/\/kinfilter.com\/product\/table-water-dispenser-le7\/#breadcrumb"},"inLanguage":"fr-FR","potentialAction":[{"@type":"ReadAction","target":["https:\/\/kinfilter.com\/product\/table-water-dispenser-le7\/"]}]},{"@type":"ImageObject","inLanguage":"fr-FR","@id":"https:\/\/kinfilter.com\/product\/table-water-dispenser-le7\/#primaryimage","url":"https:\/\/kinfilter.com\/wp-content\/uploads\/2025\/09\/\u672a\u547d\u540d\u7684\u8bbe\u8ba1-15.jpg","contentUrl":"https:\/\/kinfilter.com\/wp-content\/uploads\/2025\/09\/\u672a\u547d\u540d\u7684\u8bbe\u8ba1-15.jpg","width":600,"height":600,"caption":"Side view of Table water dispenser -le7"},{"@type":"BreadcrumbList","@id":"https:\/\/kinfilter.com\/product\/table-water-dispenser-le7\/#breadcrumb","itemListElement":[{"@type":"ListItem","position":1,"name":"Home","item":"https:\/\/kinfilter.com\/"},{"@type":"ListItem","position":2,"name":"Product","item":"https:\/\/kinfilter.com\/product\/"},{"@type":"ListItem","position":3,"name":"Table Water Dispenser -LE7"}]},{"@type":"WebSite","@id":"https:\/\/kinfilter.com\/#website","url":"https:\/\/kinfilter.com\/","name":"Ningbo Keyinle Technology Co., Ltd.","description":"Professional Water Purifier Manufacturer","publisher":{"@id":"https:\/\/kinfilter.com\/#organization"},"potentialAction":[{"@type":"SearchAction","target":{"@type":"EntryPoint","urlTemplate":"https:\/\/kinfilter.com\/?s={search_term_string}"},"query-input":"required name=search_term_string"}],"inLanguage":"fr-FR"},{"@type":"Organization","@id":"https:\/\/kinfilter.com\/#organization","name":"Ningbo Keyinle Technology Co., Ltd.","url":"https:\/\/kinfilter.com\/","logo":{"@type":"ImageObject","inLanguage":"fr-FR","@id":"https:\/\/kinfilter.com\/#\/schema\/logo\/image\/","url":"","contentUrl":"","caption":"Ningbo Keyinle Technology Co., Ltd."},"image":{"@id":"https:\/\/kinfilter.com\/#\/schema\/logo\/image\/"}}]}},"_links":{"self":[{"href":"https:\/\/kinfilter.com\/fr\/wp-json\/wp\/v2\/product\/1748","targetHints":{"allow":["GET"]}}],"collection":[{"href":"https:\/\/kinfilter.com\/fr\/wp-json\/wp\/v2\/product"}],"about":[{"href":"https:\/\/kinfilter.com\/fr\/wp-json\/wp\/v2\/types\/product"}],"wp:featuredmedia":[{"embeddable":true,"href":"https:\/\/kinfilter.com\/fr\/wp-json\/wp\/v2\/media\/1915"}],"wp:attachment":[{"href":"https:\/\/kinfilter.com\/fr\/wp-json\/wp\/v2\/media?parent=1748"}],"wp:term":[{"taxonomy":"product_brand","embeddable":true,"href":"https:\/\/kinfilter.com\/fr\/wp-json\/wp\/v2\/product_brand?post=1748"},{"taxonomy":"product_cat","embeddable":true,"href":"https:\/\/kinfilter.com\/fr\/wp-json\/wp\/v2\/product_cat?post=1748"},{"taxonomy":"product_tag","embeddable":true,"href":"https:\/\/kinfilter.com\/fr\/wp-json\/wp\/v2\/product_tag?post=1748"}],"curies":[{"name":"wp","href":"https:\/\/api.w.org\/{rel}","templated":true}]}}