{"id":1708,"date":"2025-09-25T12:59:48","date_gmt":"2025-09-25T12:59:48","guid":{"rendered":"https:\/\/kinfilter.com\/?post_type=product&#038;p=1708"},"modified":"2025-10-14T11:18:07","modified_gmt":"2025-10-14T03:18:07","slug":"under-sink-ro-systems-kh-01","status":"publish","type":"product","link":"https:\/\/kinfilter.com\/fr\/produit\/under-sink-ro-systems-kh-01\/","title":{"rendered":"Syst\u00e8mes d&#039;osmose inverse sous \u00e9vier KH-01"},"content":{"rendered":"<p>Nous sommes fabricants de purificateurs d&#039;eau. Le syst\u00e8me d&#039;osmose inverse sous \u00e9vier KH01 est disponible en versions 100, 400 et 800 gallons (environ 380, 150 et 3000 litres), r\u00e9pondant ainsi aux diff\u00e9rents besoins de consommation d&#039;eau domestique. L&#039;appareil est \u00e9quip\u00e9 d&#039;un \u00e9l\u00e9ment filtrant permettant de contr\u00f4ler la teneur en TDS (total des solides dissous) de l&#039;eau brute et de l&#039;eau purifi\u00e9e. Il est possible d&#039;y ajouter un \u00e9l\u00e9ment filtrant faiblement alcalin. La version informatis\u00e9e utilise un proc\u00e9d\u00e9 de remplissage par collage, garantissant une qualit\u00e9 stable. Caract\u00e9ristiques techniques\u00a0:<\/p>\n<p>Tension : 220 V (110 V personnalisable)<\/p>\n<p>Fr\u00e9quence : 50 Hz<\/p>\n<p>Production d&#039;eau : 100 g\/400 g\/800 g<\/p>\n<p>Puissance : 40 W\/72 W\/120 W<\/p>\n<p>Qualit\u00e9 de l&#039;eau \u00e0 l&#039;entr\u00e9e : Eau du robinet municipale<\/p>\n<p>Pression d&#039;eau \u00e0 l&#039;entr\u00e9e : 0,1-0,4 MPa<\/p>\n<p>Dimensions du produit\u00a0: L 17\u00a0cm x H 36\u00a0cm x P 36,5\u00a0cm<\/p>\n<p><iframe loading=\"lazy\" title=\"KH01\" width=\"563\" height=\"1000\" src=\"https:\/\/www.youtube.com\/embed\/9-tWw_o69bY?feature=oembed\" frameborder=\"0\" allow=\"accelerometer; autoplay; clipboard-write; encrypted-media; gyroscope; picture-in-picture; web-share\" referrerpolicy=\"strict-origin-when-cross-origin\" allowfullscreen><\/iframe><\/p>\n<p><img loading=\"lazy\" decoding=\"async\" class=\"aligncenter size-full wp-image-1713\" src=\"http:\/\/kinfilter.com\/wp-content\/uploads\/2025\/09\/Under-Sink-RO-Systems-KH01-2.jpg\" alt=\"\" width=\"600\" height=\"600\" srcset=\"https:\/\/kinfilter.com\/wp-content\/uploads\/2025\/09\/Under-Sink-RO-Systems-KH01-2.jpg 600w, https:\/\/kinfilter.com\/wp-content\/uploads\/2025\/09\/Under-Sink-RO-Systems-KH01-2-500x500.jpg 500w, https:\/\/kinfilter.com\/wp-content\/uploads\/2025\/09\/Under-Sink-RO-Systems-KH01-2-300x300.jpg 300w, https:\/\/kinfilter.com\/wp-content\/uploads\/2025\/09\/Under-Sink-RO-Systems-KH01-2-150x150.jpg 150w, https:\/\/kinfilter.com\/wp-content\/uploads\/2025\/09\/Under-Sink-RO-Systems-KH01-2-75x75.jpg 75w, https:\/\/kinfilter.com\/wp-content\/uploads\/2025\/09\/Under-Sink-RO-Systems-KH01-2-480x480.jpg 480w\" sizes=\"auto, (max-width:767px) 480px, 600px\" \/> <img loading=\"lazy\" decoding=\"async\" class=\"aligncenter size-full wp-image-1712\" src=\"http:\/\/kinfilter.com\/wp-content\/uploads\/2025\/09\/Under-Sink-RO-Systems-KH01-1.jpg\" alt=\"\" width=\"600\" height=\"600\" srcset=\"https:\/\/kinfilter.com\/wp-content\/uploads\/2025\/09\/Under-Sink-RO-Systems-KH01-1.jpg 600w, https:\/\/kinfilter.com\/wp-content\/uploads\/2025\/09\/Under-Sink-RO-Systems-KH01-1-500x500.jpg 500w, https:\/\/kinfilter.com\/wp-content\/uploads\/2025\/09\/Under-Sink-RO-Systems-KH01-1-300x300.jpg 300w, https:\/\/kinfilter.com\/wp-content\/uploads\/2025\/09\/Under-Sink-RO-Systems-KH01-1-150x150.jpg 150w, https:\/\/kinfilter.com\/wp-content\/uploads\/2025\/09\/Under-Sink-RO-Systems-KH01-1-75x75.jpg 75w, https:\/\/kinfilter.com\/wp-content\/uploads\/2025\/09\/Under-Sink-RO-Systems-KH01-1-480x480.jpg 480w\" sizes=\"auto, (max-width:767px) 480px, 600px\" \/> <img loading=\"lazy\" decoding=\"async\" class=\"aligncenter size-full wp-image-1711\" src=\"http:\/\/kinfilter.com\/wp-content\/uploads\/2025\/09\/Under-Sink-RO-Systems-KH01-3.jpg\" alt=\"\" width=\"600\" height=\"600\" srcset=\"https:\/\/kinfilter.com\/wp-content\/uploads\/2025\/09\/Under-Sink-RO-Systems-KH01-3.jpg 600w, https:\/\/kinfilter.com\/wp-content\/uploads\/2025\/09\/Under-Sink-RO-Systems-KH01-3-500x500.jpg 500w, https:\/\/kinfilter.com\/wp-content\/uploads\/2025\/09\/Under-Sink-RO-Systems-KH01-3-300x300.jpg 300w, https:\/\/kinfilter.com\/wp-content\/uploads\/2025\/09\/Under-Sink-RO-Systems-KH01-3-150x150.jpg 150w, https:\/\/kinfilter.com\/wp-content\/uploads\/2025\/09\/Under-Sink-RO-Systems-KH01-3-75x75.jpg 75w, https:\/\/kinfilter.com\/wp-content\/uploads\/2025\/09\/Under-Sink-RO-Systems-KH01-3-480x480.jpg 480w\" sizes=\"auto, (max-width:767px) 480px, 600px\" \/> <img loading=\"lazy\" decoding=\"async\" class=\"aligncenter size-full wp-image-1710\" src=\"http:\/\/kinfilter.com\/wp-content\/uploads\/2025\/09\/Under-Sink-RO-Systems-KH01-5.jpg\" alt=\"\" width=\"600\" height=\"600\" srcset=\"https:\/\/kinfilter.com\/wp-content\/uploads\/2025\/09\/Under-Sink-RO-Systems-KH01-5.jpg 600w, https:\/\/kinfilter.com\/wp-content\/uploads\/2025\/09\/Under-Sink-RO-Systems-KH01-5-500x500.jpg 500w, https:\/\/kinfilter.com\/wp-content\/uploads\/2025\/09\/Under-Sink-RO-Systems-KH01-5-300x300.jpg 300w, https:\/\/kinfilter.com\/wp-content\/uploads\/2025\/09\/Under-Sink-RO-Systems-KH01-5-150x150.jpg 150w, https:\/\/kinfilter.com\/wp-content\/uploads\/2025\/09\/Under-Sink-RO-Systems-KH01-5-75x75.jpg 75w, https:\/\/kinfilter.com\/wp-content\/uploads\/2025\/09\/Under-Sink-RO-Systems-KH01-5-480x480.jpg 480w\" sizes=\"auto, (max-width:767px) 480px, 600px\" \/> <img loading=\"lazy\" decoding=\"async\" class=\"aligncenter size-full wp-image-1709\" src=\"http:\/\/kinfilter.com\/wp-content\/uploads\/2025\/09\/Under-Sink-RO-Systems-KH01-4.jpg\" alt=\"\" width=\"600\" height=\"600\" srcset=\"https:\/\/kinfilter.com\/wp-content\/uploads\/2025\/09\/Under-Sink-RO-Systems-KH01-4.jpg 600w, https:\/\/kinfilter.com\/wp-content\/uploads\/2025\/09\/Under-Sink-RO-Systems-KH01-4-500x500.jpg 500w, https:\/\/kinfilter.com\/wp-content\/uploads\/2025\/09\/Under-Sink-RO-Systems-KH01-4-300x300.jpg 300w, https:\/\/kinfilter.com\/wp-content\/uploads\/2025\/09\/Under-Sink-RO-Systems-KH01-4-150x150.jpg 150w, https:\/\/kinfilter.com\/wp-content\/uploads\/2025\/09\/Under-Sink-RO-Systems-KH01-4-75x75.jpg 75w, https:\/\/kinfilter.com\/wp-content\/uploads\/2025\/09\/Under-Sink-RO-Systems-KH01-4-480x480.jpg 480w\" sizes=\"auto, (max-width:767px) 480px, 600px\" \/><\/p>","protected":false},"excerpt":{"rendered":"<p><span class=\"excerpt-hellip\"> [\u2026]<\/span><\/p>","protected":false},"featured_media":1712,"template":"","meta":[],"product_brand":[],"product_cat":[43],"product_tag":[],"class_list":{"0":"post-1708","1":"product","2":"type-product","3":"status-publish","4":"has-post-thumbnail","6":"product_cat-under-sink-ro-systems","8":"first","9":"instock","10":"shipping-taxable","11":"product-type-external"},"yoast_head":"<!-- This site is optimized with the Yoast SEO Premium plugin v20.5 (Yoast SEO v22.7) - https:\/\/yoast.com\/wordpress\/plugins\/seo\/ -->\n<title>water purifier manufacturer<\/title>\n<meta name=\"description\" content=\"A premier Chinese water purifier manufacturer offering cost-effective products, supporting customization needs, accommodating small-batch trial production.\" \/>\n<meta name=\"robots\" content=\"index, follow, max-snippet:-1, max-image-preview:large, max-video-preview:-1\" \/>\n<link rel=\"canonical\" href=\"https:\/\/kinfilter.com\/fr\/produit\/under-sink-ro-systems-kh-01\/\" \/>\n<meta property=\"og:locale\" content=\"fr_FR\" \/>\n<meta property=\"og:type\" content=\"article\" \/>\n<meta property=\"og:title\" content=\"Under Sink RO Systems KH-01\" \/>\n<meta property=\"og:description\" content=\"A premier Chinese water purifier manufacturer offering cost-effective products, supporting customization needs, accommodating small-batch trial production.\" \/>\n<meta property=\"og:url\" content=\"https:\/\/kinfilter.com\/fr\/produit\/under-sink-ro-systems-kh-01\/\" \/>\n<meta property=\"og:site_name\" content=\"Ningbo Keyinle Technology Co., Ltd.\" \/>\n<meta property=\"article:modified_time\" content=\"2025-10-14T03:18:07+00:00\" \/>\n<meta property=\"og:image\" content=\"http:\/\/kinfilter.com\/wp-content\/uploads\/2025\/09\/Under-Sink-RO-Systems-KH01-1.jpg\" \/>\n\t<meta property=\"og:image:width\" content=\"600\" \/>\n\t<meta property=\"og:image:height\" content=\"600\" \/>\n\t<meta property=\"og:image:type\" content=\"image\/jpeg\" \/>\n<meta name=\"twitter:card\" content=\"summary_large_image\" \/>\n<meta name=\"twitter:label1\" content=\"Dur\u00e9e de lecture estim\u00e9e\" \/>\n\t<meta name=\"twitter:data1\" content=\"2 minutes\" \/>\n<script type=\"application\/ld+json\" class=\"yoast-schema-graph\">{\"@context\":\"https:\/\/schema.org\",\"@graph\":[{\"@type\":\"WebPage\",\"@id\":\"https:\/\/kinfilter.com\/product\/under-sink-ro-systems-kh-01\/\",\"url\":\"https:\/\/kinfilter.com\/product\/under-sink-ro-systems-kh-01\/\",\"name\":\"water purifier manufacturer\",\"isPartOf\":{\"@id\":\"https:\/\/kinfilter.com\/#website\"},\"primaryImageOfPage\":{\"@id\":\"https:\/\/kinfilter.com\/product\/under-sink-ro-systems-kh-01\/#primaryimage\"},\"image\":{\"@id\":\"https:\/\/kinfilter.com\/product\/under-sink-ro-systems-kh-01\/#primaryimage\"},\"thumbnailUrl\":\"https:\/\/kinfilter.com\/wp-content\/uploads\/2025\/09\/Under-Sink-RO-Systems-KH01-1.jpg\",\"datePublished\":\"2025-09-25T12:59:48+00:00\",\"dateModified\":\"2025-10-14T03:18:07+00:00\",\"description\":\"A premier Chinese water purifier manufacturer offering cost-effective products, supporting customization needs, accommodating small-batch trial production.\",\"breadcrumb\":{\"@id\":\"https:\/\/kinfilter.com\/product\/under-sink-ro-systems-kh-01\/#breadcrumb\"},\"inLanguage\":\"fr-FR\",\"potentialAction\":[{\"@type\":\"ReadAction\",\"target\":[\"https:\/\/kinfilter.com\/product\/under-sink-ro-systems-kh-01\/\"]}]},{\"@type\":\"ImageObject\",\"inLanguage\":\"fr-FR\",\"@id\":\"https:\/\/kinfilter.com\/product\/under-sink-ro-systems-kh-01\/#primaryimage\",\"url\":\"https:\/\/kinfilter.com\/wp-content\/uploads\/2025\/09\/Under-Sink-RO-Systems-KH01-1.jpg\",\"contentUrl\":\"https:\/\/kinfilter.com\/wp-content\/uploads\/2025\/09\/Under-Sink-RO-Systems-KH01-1.jpg\",\"width\":600,\"height\":600,\"caption\":\"Side View of Gray Under Sink RO Systems-KH01\"},{\"@type\":\"BreadcrumbList\",\"@id\":\"https:\/\/kinfilter.com\/product\/under-sink-ro-systems-kh-01\/#breadcrumb\",\"itemListElement\":[{\"@type\":\"ListItem\",\"position\":1,\"name\":\"Home\",\"item\":\"https:\/\/kinfilter.com\/\"},{\"@type\":\"ListItem\",\"position\":2,\"name\":\"Product\",\"item\":\"https:\/\/kinfilter.com\/product\/\"},{\"@type\":\"ListItem\",\"position\":3,\"name\":\"Under Sink RO Systems KH-01\"}]},{\"@type\":\"WebSite\",\"@id\":\"https:\/\/kinfilter.com\/#website\",\"url\":\"https:\/\/kinfilter.com\/\",\"name\":\"Ningbo Keyinle Technology Co., Ltd.\",\"description\":\"Professional Water Purifier Manufacturer\",\"publisher\":{\"@id\":\"https:\/\/kinfilter.com\/#organization\"},\"potentialAction\":[{\"@type\":\"SearchAction\",\"target\":{\"@type\":\"EntryPoint\",\"urlTemplate\":\"https:\/\/kinfilter.com\/?s={search_term_string}\"},\"query-input\":\"required name=search_term_string\"}],\"inLanguage\":\"fr-FR\"},{\"@type\":\"Organization\",\"@id\":\"https:\/\/kinfilter.com\/#organization\",\"name\":\"Ningbo Keyinle Technology Co., Ltd.\",\"url\":\"https:\/\/kinfilter.com\/\",\"logo\":{\"@type\":\"ImageObject\",\"inLanguage\":\"fr-FR\",\"@id\":\"https:\/\/kinfilter.com\/#\/schema\/logo\/image\/\",\"url\":\"\",\"contentUrl\":\"\",\"caption\":\"Ningbo Keyinle Technology Co., Ltd.\"},\"image\":{\"@id\":\"https:\/\/kinfilter.com\/#\/schema\/logo\/image\/\"}}]}<\/script>\n<!-- \/ Yoast SEO Premium plugin. -->","yoast_head_json":{"title":"water purifier manufacturer","description":"A premier Chinese water purifier manufacturer offering cost-effective products, supporting customization needs, accommodating small-batch trial production.","robots":{"index":"index","follow":"follow","max-snippet":"max-snippet:-1","max-image-preview":"max-image-preview:large","max-video-preview":"max-video-preview:-1"},"canonical":"https:\/\/kinfilter.com\/fr\/produit\/under-sink-ro-systems-kh-01\/","og_locale":"fr_FR","og_type":"article","og_title":"Under Sink RO Systems KH-01","og_description":"A premier Chinese water purifier manufacturer offering cost-effective products, supporting customization needs, accommodating small-batch trial production.","og_url":"https:\/\/kinfilter.com\/fr\/produit\/under-sink-ro-systems-kh-01\/","og_site_name":"Ningbo Keyinle Technology Co., Ltd.","article_modified_time":"2025-10-14T03:18:07+00:00","og_image":[{"width":600,"height":600,"url":"http:\/\/kinfilter.com\/wp-content\/uploads\/2025\/09\/Under-Sink-RO-Systems-KH01-1.jpg","type":"image\/jpeg"}],"twitter_card":"summary_large_image","twitter_misc":{"Dur\u00e9e de lecture estim\u00e9e":"2 minutes"},"schema":{"@context":"https:\/\/schema.org","@graph":[{"@type":"WebPage","@id":"https:\/\/kinfilter.com\/product\/under-sink-ro-systems-kh-01\/","url":"https:\/\/kinfilter.com\/product\/under-sink-ro-systems-kh-01\/","name":"water purifier manufacturer","isPartOf":{"@id":"https:\/\/kinfilter.com\/#website"},"primaryImageOfPage":{"@id":"https:\/\/kinfilter.com\/product\/under-sink-ro-systems-kh-01\/#primaryimage"},"image":{"@id":"https:\/\/kinfilter.com\/product\/under-sink-ro-systems-kh-01\/#primaryimage"},"thumbnailUrl":"https:\/\/kinfilter.com\/wp-content\/uploads\/2025\/09\/Under-Sink-RO-Systems-KH01-1.jpg","datePublished":"2025-09-25T12:59:48+00:00","dateModified":"2025-10-14T03:18:07+00:00","description":"A premier Chinese water purifier manufacturer offering cost-effective products, supporting customization needs, accommodating small-batch trial production.","breadcrumb":{"@id":"https:\/\/kinfilter.com\/product\/under-sink-ro-systems-kh-01\/#breadcrumb"},"inLanguage":"fr-FR","potentialAction":[{"@type":"ReadAction","target":["https:\/\/kinfilter.com\/product\/under-sink-ro-systems-kh-01\/"]}]},{"@type":"ImageObject","inLanguage":"fr-FR","@id":"https:\/\/kinfilter.com\/product\/under-sink-ro-systems-kh-01\/#primaryimage","url":"https:\/\/kinfilter.com\/wp-content\/uploads\/2025\/09\/Under-Sink-RO-Systems-KH01-1.jpg","contentUrl":"https:\/\/kinfilter.com\/wp-content\/uploads\/2025\/09\/Under-Sink-RO-Systems-KH01-1.jpg","width":600,"height":600,"caption":"Side View of Gray Under Sink RO Systems-KH01"},{"@type":"BreadcrumbList","@id":"https:\/\/kinfilter.com\/product\/under-sink-ro-systems-kh-01\/#breadcrumb","itemListElement":[{"@type":"ListItem","position":1,"name":"Home","item":"https:\/\/kinfilter.com\/"},{"@type":"ListItem","position":2,"name":"Product","item":"https:\/\/kinfilter.com\/product\/"},{"@type":"ListItem","position":3,"name":"Under Sink RO Systems KH-01"}]},{"@type":"WebSite","@id":"https:\/\/kinfilter.com\/#website","url":"https:\/\/kinfilter.com\/","name":"Ningbo Keyinle Technology Co., Ltd.","description":"Professional Water Purifier Manufacturer","publisher":{"@id":"https:\/\/kinfilter.com\/#organization"},"potentialAction":[{"@type":"SearchAction","target":{"@type":"EntryPoint","urlTemplate":"https:\/\/kinfilter.com\/?s={search_term_string}"},"query-input":"required name=search_term_string"}],"inLanguage":"fr-FR"},{"@type":"Organization","@id":"https:\/\/kinfilter.com\/#organization","name":"Ningbo Keyinle Technology Co., Ltd.","url":"https:\/\/kinfilter.com\/","logo":{"@type":"ImageObject","inLanguage":"fr-FR","@id":"https:\/\/kinfilter.com\/#\/schema\/logo\/image\/","url":"","contentUrl":"","caption":"Ningbo Keyinle Technology Co., Ltd."},"image":{"@id":"https:\/\/kinfilter.com\/#\/schema\/logo\/image\/"}}]}},"_links":{"self":[{"href":"https:\/\/kinfilter.com\/fr\/wp-json\/wp\/v2\/product\/1708","targetHints":{"allow":["GET"]}}],"collection":[{"href":"https:\/\/kinfilter.com\/fr\/wp-json\/wp\/v2\/product"}],"about":[{"href":"https:\/\/kinfilter.com\/fr\/wp-json\/wp\/v2\/types\/product"}],"wp:featuredmedia":[{"embeddable":true,"href":"https:\/\/kinfilter.com\/fr\/wp-json\/wp\/v2\/media\/1712"}],"wp:attachment":[{"href":"https:\/\/kinfilter.com\/fr\/wp-json\/wp\/v2\/media?parent=1708"}],"wp:term":[{"taxonomy":"product_brand","embeddable":true,"href":"https:\/\/kinfilter.com\/fr\/wp-json\/wp\/v2\/product_brand?post=1708"},{"taxonomy":"product_cat","embeddable":true,"href":"https:\/\/kinfilter.com\/fr\/wp-json\/wp\/v2\/product_cat?post=1708"},{"taxonomy":"product_tag","embeddable":true,"href":"https:\/\/kinfilter.com\/fr\/wp-json\/wp\/v2\/product_tag?post=1708"}],"curies":[{"name":"wp","href":"https:\/\/api.w.org\/{rel}","templated":true}]}}