{"id":2080,"date":"2025-12-16T10:11:04","date_gmt":"2025-12-16T02:11:04","guid":{"rendered":"https:\/\/kinfilter.com\/?post_type=product&#038;p=2080"},"modified":"2025-12-16T10:11:05","modified_gmt":"2025-12-16T02:11:05","slug":"commercial-drinking-water-equipment","status":"publish","type":"product","link":"https:\/\/kinfilter.com\/es\/producto\/commercial-drinking-water-equipment\/","title":{"rendered":"Equipos comerciales de agua potable"},"content":{"rendered":"<p data-start=\"112\" data-end=\"486\">Somos una <strong data-start=\"121\" data-end=\"191\">Fabricante profesional especializado en equipos de agua potable.<\/strong>, con una larga experiencia en la investigaci\u00f3n, desarrollo y producci\u00f3n de calderas de agua y dispensadores de agua.<br data-start=\"302\" data-end=\"305\" \/>Nuestra f\u00e1brica sigue un estricto sistema de control de calidad que abarca el dise\u00f1o del producto, la selecci\u00f3n de materiales, la producci\u00f3n y la inspecci\u00f3n final para garantizar un rendimiento estable y una larga vida \u00fatil.<\/p>\n<p data-start=\"488\" data-end=\"720\">Impulsados por la tecnolog\u00eda y la innovaci\u00f3n, optimizamos continuamente los sistemas de calefacci\u00f3n, el control inteligente y la protecci\u00f3n de la seguridad. Nuestros productos se utilizan ampliamente en escuelas, hospitales, edificios de oficinas, f\u00e1bricas y entornos comerciales.<\/p>\n<p data-start=\"722\" data-end=\"824\">Elegirnos significa elegir <strong data-start=\"749\" data-end=\"823\">Fabricaci\u00f3n profesional, calidad confiable y confianza a largo plazo.<\/strong>.<\/p>\n<hr data-start=\"826\" data-end=\"829\" \/>\n<h2 data-start=\"831\" data-end=\"875\">Hervidor de agua inteligente de suelo<\/h2>\n<p data-start=\"876\" data-end=\"931\"><strong data-start=\"876\" data-end=\"931\">Agua caliente instant\u00e1nea \u00b7 Ahorro de energ\u00eda \u00b7 Seguro y confiable<\/strong><\/p>\n<h3 data-start=\"933\" data-end=\"949\">Caracter\u00edsticas principales<\/h3>\n<ul data-start=\"950\" data-end=\"2322\">\n<li data-start=\"950\" data-end=\"1151\">\n<p data-start=\"952\" data-end=\"1151\"><strong data-start=\"952\" data-end=\"988\">Tecnolog\u00eda patentada de calentamiento por pasos<\/strong><br data-start=\"988\" data-end=\"991\" \/>El sistema de calentamiento por inducci\u00f3n inteligente elimina la mezcla de agua caliente y fr\u00eda y la ebullici\u00f3n repetida, proporcionando un calentamiento r\u00e1pido y un suministro continuo de agua hervida real.<\/p>\n<\/li>\n<li data-start=\"1153\" data-end=\"1281\">\n<p data-start=\"1155\" data-end=\"1281\"><strong data-start=\"1155\" data-end=\"1187\">Preservaci\u00f3n del calor con potencia cero<\/strong><br data-start=\"1187\" data-end=\"1190\" \/>Sin consumo de energ\u00eda de aislamiento tradicional, lo que reduce significativamente el uso de energ\u00eda en modo de espera.<\/p>\n<\/li>\n<li data-start=\"1283\" data-end=\"1425\">\n<p data-start=\"1285\" data-end=\"1425\"><strong data-start=\"1285\" data-end=\"1318\">Control autom\u00e1tico de temperatura<\/strong><br data-start=\"1318\" data-end=\"1321\" \/>El agua se dispensa solo despu\u00e9s de alcanzar la temperatura de ebullici\u00f3n, lo que garantiza agua potable segura e higi\u00e9nica.<\/p>\n<\/li>\n<li data-start=\"1427\" data-end=\"1555\">\n<p data-start=\"1429\" data-end=\"1555\"><strong data-start=\"1429\" data-end=\"1468\">Tanque de acero inoxidable 304 de grado alimenticio<\/strong><br data-start=\"1468\" data-end=\"1471\" \/>Alta resistencia a la corrosi\u00f3n con soldadura circular de precisi\u00f3n para una mayor durabilidad.<\/p>\n<\/li>\n<li data-start=\"1557\" data-end=\"1701\">\n<p data-start=\"1559\" data-end=\"1701\"><strong data-start=\"1559\" data-end=\"1590\">Pantalla LED de alta definici\u00f3n<\/strong><br data-start=\"1590\" data-end=\"1593\" \/>Muestra la hora, la temperatura del agua, el nivel del agua, el estado de funcionamiento y las alarmas de aver\u00eda de forma clara e intuitiva.<\/p>\n<\/li>\n<li data-start=\"1703\" data-end=\"1858\">\n<p data-start=\"1705\" data-end=\"1858\"><strong data-start=\"1705\" data-end=\"1742\">Control inteligente de microcomputadoras<\/strong><br data-start=\"1742\" data-end=\"1745\" \/>Admite temporizador de encendido y apagado, entrada autom\u00e1tica de agua, modo vacaciones y funcionamiento temporal para gesti\u00f3n desatendida.<\/p>\n<\/li>\n<li data-start=\"1860\" data-end=\"1995\">\n<p data-start=\"1862\" data-end=\"1995\"><strong data-start=\"1862\" data-end=\"1903\">Dise\u00f1o de dispensaci\u00f3n de agua f\u00e1cil de usar<\/strong><br data-start=\"1903\" data-end=\"1906\" \/>Operaci\u00f3n con bot\u00f3n t\u00e1ctil con apagado autom\u00e1tico en 60 segundos y dise\u00f1o de salida antisalpicaduras.<\/p>\n<\/li>\n<li data-start=\"1997\" data-end=\"2149\">\n<p data-start=\"1999\" data-end=\"2149\"><strong data-start=\"1999\" data-end=\"2034\">Protecci\u00f3n de seguridad integral<\/strong><br data-start=\"2034\" data-end=\"2037\" \/>Protecci\u00f3n contra quemaduras en seco, protecci\u00f3n contra fugas, protecci\u00f3n contra apertura de tapa, alarma de sobretemperatura y dise\u00f1o de seguridad de vapor.<\/p>\n<\/li>\n<li data-start=\"2151\" data-end=\"2322\">\n<p data-start=\"2153\" data-end=\"2322\"><strong data-start=\"2153\" data-end=\"2189\">Dise\u00f1o integrado de suelo<\/strong><br data-start=\"2189\" data-end=\"2192\" \/>Aspecto negro y plateado con plataforma de colocaci\u00f3n de botellas incorporada, adecuado para escuelas, oficinas, hospitales y \u00e1reas p\u00fablicas.<img loading=\"lazy\" decoding=\"async\" class=\"aligncenter size-full wp-image-2109\" src=\"http:\/\/kinfilter.com\/wp-content\/uploads\/2025\/12\/\u672a\u547d\u540d\u7684\u8bbe\u8ba1-53-1.jpg\" alt=\"\" width=\"800\" height=\"1600\" srcset=\"https:\/\/kinfilter.com\/wp-content\/uploads\/2025\/12\/\u672a\u547d\u540d\u7684\u8bbe\u8ba1-53-1.jpg 800w, https:\/\/kinfilter.com\/wp-content\/uploads\/2025\/12\/\u672a\u547d\u540d\u7684\u8bbe\u8ba1-53-1-250x500.jpg 250w, https:\/\/kinfilter.com\/wp-content\/uploads\/2025\/12\/\u672a\u547d\u540d\u7684\u8bbe\u8ba1-53-1-600x1200.jpg 600w, https:\/\/kinfilter.com\/wp-content\/uploads\/2025\/12\/\u672a\u547d\u540d\u7684\u8bbe\u8ba1-53-1-150x300.jpg 150w, https:\/\/kinfilter.com\/wp-content\/uploads\/2025\/12\/\u672a\u547d\u540d\u7684\u8bbe\u8ba1-53-1-768x1536.jpg 768w, https:\/\/kinfilter.com\/wp-content\/uploads\/2025\/12\/\u672a\u547d\u540d\u7684\u8bbe\u8ba1-53-1-6x12.jpg 6w, https:\/\/kinfilter.com\/wp-content\/uploads\/2025\/12\/\u672a\u547d\u540d\u7684\u8bbe\u8ba1-53-1-38x75.jpg 38w, https:\/\/kinfilter.com\/wp-content\/uploads\/2025\/12\/\u672a\u547d\u540d\u7684\u8bbe\u8ba1-53-1-480x960.jpg 480w\" sizes=\"auto, (max-width:767px) 480px, (max-width:800px) 100vw, 800px\" \/> <img loading=\"lazy\" decoding=\"async\" class=\"aligncenter size-full wp-image-2108\" src=\"http:\/\/kinfilter.com\/wp-content\/uploads\/2025\/12\/\u672a\u547d\u540d\u7684\u8bbe\u8ba1-46-1.jpg\" alt=\"Filter Cartridge Introduction\" width=\"600\" height=\"600\" srcset=\"https:\/\/kinfilter.com\/wp-content\/uploads\/2025\/12\/\u672a\u547d\u540d\u7684\u8bbe\u8ba1-46-1.jpg 600w, https:\/\/kinfilter.com\/wp-content\/uploads\/2025\/12\/\u672a\u547d\u540d\u7684\u8bbe\u8ba1-46-1-500x500.jpg 500w, https:\/\/kinfilter.com\/wp-content\/uploads\/2025\/12\/\u672a\u547d\u540d\u7684\u8bbe\u8ba1-46-1-300x300.jpg 300w, https:\/\/kinfilter.com\/wp-content\/uploads\/2025\/12\/\u672a\u547d\u540d\u7684\u8bbe\u8ba1-46-1-12x12.jpg 12w, https:\/\/kinfilter.com\/wp-content\/uploads\/2025\/12\/\u672a\u547d\u540d\u7684\u8bbe\u8ba1-46-1-150x150.jpg 150w, https:\/\/kinfilter.com\/wp-content\/uploads\/2025\/12\/\u672a\u547d\u540d\u7684\u8bbe\u8ba1-46-1-75x75.jpg 75w, https:\/\/kinfilter.com\/wp-content\/uploads\/2025\/12\/\u672a\u547d\u540d\u7684\u8bbe\u8ba1-46-1-480x480.jpg 480w\" sizes=\"auto, (max-width:767px) 480px, 600px\" \/> <img loading=\"lazy\" decoding=\"async\" class=\"aligncenter size-full wp-image-2107\" src=\"http:\/\/kinfilter.com\/wp-content\/uploads\/2025\/12\/\u672a\u547d\u540d\u7684\u8bbe\u8ba1-45-1.jpg\" alt=\"Introduction to Three Faucet Business Drinking Water Equipment\" width=\"600\" height=\"600\" srcset=\"https:\/\/kinfilter.com\/wp-content\/uploads\/2025\/12\/\u672a\u547d\u540d\u7684\u8bbe\u8ba1-45-1.jpg 600w, https:\/\/kinfilter.com\/wp-content\/uploads\/2025\/12\/\u672a\u547d\u540d\u7684\u8bbe\u8ba1-45-1-500x500.jpg 500w, https:\/\/kinfilter.com\/wp-content\/uploads\/2025\/12\/\u672a\u547d\u540d\u7684\u8bbe\u8ba1-45-1-300x300.jpg 300w, https:\/\/kinfilter.com\/wp-content\/uploads\/2025\/12\/\u672a\u547d\u540d\u7684\u8bbe\u8ba1-45-1-12x12.jpg 12w, https:\/\/kinfilter.com\/wp-content\/uploads\/2025\/12\/\u672a\u547d\u540d\u7684\u8bbe\u8ba1-45-1-150x150.jpg 150w, https:\/\/kinfilter.com\/wp-content\/uploads\/2025\/12\/\u672a\u547d\u540d\u7684\u8bbe\u8ba1-45-1-75x75.jpg 75w, https:\/\/kinfilter.com\/wp-content\/uploads\/2025\/12\/\u672a\u547d\u540d\u7684\u8bbe\u8ba1-45-1-480x480.jpg 480w\" sizes=\"auto, (max-width:767px) 480px, 600px\" \/> <img loading=\"lazy\" decoding=\"async\" class=\"aligncenter size-full wp-image-2106\" src=\"http:\/\/kinfilter.com\/wp-content\/uploads\/2025\/12\/\u672a\u547d\u540d\u7684\u8bbe\u8ba1-44-1.jpg\" alt=\"Introduction to 2 Faucet Business Drinking Water Equipment\" width=\"600\" height=\"600\" srcset=\"https:\/\/kinfilter.com\/wp-content\/uploads\/2025\/12\/\u672a\u547d\u540d\u7684\u8bbe\u8ba1-44-1.jpg 600w, https:\/\/kinfilter.com\/wp-content\/uploads\/2025\/12\/\u672a\u547d\u540d\u7684\u8bbe\u8ba1-44-1-500x500.jpg 500w, https:\/\/kinfilter.com\/wp-content\/uploads\/2025\/12\/\u672a\u547d\u540d\u7684\u8bbe\u8ba1-44-1-300x300.jpg 300w, https:\/\/kinfilter.com\/wp-content\/uploads\/2025\/12\/\u672a\u547d\u540d\u7684\u8bbe\u8ba1-44-1-12x12.jpg 12w, https:\/\/kinfilter.com\/wp-content\/uploads\/2025\/12\/\u672a\u547d\u540d\u7684\u8bbe\u8ba1-44-1-150x150.jpg 150w, https:\/\/kinfilter.com\/wp-content\/uploads\/2025\/12\/\u672a\u547d\u540d\u7684\u8bbe\u8ba1-44-1-75x75.jpg 75w, https:\/\/kinfilter.com\/wp-content\/uploads\/2025\/12\/\u672a\u547d\u540d\u7684\u8bbe\u8ba1-44-1-480x480.jpg 480w\" sizes=\"auto, (max-width:767px) 480px, 600px\" \/> <img loading=\"lazy\" decoding=\"async\" class=\"aligncenter size-full wp-image-2104\" src=\"http:\/\/kinfilter.com\/wp-content\/uploads\/2025\/12\/\u672a\u547d\u540d\u7684\u8bbe\u8ba1-42-1.jpg\" alt=\"Introduction to 4 Faucet Business Drinking Water Equipment\" width=\"600\" height=\"600\" srcset=\"https:\/\/kinfilter.com\/wp-content\/uploads\/2025\/12\/\u672a\u547d\u540d\u7684\u8bbe\u8ba1-42-1.jpg 600w, https:\/\/kinfilter.com\/wp-content\/uploads\/2025\/12\/\u672a\u547d\u540d\u7684\u8bbe\u8ba1-42-1-500x500.jpg 500w, https:\/\/kinfilter.com\/wp-content\/uploads\/2025\/12\/\u672a\u547d\u540d\u7684\u8bbe\u8ba1-42-1-300x300.jpg 300w, https:\/\/kinfilter.com\/wp-content\/uploads\/2025\/12\/\u672a\u547d\u540d\u7684\u8bbe\u8ba1-42-1-12x12.jpg 12w, https:\/\/kinfilter.com\/wp-content\/uploads\/2025\/12\/\u672a\u547d\u540d\u7684\u8bbe\u8ba1-42-1-150x150.jpg 150w, https:\/\/kinfilter.com\/wp-content\/uploads\/2025\/12\/\u672a\u547d\u540d\u7684\u8bbe\u8ba1-42-1-75x75.jpg 75w, https:\/\/kinfilter.com\/wp-content\/uploads\/2025\/12\/\u672a\u547d\u540d\u7684\u8bbe\u8ba1-42-1-480x480.jpg 480w\" sizes=\"auto, (max-width:767px) 480px, 600px\" \/> <img loading=\"lazy\" decoding=\"async\" class=\"aligncenter size-full wp-image-2103\" src=\"http:\/\/kinfilter.com\/wp-content\/uploads\/2025\/12\/\u672a\u547d\u540d\u7684\u8bbe\u8ba1-41-1.jpg\" alt=\"Introduction to 3 Faucet Business Drinking Water Equipment\" width=\"600\" height=\"600\" srcset=\"https:\/\/kinfilter.com\/wp-content\/uploads\/2025\/12\/\u672a\u547d\u540d\u7684\u8bbe\u8ba1-41-1.jpg 600w, https:\/\/kinfilter.com\/wp-content\/uploads\/2025\/12\/\u672a\u547d\u540d\u7684\u8bbe\u8ba1-41-1-500x500.jpg 500w, https:\/\/kinfilter.com\/wp-content\/uploads\/2025\/12\/\u672a\u547d\u540d\u7684\u8bbe\u8ba1-41-1-300x300.jpg 300w, https:\/\/kinfilter.com\/wp-content\/uploads\/2025\/12\/\u672a\u547d\u540d\u7684\u8bbe\u8ba1-41-1-12x12.jpg 12w, https:\/\/kinfilter.com\/wp-content\/uploads\/2025\/12\/\u672a\u547d\u540d\u7684\u8bbe\u8ba1-41-1-150x150.jpg 150w, https:\/\/kinfilter.com\/wp-content\/uploads\/2025\/12\/\u672a\u547d\u540d\u7684\u8bbe\u8ba1-41-1-75x75.jpg 75w, https:\/\/kinfilter.com\/wp-content\/uploads\/2025\/12\/\u672a\u547d\u540d\u7684\u8bbe\u8ba1-41-1-480x480.jpg 480w\" sizes=\"auto, (max-width:767px) 480px, 600px\" \/> <img loading=\"lazy\" decoding=\"async\" class=\"aligncenter size-full wp-image-2100\" src=\"http:\/\/kinfilter.com\/wp-content\/uploads\/2025\/12\/\u672a\u547d\u540d\u7684\u8bbe\u8ba1-38-1.jpg\" alt=\"Introduction to 2 Faucet Business Drinking Water Equipment\" width=\"600\" height=\"600\" srcset=\"https:\/\/kinfilter.com\/wp-content\/uploads\/2025\/12\/\u672a\u547d\u540d\u7684\u8bbe\u8ba1-38-1.jpg 600w, https:\/\/kinfilter.com\/wp-content\/uploads\/2025\/12\/\u672a\u547d\u540d\u7684\u8bbe\u8ba1-38-1-500x500.jpg 500w, https:\/\/kinfilter.com\/wp-content\/uploads\/2025\/12\/\u672a\u547d\u540d\u7684\u8bbe\u8ba1-38-1-300x300.jpg 300w, https:\/\/kinfilter.com\/wp-content\/uploads\/2025\/12\/\u672a\u547d\u540d\u7684\u8bbe\u8ba1-38-1-12x12.jpg 12w, https:\/\/kinfilter.com\/wp-content\/uploads\/2025\/12\/\u672a\u547d\u540d\u7684\u8bbe\u8ba1-38-1-150x150.jpg 150w, https:\/\/kinfilter.com\/wp-content\/uploads\/2025\/12\/\u672a\u547d\u540d\u7684\u8bbe\u8ba1-38-1-75x75.jpg 75w, https:\/\/kinfilter.com\/wp-content\/uploads\/2025\/12\/\u672a\u547d\u540d\u7684\u8bbe\u8ba1-38-1-480x480.jpg 480w\" sizes=\"auto, (max-width:767px) 480px, 600px\" \/><\/p>\n<\/li>\n<\/ul>","protected":false},"excerpt":{"rendered":"<p><span class=\"excerpt-hellip\"> [\u2026]<\/span><\/p>","protected":false},"featured_media":2097,"template":"","meta":[],"product_brand":[],"product_cat":[45,50,44],"product_tag":[],"class_list":{"0":"post-2080","1":"product","2":"type-product","3":"status-publish","4":"has-post-thumbnail","6":"product_cat-commercial-and-industrial-reverse-osmosis","7":"product_cat-hot-and-cold-water-dispenser","8":"product_cat-standing-water-dispenser","10":"first","11":"instock","12":"shipping-taxable","13":"product-type-simple"},"yoast_head":"<!-- This site is optimized with the Yoast SEO Premium plugin v20.5 (Yoast SEO v22.7) - https:\/\/yoast.com\/wordpress\/plugins\/seo\/ -->\n<title>Floor Standing Intelligent Water Boiler | Energy-Saving Commercial Hot Water Solution<\/title>\n<meta name=\"description\" content=\"Professional floor-standing intelligent water boiler with step-heating technology, zero-power insulation, and food-grade stainless steel tank. Ideal for offices, schools, and public places.\" \/>\n<meta name=\"robots\" content=\"index, follow, max-snippet:-1, max-image-preview:large, max-video-preview:-1\" \/>\n<link rel=\"canonical\" href=\"https:\/\/kinfilter.com\/es\/producto\/commercial-drinking-water-equipment\/\" \/>\n<meta property=\"og:locale\" content=\"es_ES\" \/>\n<meta property=\"og:type\" content=\"article\" \/>\n<meta property=\"og:title\" content=\"Commercial drinking water equipment\" \/>\n<meta property=\"og:description\" content=\"Professional floor-standing intelligent water boiler with step-heating technology, zero-power insulation, and food-grade stainless steel tank. Ideal for offices, schools, and public places.\" \/>\n<meta property=\"og:url\" content=\"https:\/\/kinfilter.com\/es\/producto\/commercial-drinking-water-equipment\/\" \/>\n<meta property=\"og:site_name\" content=\"Ningbo Keyinle Technology Co., Ltd.\" \/>\n<meta property=\"article:modified_time\" content=\"2025-12-16T02:11:05+00:00\" \/>\n<meta property=\"og:image\" content=\"http:\/\/kinfilter.com\/wp-content\/uploads\/2025\/12\/\u672a\u547d\u540d\u7684\u8bbe\u8ba1-52.jpg\" \/>\n\t<meta property=\"og:image:width\" content=\"600\" \/>\n\t<meta property=\"og:image:height\" content=\"600\" \/>\n\t<meta property=\"og:image:type\" content=\"image\/jpeg\" \/>\n<meta name=\"twitter:card\" content=\"summary_large_image\" \/>\n<meta name=\"twitter:label1\" content=\"Tiempo de lectura\" \/>\n\t<meta name=\"twitter:data1\" content=\"3 minutos\" \/>\n<script type=\"application\/ld+json\" class=\"yoast-schema-graph\">{\"@context\":\"https:\/\/schema.org\",\"@graph\":[{\"@type\":\"WebPage\",\"@id\":\"https:\/\/kinfilter.com\/product\/commercial-drinking-water-equipment\/\",\"url\":\"https:\/\/kinfilter.com\/product\/commercial-drinking-water-equipment\/\",\"name\":\"Floor Standing Intelligent Water Boiler | Energy-Saving Commercial Hot Water Solution\",\"isPartOf\":{\"@id\":\"https:\/\/kinfilter.com\/#website\"},\"primaryImageOfPage\":{\"@id\":\"https:\/\/kinfilter.com\/product\/commercial-drinking-water-equipment\/#primaryimage\"},\"image\":{\"@id\":\"https:\/\/kinfilter.com\/product\/commercial-drinking-water-equipment\/#primaryimage\"},\"thumbnailUrl\":\"https:\/\/kinfilter.com\/wp-content\/uploads\/2025\/12\/\u672a\u547d\u540d\u7684\u8bbe\u8ba1-52.jpg\",\"datePublished\":\"2025-12-16T02:11:04+00:00\",\"dateModified\":\"2025-12-16T02:11:05+00:00\",\"description\":\"Professional floor-standing intelligent water boiler with step-heating technology, zero-power insulation, and food-grade stainless steel tank. Ideal for offices, schools, and public places.\",\"breadcrumb\":{\"@id\":\"https:\/\/kinfilter.com\/product\/commercial-drinking-water-equipment\/#breadcrumb\"},\"inLanguage\":\"es\",\"potentialAction\":[{\"@type\":\"ReadAction\",\"target\":[\"https:\/\/kinfilter.com\/product\/commercial-drinking-water-equipment\/\"]}]},{\"@type\":\"ImageObject\",\"inLanguage\":\"es\",\"@id\":\"https:\/\/kinfilter.com\/product\/commercial-drinking-water-equipment\/#primaryimage\",\"url\":\"https:\/\/kinfilter.com\/wp-content\/uploads\/2025\/12\/\u672a\u547d\u540d\u7684\u8bbe\u8ba1-52.jpg\",\"contentUrl\":\"https:\/\/kinfilter.com\/wp-content\/uploads\/2025\/12\/\u672a\u547d\u540d\u7684\u8bbe\u8ba1-52.jpg\",\"width\":600,\"height\":600,\"caption\":\"Commercial drinking water equipment with 4 faucets\"},{\"@type\":\"BreadcrumbList\",\"@id\":\"https:\/\/kinfilter.com\/product\/commercial-drinking-water-equipment\/#breadcrumb\",\"itemListElement\":[{\"@type\":\"ListItem\",\"position\":1,\"name\":\"Home\",\"item\":\"https:\/\/kinfilter.com\/\"},{\"@type\":\"ListItem\",\"position\":2,\"name\":\"Product\",\"item\":\"https:\/\/kinfilter.com\/product\/\"},{\"@type\":\"ListItem\",\"position\":3,\"name\":\"Commercial drinking water equipment\"}]},{\"@type\":\"WebSite\",\"@id\":\"https:\/\/kinfilter.com\/#website\",\"url\":\"https:\/\/kinfilter.com\/\",\"name\":\"Ningbo Keyinle Technology Co., Ltd.\",\"description\":\"Professional Water Purifier Manufacturer\",\"publisher\":{\"@id\":\"https:\/\/kinfilter.com\/#organization\"},\"potentialAction\":[{\"@type\":\"SearchAction\",\"target\":{\"@type\":\"EntryPoint\",\"urlTemplate\":\"https:\/\/kinfilter.com\/?s={search_term_string}\"},\"query-input\":\"required name=search_term_string\"}],\"inLanguage\":\"es\"},{\"@type\":\"Organization\",\"@id\":\"https:\/\/kinfilter.com\/#organization\",\"name\":\"Ningbo Keyinle Technology Co., Ltd.\",\"url\":\"https:\/\/kinfilter.com\/\",\"logo\":{\"@type\":\"ImageObject\",\"inLanguage\":\"es\",\"@id\":\"https:\/\/kinfilter.com\/#\/schema\/logo\/image\/\",\"url\":\"\",\"contentUrl\":\"\",\"caption\":\"Ningbo Keyinle Technology Co., Ltd.\"},\"image\":{\"@id\":\"https:\/\/kinfilter.com\/#\/schema\/logo\/image\/\"}}]}<\/script>\n<!-- \/ Yoast SEO Premium plugin. -->","yoast_head_json":{"title":"Floor Standing Intelligent Water Boiler | Energy-Saving Commercial Hot Water Solution","description":"Professional floor-standing intelligent water boiler with step-heating technology, zero-power insulation, and food-grade stainless steel tank. Ideal for offices, schools, and public places.","robots":{"index":"index","follow":"follow","max-snippet":"max-snippet:-1","max-image-preview":"max-image-preview:large","max-video-preview":"max-video-preview:-1"},"canonical":"https:\/\/kinfilter.com\/es\/producto\/commercial-drinking-water-equipment\/","og_locale":"es_ES","og_type":"article","og_title":"Commercial drinking water equipment","og_description":"Professional floor-standing intelligent water boiler with step-heating technology, zero-power insulation, and food-grade stainless steel tank. Ideal for offices, schools, and public places.","og_url":"https:\/\/kinfilter.com\/es\/producto\/commercial-drinking-water-equipment\/","og_site_name":"Ningbo Keyinle Technology Co., Ltd.","article_modified_time":"2025-12-16T02:11:05+00:00","og_image":[{"width":600,"height":600,"url":"http:\/\/kinfilter.com\/wp-content\/uploads\/2025\/12\/\u672a\u547d\u540d\u7684\u8bbe\u8ba1-52.jpg","type":"image\/jpeg"}],"twitter_card":"summary_large_image","twitter_misc":{"Tiempo de lectura":"3 minutos"},"schema":{"@context":"https:\/\/schema.org","@graph":[{"@type":"WebPage","@id":"https:\/\/kinfilter.com\/product\/commercial-drinking-water-equipment\/","url":"https:\/\/kinfilter.com\/product\/commercial-drinking-water-equipment\/","name":"Floor Standing Intelligent Water Boiler | Energy-Saving Commercial Hot Water Solution","isPartOf":{"@id":"https:\/\/kinfilter.com\/#website"},"primaryImageOfPage":{"@id":"https:\/\/kinfilter.com\/product\/commercial-drinking-water-equipment\/#primaryimage"},"image":{"@id":"https:\/\/kinfilter.com\/product\/commercial-drinking-water-equipment\/#primaryimage"},"thumbnailUrl":"https:\/\/kinfilter.com\/wp-content\/uploads\/2025\/12\/\u672a\u547d\u540d\u7684\u8bbe\u8ba1-52.jpg","datePublished":"2025-12-16T02:11:04+00:00","dateModified":"2025-12-16T02:11:05+00:00","description":"Professional floor-standing intelligent water boiler with step-heating technology, zero-power insulation, and food-grade stainless steel tank. Ideal for offices, schools, and public places.","breadcrumb":{"@id":"https:\/\/kinfilter.com\/product\/commercial-drinking-water-equipment\/#breadcrumb"},"inLanguage":"es","potentialAction":[{"@type":"ReadAction","target":["https:\/\/kinfilter.com\/product\/commercial-drinking-water-equipment\/"]}]},{"@type":"ImageObject","inLanguage":"es","@id":"https:\/\/kinfilter.com\/product\/commercial-drinking-water-equipment\/#primaryimage","url":"https:\/\/kinfilter.com\/wp-content\/uploads\/2025\/12\/\u672a\u547d\u540d\u7684\u8bbe\u8ba1-52.jpg","contentUrl":"https:\/\/kinfilter.com\/wp-content\/uploads\/2025\/12\/\u672a\u547d\u540d\u7684\u8bbe\u8ba1-52.jpg","width":600,"height":600,"caption":"Commercial drinking water equipment with 4 faucets"},{"@type":"BreadcrumbList","@id":"https:\/\/kinfilter.com\/product\/commercial-drinking-water-equipment\/#breadcrumb","itemListElement":[{"@type":"ListItem","position":1,"name":"Home","item":"https:\/\/kinfilter.com\/"},{"@type":"ListItem","position":2,"name":"Product","item":"https:\/\/kinfilter.com\/product\/"},{"@type":"ListItem","position":3,"name":"Commercial drinking water equipment"}]},{"@type":"WebSite","@id":"https:\/\/kinfilter.com\/#website","url":"https:\/\/kinfilter.com\/","name":"Ningbo Keyinle Technology Co., Ltd.","description":"Professional Water Purifier Manufacturer","publisher":{"@id":"https:\/\/kinfilter.com\/#organization"},"potentialAction":[{"@type":"SearchAction","target":{"@type":"EntryPoint","urlTemplate":"https:\/\/kinfilter.com\/?s={search_term_string}"},"query-input":"required name=search_term_string"}],"inLanguage":"es"},{"@type":"Organization","@id":"https:\/\/kinfilter.com\/#organization","name":"Ningbo Keyinle Technology Co., Ltd.","url":"https:\/\/kinfilter.com\/","logo":{"@type":"ImageObject","inLanguage":"es","@id":"https:\/\/kinfilter.com\/#\/schema\/logo\/image\/","url":"","contentUrl":"","caption":"Ningbo Keyinle Technology Co., Ltd."},"image":{"@id":"https:\/\/kinfilter.com\/#\/schema\/logo\/image\/"}}]}},"_links":{"self":[{"href":"https:\/\/kinfilter.com\/es\/wp-json\/wp\/v2\/product\/2080","targetHints":{"allow":["GET"]}}],"collection":[{"href":"https:\/\/kinfilter.com\/es\/wp-json\/wp\/v2\/product"}],"about":[{"href":"https:\/\/kinfilter.com\/es\/wp-json\/wp\/v2\/types\/product"}],"wp:featuredmedia":[{"embeddable":true,"href":"https:\/\/kinfilter.com\/es\/wp-json\/wp\/v2\/media\/2097"}],"wp:attachment":[{"href":"https:\/\/kinfilter.com\/es\/wp-json\/wp\/v2\/media?parent=2080"}],"wp:term":[{"taxonomy":"product_brand","embeddable":true,"href":"https:\/\/kinfilter.com\/es\/wp-json\/wp\/v2\/product_brand?post=2080"},{"taxonomy":"product_cat","embeddable":true,"href":"https:\/\/kinfilter.com\/es\/wp-json\/wp\/v2\/product_cat?post=2080"},{"taxonomy":"product_tag","embeddable":true,"href":"https:\/\/kinfilter.com\/es\/wp-json\/wp\/v2\/product_tag?post=2080"}],"curies":[{"name":"wp","href":"https:\/\/api.w.org\/{rel}","templated":true}]}}