{"id":1921,"date":"2025-09-29T05:51:33","date_gmt":"2025-09-29T05:51:33","guid":{"rendered":"https:\/\/kinfilter.com\/?post_type=product&#038;p=1921"},"modified":"2025-10-14T10:44:52","modified_gmt":"2025-10-14T02:44:52","slug":"water-dispenser-with-ice-maker","status":"publish","type":"product","link":"https:\/\/kinfilter.com\/es\/producto\/water-dispenser-with-ice-maker\/","title":{"rendered":"Dispensador de agua con m\u00e1quina de hielo - KHT6"},"content":{"rendered":"<p>Somos proveedores profesionales de dispensadores de agua. Desde su lanzamiento, este dispensador de agua purificada todo en uno con funci\u00f3n de fabricaci\u00f3n de hielo ha tenido una gran demanda en el mercado. Este producto est\u00e1 equipado con un sistema de \u00f3smosis inversa (RO), capaz de proporcionar agua caliente, agua con hielo y cubitos de hielo a diferentes temperaturas. Es adecuado para una amplia gama de situaciones y mejora la experiencia del usuario. Par\u00e1metros del producto:<br \/>\nM\u00e9todo de refrigeraci\u00f3n: Refrigeraci\u00f3n por compresor<br \/>\nFunci\u00f3n: Puro+Caliente+Fr\u00edo+Hielo<br \/>\nDimensiones del producto: 465 (Profundidad) * 250 (Ancho) * 410 (Alto) mm<br \/>\nDep\u00f3sito de agua fr\u00eda: 1 litro<br \/>\nTemperatura del agua fr\u00eda: 5 \u2103<br \/>\nTiempo de elaboraci\u00f3n de una sola pieza de hielo: 6-13 minutos<\/p>\n<p><img loading=\"lazy\" decoding=\"async\" class=\"aligncenter size-full wp-image-1922\" src=\"http:\/\/kinfilter.com\/wp-content\/uploads\/2025\/09\/water-dispenser-with-ice-maker-KHT6-1.jpg\" alt=\"Front of the water dispenser with ice maker-KHT6\" width=\"600\" height=\"600\" srcset=\"https:\/\/kinfilter.com\/wp-content\/uploads\/2025\/09\/water-dispenser-with-ice-maker-KHT6-1.jpg 600w, https:\/\/kinfilter.com\/wp-content\/uploads\/2025\/09\/water-dispenser-with-ice-maker-KHT6-1-500x500.jpg 500w, https:\/\/kinfilter.com\/wp-content\/uploads\/2025\/09\/water-dispenser-with-ice-maker-KHT6-1-300x300.jpg 300w, https:\/\/kinfilter.com\/wp-content\/uploads\/2025\/09\/water-dispenser-with-ice-maker-KHT6-1-150x150.jpg 150w, https:\/\/kinfilter.com\/wp-content\/uploads\/2025\/09\/water-dispenser-with-ice-maker-KHT6-1-75x75.jpg 75w, https:\/\/kinfilter.com\/wp-content\/uploads\/2025\/09\/water-dispenser-with-ice-maker-KHT6-1-480x480.jpg 480w\" sizes=\"auto, (max-width:767px) 480px, 600px\" \/> <img loading=\"lazy\" decoding=\"async\" class=\"aligncenter size-full wp-image-1931\" src=\"http:\/\/kinfilter.com\/wp-content\/uploads\/2025\/09\/water-dispenser-with-ice-maker-KHT6-10.jpg\" alt=\"Dimensions of the water dispenser with ice maker-KHT6\" width=\"600\" height=\"1200\" srcset=\"https:\/\/kinfilter.com\/wp-content\/uploads\/2025\/09\/water-dispenser-with-ice-maker-KHT6-10.jpg 600w, https:\/\/kinfilter.com\/wp-content\/uploads\/2025\/09\/water-dispenser-with-ice-maker-KHT6-10-250x500.jpg 250w, https:\/\/kinfilter.com\/wp-content\/uploads\/2025\/09\/water-dispenser-with-ice-maker-KHT6-10-150x300.jpg 150w, https:\/\/kinfilter.com\/wp-content\/uploads\/2025\/09\/water-dispenser-with-ice-maker-KHT6-10-38x75.jpg 38w, https:\/\/kinfilter.com\/wp-content\/uploads\/2025\/09\/water-dispenser-with-ice-maker-KHT6-10-480x960.jpg 480w\" sizes=\"auto, (max-width:767px) 480px, 600px\" \/> <img loading=\"lazy\" decoding=\"async\" class=\"aligncenter size-full wp-image-1930\" src=\"http:\/\/kinfilter.com\/wp-content\/uploads\/2025\/09\/water-dispenser-with-ice-maker-KHT6-9.jpg\" alt=\"water dispenser with ice maker-KHT6 Functions\" width=\"600\" height=\"900\" srcset=\"https:\/\/kinfilter.com\/wp-content\/uploads\/2025\/09\/water-dispenser-with-ice-maker-KHT6-9.jpg 600w, https:\/\/kinfilter.com\/wp-content\/uploads\/2025\/09\/water-dispenser-with-ice-maker-KHT6-9-333x500.jpg 333w, https:\/\/kinfilter.com\/wp-content\/uploads\/2025\/09\/water-dispenser-with-ice-maker-KHT6-9-200x300.jpg 200w, https:\/\/kinfilter.com\/wp-content\/uploads\/2025\/09\/water-dispenser-with-ice-maker-KHT6-9-50x75.jpg 50w, https:\/\/kinfilter.com\/wp-content\/uploads\/2025\/09\/water-dispenser-with-ice-maker-KHT6-9-480x720.jpg 480w\" sizes=\"auto, (max-width:767px) 480px, 600px\" \/> <img loading=\"lazy\" decoding=\"async\" class=\"aligncenter size-full wp-image-1929\" src=\"http:\/\/kinfilter.com\/wp-content\/uploads\/2025\/09\/water-dispenser-with-ice-maker-KHT6-8.jpg\" alt=\"The cooling performance of water dispenser with ice maker-KHT6\" width=\"600\" height=\"900\" srcset=\"https:\/\/kinfilter.com\/wp-content\/uploads\/2025\/09\/water-dispenser-with-ice-maker-KHT6-8.jpg 600w, https:\/\/kinfilter.com\/wp-content\/uploads\/2025\/09\/water-dispenser-with-ice-maker-KHT6-8-333x500.jpg 333w, https:\/\/kinfilter.com\/wp-content\/uploads\/2025\/09\/water-dispenser-with-ice-maker-KHT6-8-200x300.jpg 200w, https:\/\/kinfilter.com\/wp-content\/uploads\/2025\/09\/water-dispenser-with-ice-maker-KHT6-8-50x75.jpg 50w, https:\/\/kinfilter.com\/wp-content\/uploads\/2025\/09\/water-dispenser-with-ice-maker-KHT6-8-480x720.jpg 480w\" sizes=\"auto, (max-width:767px) 480px, 600px\" \/> <img loading=\"lazy\" decoding=\"async\" class=\"aligncenter size-full wp-image-1928\" src=\"http:\/\/kinfilter.com\/wp-content\/uploads\/2025\/09\/water-dispenser-with-ice-maker-KHT6-7.jpg\" alt=\"Comparison of Compressor Refrigeration and Electronic Refrigeration\" width=\"600\" height=\"800\" srcset=\"https:\/\/kinfilter.com\/wp-content\/uploads\/2025\/09\/water-dispenser-with-ice-maker-KHT6-7.jpg 600w, https:\/\/kinfilter.com\/wp-content\/uploads\/2025\/09\/water-dispenser-with-ice-maker-KHT6-7-375x500.jpg 375w, https:\/\/kinfilter.com\/wp-content\/uploads\/2025\/09\/water-dispenser-with-ice-maker-KHT6-7-225x300.jpg 225w, https:\/\/kinfilter.com\/wp-content\/uploads\/2025\/09\/water-dispenser-with-ice-maker-KHT6-7-56x75.jpg 56w, https:\/\/kinfilter.com\/wp-content\/uploads\/2025\/09\/water-dispenser-with-ice-maker-KHT6-7-480x640.jpg 480w\" sizes=\"auto, (max-width:767px) 480px, 600px\" \/> <img loading=\"lazy\" decoding=\"async\" class=\"aligncenter size-full wp-image-1927\" src=\"http:\/\/kinfilter.com\/wp-content\/uploads\/2025\/09\/water-dispenser-with-ice-maker-KHT6-6.jpg\" alt=\"Filtration System\" width=\"600\" height=\"700\" srcset=\"https:\/\/kinfilter.com\/wp-content\/uploads\/2025\/09\/water-dispenser-with-ice-maker-KHT6-6.jpg 600w, https:\/\/kinfilter.com\/wp-content\/uploads\/2025\/09\/water-dispenser-with-ice-maker-KHT6-6-429x500.jpg 429w, https:\/\/kinfilter.com\/wp-content\/uploads\/2025\/09\/water-dispenser-with-ice-maker-KHT6-6-257x300.jpg 257w, https:\/\/kinfilter.com\/wp-content\/uploads\/2025\/09\/water-dispenser-with-ice-maker-KHT6-6-64x75.jpg 64w, https:\/\/kinfilter.com\/wp-content\/uploads\/2025\/09\/water-dispenser-with-ice-maker-KHT6-6-480x560.jpg 480w\" sizes=\"auto, (max-width:767px) 480px, 600px\" \/> <img loading=\"lazy\" decoding=\"async\" class=\"aligncenter size-full wp-image-1926\" src=\"http:\/\/kinfilter.com\/wp-content\/uploads\/2025\/09\/water-dispenser-with-ice-maker-KHT6-5.jpg\" alt=\"Installation-free water dispenser with ice maker-KHT6\" width=\"600\" height=\"700\" srcset=\"https:\/\/kinfilter.com\/wp-content\/uploads\/2025\/09\/water-dispenser-with-ice-maker-KHT6-5.jpg 600w, https:\/\/kinfilter.com\/wp-content\/uploads\/2025\/09\/water-dispenser-with-ice-maker-KHT6-5-429x500.jpg 429w, https:\/\/kinfilter.com\/wp-content\/uploads\/2025\/09\/water-dispenser-with-ice-maker-KHT6-5-257x300.jpg 257w, https:\/\/kinfilter.com\/wp-content\/uploads\/2025\/09\/water-dispenser-with-ice-maker-KHT6-5-64x75.jpg 64w, https:\/\/kinfilter.com\/wp-content\/uploads\/2025\/09\/water-dispenser-with-ice-maker-KHT6-5-480x560.jpg 480w\" sizes=\"auto, (max-width:767px) 480px, 600px\" \/> <img loading=\"lazy\" decoding=\"async\" class=\"aligncenter size-full wp-image-1925\" src=\"http:\/\/kinfilter.com\/wp-content\/uploads\/2025\/09\/water-dispenser-with-ice-maker-KHT6-4.jpg\" alt=\"Internal Structure of water dispenser with ice maker-KHT6\" width=\"600\" height=\"600\" srcset=\"https:\/\/kinfilter.com\/wp-content\/uploads\/2025\/09\/water-dispenser-with-ice-maker-KHT6-4.jpg 600w, https:\/\/kinfilter.com\/wp-content\/uploads\/2025\/09\/water-dispenser-with-ice-maker-KHT6-4-500x500.jpg 500w, https:\/\/kinfilter.com\/wp-content\/uploads\/2025\/09\/water-dispenser-with-ice-maker-KHT6-4-300x300.jpg 300w, https:\/\/kinfilter.com\/wp-content\/uploads\/2025\/09\/water-dispenser-with-ice-maker-KHT6-4-150x150.jpg 150w, https:\/\/kinfilter.com\/wp-content\/uploads\/2025\/09\/water-dispenser-with-ice-maker-KHT6-4-75x75.jpg 75w, https:\/\/kinfilter.com\/wp-content\/uploads\/2025\/09\/water-dispenser-with-ice-maker-KHT6-4-480x480.jpg 480w\" sizes=\"auto, (max-width:767px) 480px, 600px\" \/> <img loading=\"lazy\" decoding=\"async\" class=\"aligncenter size-full wp-image-1924\" src=\"http:\/\/kinfilter.com\/wp-content\/uploads\/2025\/09\/water-dispenser-with-ice-maker-KHT6-3.jpg\" alt=\"Back of the water dispenser with ice maker-KHT6\" width=\"600\" height=\"600\" srcset=\"https:\/\/kinfilter.com\/wp-content\/uploads\/2025\/09\/water-dispenser-with-ice-maker-KHT6-3.jpg 600w, https:\/\/kinfilter.com\/wp-content\/uploads\/2025\/09\/water-dispenser-with-ice-maker-KHT6-3-500x500.jpg 500w, https:\/\/kinfilter.com\/wp-content\/uploads\/2025\/09\/water-dispenser-with-ice-maker-KHT6-3-300x300.jpg 300w, https:\/\/kinfilter.com\/wp-content\/uploads\/2025\/09\/water-dispenser-with-ice-maker-KHT6-3-150x150.jpg 150w, https:\/\/kinfilter.com\/wp-content\/uploads\/2025\/09\/water-dispenser-with-ice-maker-KHT6-3-75x75.jpg 75w, https:\/\/kinfilter.com\/wp-content\/uploads\/2025\/09\/water-dispenser-with-ice-maker-KHT6-3-480x480.jpg 480w\" sizes=\"auto, (max-width:767px) 480px, 600px\" \/> <img loading=\"lazy\" decoding=\"async\" class=\"aligncenter size-full wp-image-1923\" src=\"http:\/\/kinfilter.com\/wp-content\/uploads\/2025\/09\/water-dispenser-with-ice-maker-KHT6-2.jpg\" alt=\"Side of the water dispenser with ice maker-KHT6\" width=\"600\" height=\"600\" srcset=\"https:\/\/kinfilter.com\/wp-content\/uploads\/2025\/09\/water-dispenser-with-ice-maker-KHT6-2.jpg 600w, https:\/\/kinfilter.com\/wp-content\/uploads\/2025\/09\/water-dispenser-with-ice-maker-KHT6-2-500x500.jpg 500w, https:\/\/kinfilter.com\/wp-content\/uploads\/2025\/09\/water-dispenser-with-ice-maker-KHT6-2-300x300.jpg 300w, https:\/\/kinfilter.com\/wp-content\/uploads\/2025\/09\/water-dispenser-with-ice-maker-KHT6-2-150x150.jpg 150w, https:\/\/kinfilter.com\/wp-content\/uploads\/2025\/09\/water-dispenser-with-ice-maker-KHT6-2-75x75.jpg 75w, https:\/\/kinfilter.com\/wp-content\/uploads\/2025\/09\/water-dispenser-with-ice-maker-KHT6-2-480x480.jpg 480w\" sizes=\"auto, (max-width:767px) 480px, 600px\" \/><\/p>","protected":false},"excerpt":{"rendered":"<p><span class=\"excerpt-hellip\"> [\u2026]<\/span><\/p>","protected":false},"featured_media":1922,"template":"","meta":[],"product_brand":[],"product_cat":[50,51,47],"product_tag":[],"class_list":{"0":"post-1921","1":"product","2":"type-product","3":"status-publish","4":"has-post-thumbnail","6":"product_cat-hot-and-cold-water-dispenser","7":"product_cat-ice-maker-machine","8":"product_cat-table-water-dispenser","10":"first","11":"instock","12":"shipping-taxable","13":"product-type-external"},"yoast_head":"<!-- This site is optimized with the Yoast SEO Premium plugin v20.5 (Yoast SEO v22.7) - https:\/\/yoast.com\/wordpress\/plugins\/seo\/ -->\n<title>Water Dispenser With Ice Maker manufacture and supplier<\/title>\n<meta name=\"description\" content=\"China Water Dispenser Manufacturing Plant Offering cost-effective products Supporting customization needs Supporting small-batch trial production\" \/>\n<meta name=\"robots\" content=\"index, follow, max-snippet:-1, max-image-preview:large, max-video-preview:-1\" \/>\n<link rel=\"canonical\" href=\"https:\/\/kinfilter.com\/es\/producto\/water-dispenser-with-ice-maker\/\" \/>\n<meta property=\"og:locale\" content=\"es_ES\" \/>\n<meta property=\"og:type\" content=\"article\" \/>\n<meta property=\"og:title\" content=\"Water Dispenser With Ice Maker-KHT6\" \/>\n<meta property=\"og:description\" content=\"China Water Dispenser Manufacturing Plant Offering cost-effective products Supporting customization needs Supporting small-batch trial production\" \/>\n<meta property=\"og:url\" content=\"https:\/\/kinfilter.com\/es\/producto\/water-dispenser-with-ice-maker\/\" \/>\n<meta property=\"og:site_name\" content=\"Ningbo Keyinle Technology Co., Ltd.\" \/>\n<meta property=\"article:modified_time\" content=\"2025-10-14T02:44:52+00:00\" \/>\n<meta property=\"og:image\" content=\"http:\/\/kinfilter.com\/wp-content\/uploads\/2025\/09\/water-dispenser-with-ice-maker-KHT6-1.jpg\" \/>\n\t<meta property=\"og:image:width\" content=\"600\" \/>\n\t<meta property=\"og:image:height\" content=\"600\" \/>\n\t<meta property=\"og:image:type\" content=\"image\/jpeg\" \/>\n<meta name=\"twitter:card\" content=\"summary_large_image\" \/>\n<meta name=\"twitter:label1\" content=\"Tiempo de lectura\" \/>\n\t<meta name=\"twitter:data1\" content=\"3 minutos\" \/>\n<script type=\"application\/ld+json\" class=\"yoast-schema-graph\">{\"@context\":\"https:\/\/schema.org\",\"@graph\":[{\"@type\":\"WebPage\",\"@id\":\"https:\/\/kinfilter.com\/product\/water-dispenser-with-ice-maker\/\",\"url\":\"https:\/\/kinfilter.com\/product\/water-dispenser-with-ice-maker\/\",\"name\":\"Water Dispenser With Ice Maker manufacture and supplier\",\"isPartOf\":{\"@id\":\"https:\/\/kinfilter.com\/#website\"},\"primaryImageOfPage\":{\"@id\":\"https:\/\/kinfilter.com\/product\/water-dispenser-with-ice-maker\/#primaryimage\"},\"image\":{\"@id\":\"https:\/\/kinfilter.com\/product\/water-dispenser-with-ice-maker\/#primaryimage\"},\"thumbnailUrl\":\"https:\/\/kinfilter.com\/wp-content\/uploads\/2025\/09\/water-dispenser-with-ice-maker-KHT6-1.jpg\",\"datePublished\":\"2025-09-29T05:51:33+00:00\",\"dateModified\":\"2025-10-14T02:44:52+00:00\",\"description\":\"China Water Dispenser Manufacturing Plant Offering cost-effective products Supporting customization needs Supporting small-batch trial production\",\"breadcrumb\":{\"@id\":\"https:\/\/kinfilter.com\/product\/water-dispenser-with-ice-maker\/#breadcrumb\"},\"inLanguage\":\"es\",\"potentialAction\":[{\"@type\":\"ReadAction\",\"target\":[\"https:\/\/kinfilter.com\/product\/water-dispenser-with-ice-maker\/\"]}]},{\"@type\":\"ImageObject\",\"inLanguage\":\"es\",\"@id\":\"https:\/\/kinfilter.com\/product\/water-dispenser-with-ice-maker\/#primaryimage\",\"url\":\"https:\/\/kinfilter.com\/wp-content\/uploads\/2025\/09\/water-dispenser-with-ice-maker-KHT6-1.jpg\",\"contentUrl\":\"https:\/\/kinfilter.com\/wp-content\/uploads\/2025\/09\/water-dispenser-with-ice-maker-KHT6-1.jpg\",\"width\":600,\"height\":600,\"caption\":\"Front of the water dispenser with ice maker-KHT6\"},{\"@type\":\"BreadcrumbList\",\"@id\":\"https:\/\/kinfilter.com\/product\/water-dispenser-with-ice-maker\/#breadcrumb\",\"itemListElement\":[{\"@type\":\"ListItem\",\"position\":1,\"name\":\"Home\",\"item\":\"https:\/\/kinfilter.com\/\"},{\"@type\":\"ListItem\",\"position\":2,\"name\":\"Product\",\"item\":\"https:\/\/kinfilter.com\/product\/\"},{\"@type\":\"ListItem\",\"position\":3,\"name\":\"Water Dispenser With Ice Maker-KHT6\"}]},{\"@type\":\"WebSite\",\"@id\":\"https:\/\/kinfilter.com\/#website\",\"url\":\"https:\/\/kinfilter.com\/\",\"name\":\"Ningbo Keyinle Technology Co., Ltd.\",\"description\":\"Professional Water Purifier Manufacturer\",\"publisher\":{\"@id\":\"https:\/\/kinfilter.com\/#organization\"},\"potentialAction\":[{\"@type\":\"SearchAction\",\"target\":{\"@type\":\"EntryPoint\",\"urlTemplate\":\"https:\/\/kinfilter.com\/?s={search_term_string}\"},\"query-input\":\"required name=search_term_string\"}],\"inLanguage\":\"es\"},{\"@type\":\"Organization\",\"@id\":\"https:\/\/kinfilter.com\/#organization\",\"name\":\"Ningbo Keyinle Technology Co., Ltd.\",\"url\":\"https:\/\/kinfilter.com\/\",\"logo\":{\"@type\":\"ImageObject\",\"inLanguage\":\"es\",\"@id\":\"https:\/\/kinfilter.com\/#\/schema\/logo\/image\/\",\"url\":\"\",\"contentUrl\":\"\",\"caption\":\"Ningbo Keyinle Technology Co., Ltd.\"},\"image\":{\"@id\":\"https:\/\/kinfilter.com\/#\/schema\/logo\/image\/\"}}]}<\/script>\n<!-- \/ Yoast SEO Premium plugin. -->","yoast_head_json":{"title":"Water Dispenser With Ice Maker manufacture and supplier","description":"China Water Dispenser Manufacturing Plant Offering cost-effective products Supporting customization needs Supporting small-batch trial production","robots":{"index":"index","follow":"follow","max-snippet":"max-snippet:-1","max-image-preview":"max-image-preview:large","max-video-preview":"max-video-preview:-1"},"canonical":"https:\/\/kinfilter.com\/es\/producto\/water-dispenser-with-ice-maker\/","og_locale":"es_ES","og_type":"article","og_title":"Water Dispenser With Ice Maker-KHT6","og_description":"China Water Dispenser Manufacturing Plant Offering cost-effective products Supporting customization needs Supporting small-batch trial production","og_url":"https:\/\/kinfilter.com\/es\/producto\/water-dispenser-with-ice-maker\/","og_site_name":"Ningbo Keyinle Technology Co., Ltd.","article_modified_time":"2025-10-14T02:44:52+00:00","og_image":[{"width":600,"height":600,"url":"http:\/\/kinfilter.com\/wp-content\/uploads\/2025\/09\/water-dispenser-with-ice-maker-KHT6-1.jpg","type":"image\/jpeg"}],"twitter_card":"summary_large_image","twitter_misc":{"Tiempo de lectura":"3 minutos"},"schema":{"@context":"https:\/\/schema.org","@graph":[{"@type":"WebPage","@id":"https:\/\/kinfilter.com\/product\/water-dispenser-with-ice-maker\/","url":"https:\/\/kinfilter.com\/product\/water-dispenser-with-ice-maker\/","name":"Water Dispenser With Ice Maker manufacture and supplier","isPartOf":{"@id":"https:\/\/kinfilter.com\/#website"},"primaryImageOfPage":{"@id":"https:\/\/kinfilter.com\/product\/water-dispenser-with-ice-maker\/#primaryimage"},"image":{"@id":"https:\/\/kinfilter.com\/product\/water-dispenser-with-ice-maker\/#primaryimage"},"thumbnailUrl":"https:\/\/kinfilter.com\/wp-content\/uploads\/2025\/09\/water-dispenser-with-ice-maker-KHT6-1.jpg","datePublished":"2025-09-29T05:51:33+00:00","dateModified":"2025-10-14T02:44:52+00:00","description":"China Water Dispenser Manufacturing Plant Offering cost-effective products Supporting customization needs Supporting small-batch trial production","breadcrumb":{"@id":"https:\/\/kinfilter.com\/product\/water-dispenser-with-ice-maker\/#breadcrumb"},"inLanguage":"es","potentialAction":[{"@type":"ReadAction","target":["https:\/\/kinfilter.com\/product\/water-dispenser-with-ice-maker\/"]}]},{"@type":"ImageObject","inLanguage":"es","@id":"https:\/\/kinfilter.com\/product\/water-dispenser-with-ice-maker\/#primaryimage","url":"https:\/\/kinfilter.com\/wp-content\/uploads\/2025\/09\/water-dispenser-with-ice-maker-KHT6-1.jpg","contentUrl":"https:\/\/kinfilter.com\/wp-content\/uploads\/2025\/09\/water-dispenser-with-ice-maker-KHT6-1.jpg","width":600,"height":600,"caption":"Front of the water dispenser with ice maker-KHT6"},{"@type":"BreadcrumbList","@id":"https:\/\/kinfilter.com\/product\/water-dispenser-with-ice-maker\/#breadcrumb","itemListElement":[{"@type":"ListItem","position":1,"name":"Home","item":"https:\/\/kinfilter.com\/"},{"@type":"ListItem","position":2,"name":"Product","item":"https:\/\/kinfilter.com\/product\/"},{"@type":"ListItem","position":3,"name":"Water Dispenser With Ice Maker-KHT6"}]},{"@type":"WebSite","@id":"https:\/\/kinfilter.com\/#website","url":"https:\/\/kinfilter.com\/","name":"Ningbo Keyinle Technology Co., Ltd.","description":"Professional Water Purifier Manufacturer","publisher":{"@id":"https:\/\/kinfilter.com\/#organization"},"potentialAction":[{"@type":"SearchAction","target":{"@type":"EntryPoint","urlTemplate":"https:\/\/kinfilter.com\/?s={search_term_string}"},"query-input":"required name=search_term_string"}],"inLanguage":"es"},{"@type":"Organization","@id":"https:\/\/kinfilter.com\/#organization","name":"Ningbo Keyinle Technology Co., Ltd.","url":"https:\/\/kinfilter.com\/","logo":{"@type":"ImageObject","inLanguage":"es","@id":"https:\/\/kinfilter.com\/#\/schema\/logo\/image\/","url":"","contentUrl":"","caption":"Ningbo Keyinle Technology Co., Ltd."},"image":{"@id":"https:\/\/kinfilter.com\/#\/schema\/logo\/image\/"}}]}},"_links":{"self":[{"href":"https:\/\/kinfilter.com\/es\/wp-json\/wp\/v2\/product\/1921","targetHints":{"allow":["GET"]}}],"collection":[{"href":"https:\/\/kinfilter.com\/es\/wp-json\/wp\/v2\/product"}],"about":[{"href":"https:\/\/kinfilter.com\/es\/wp-json\/wp\/v2\/types\/product"}],"wp:featuredmedia":[{"embeddable":true,"href":"https:\/\/kinfilter.com\/es\/wp-json\/wp\/v2\/media\/1922"}],"wp:attachment":[{"href":"https:\/\/kinfilter.com\/es\/wp-json\/wp\/v2\/media?parent=1921"}],"wp:term":[{"taxonomy":"product_brand","embeddable":true,"href":"https:\/\/kinfilter.com\/es\/wp-json\/wp\/v2\/product_brand?post=1921"},{"taxonomy":"product_cat","embeddable":true,"href":"https:\/\/kinfilter.com\/es\/wp-json\/wp\/v2\/product_cat?post=1921"},{"taxonomy":"product_tag","embeddable":true,"href":"https:\/\/kinfilter.com\/es\/wp-json\/wp\/v2\/product_tag?post=1921"}],"curies":[{"name":"wp","href":"https:\/\/api.w.org\/{rel}","templated":true}]}}