{"id":1890,"date":"2025-09-28T10:50:27","date_gmt":"2025-09-28T10:50:27","guid":{"rendered":"https:\/\/kinfilter.com\/?post_type=product&#038;p=1890"},"modified":"2025-10-14T10:47:56","modified_gmt":"2025-10-14T02:47:56","slug":"pipeline-water-dispenser-le3","status":"publish","type":"product","link":"https:\/\/kinfilter.com\/es\/producto\/pipeline-water-dispenser-le3\/","title":{"rendered":"Dispensador de agua por tuber\u00eda - LE3"},"content":{"rendered":"<p>Somos fabricantes de dispensadores de agua. El dispensador de agua de tuber\u00eda se utiliza con un purificador de agua compatible o agua en barril, lo que lo hace ideal para uso dom\u00e9stico. El dispensador de agua mural cuenta con ajuste de temperatura del agua en varios niveles para satisfacer diversas necesidades de consumo. Equipado con refrigeraci\u00f3n electr\u00f3nica, puede reducir la temperatura del agua hasta 12 \u00b0C. Presenta las siguientes ventajas:<\/p>\n<p>1. Tama\u00f1o compacto: Se monta en la pared, ahorrando espacio y decorando la pared.<br \/>\n2. Temperaturas de agua multinivel: agua fr\u00eda, agua a temperatura ambiente, 45 \u2103, 65 \u2103, 85 \u2103 y 100 \u2103, para satisfacer sus diferentes necesidades de temperatura del agua.<br \/>\n3. Ajuste del volumen de agua: 150 ml, 240 ml, 500 ml y 999 ml.<br \/>\n4. Salida de agua caliente instant\u00e1nea: Sin tiempo de espera para que el agua hierva.<br \/>\n5. Par\u00e1metros del producto<br \/>\n\u2013 Voltaje: 220 V<br \/>\n\u2013 Frecuencia: 50 Hz<br \/>\n\u2013 Potencia de calefacci\u00f3n: 2200 W<br \/>\n\u2013 Potencia de refrigeraci\u00f3n electr\u00f3nica: 60 W<br \/>\n\u2013 Capacidad del dep\u00f3sito de refrigeraci\u00f3n electr\u00f3nica: 300 ml<br \/>\n\u2013 Dimensiones del producto: 30 cm de ancho x 8 cm de profundidad x 42 cm de alto<\/p>\n<p><img loading=\"lazy\" decoding=\"async\" class=\"aligncenter size-full wp-image-1892\" src=\"http:\/\/kinfilter.com\/wp-content\/uploads\/2025\/09\/Pipeline-Water-Dispenser-LE3-2.jpg\" alt=\"Temperature Guide for Pipeline Water Dispensers-LE3\" width=\"600\" height=\"600\" srcset=\"https:\/\/kinfilter.com\/wp-content\/uploads\/2025\/09\/Pipeline-Water-Dispenser-LE3-2.jpg 600w, https:\/\/kinfilter.com\/wp-content\/uploads\/2025\/09\/Pipeline-Water-Dispenser-LE3-2-500x500.jpg 500w, https:\/\/kinfilter.com\/wp-content\/uploads\/2025\/09\/Pipeline-Water-Dispenser-LE3-2-300x300.jpg 300w, https:\/\/kinfilter.com\/wp-content\/uploads\/2025\/09\/Pipeline-Water-Dispenser-LE3-2-150x150.jpg 150w, https:\/\/kinfilter.com\/wp-content\/uploads\/2025\/09\/Pipeline-Water-Dispenser-LE3-2-75x75.jpg 75w, https:\/\/kinfilter.com\/wp-content\/uploads\/2025\/09\/Pipeline-Water-Dispenser-LE3-2-480x480.jpg 480w\" sizes=\"auto, (max-width:767px) 480px, 600px\" \/> <img loading=\"lazy\" decoding=\"async\" class=\"aligncenter size-full wp-image-1893\" src=\"http:\/\/kinfilter.com\/wp-content\/uploads\/2025\/09\/Pipeline-Water-Dispenser-LE3-3.jpg\" alt=\"Refrigeration of Pipeline Water Dispenser-LE3\" width=\"600\" height=\"600\" srcset=\"https:\/\/kinfilter.com\/wp-content\/uploads\/2025\/09\/Pipeline-Water-Dispenser-LE3-3.jpg 600w, https:\/\/kinfilter.com\/wp-content\/uploads\/2025\/09\/Pipeline-Water-Dispenser-LE3-3-500x500.jpg 500w, https:\/\/kinfilter.com\/wp-content\/uploads\/2025\/09\/Pipeline-Water-Dispenser-LE3-3-300x300.jpg 300w, https:\/\/kinfilter.com\/wp-content\/uploads\/2025\/09\/Pipeline-Water-Dispenser-LE3-3-150x150.jpg 150w, https:\/\/kinfilter.com\/wp-content\/uploads\/2025\/09\/Pipeline-Water-Dispenser-LE3-3-75x75.jpg 75w, https:\/\/kinfilter.com\/wp-content\/uploads\/2025\/09\/Pipeline-Water-Dispenser-LE3-3-480x480.jpg 480w\" sizes=\"auto, (max-width:767px) 480px, 600px\" \/> <img loading=\"lazy\" decoding=\"async\" class=\"aligncenter size-full wp-image-1894\" src=\"http:\/\/kinfilter.com\/wp-content\/uploads\/2025\/09\/Pipeline-Water-Dispenser-LE3-4.jpg\" alt=\"Features of the Pipeline Water Dispenser-LE3\" width=\"600\" height=\"600\" srcset=\"https:\/\/kinfilter.com\/wp-content\/uploads\/2025\/09\/Pipeline-Water-Dispenser-LE3-4.jpg 600w, https:\/\/kinfilter.com\/wp-content\/uploads\/2025\/09\/Pipeline-Water-Dispenser-LE3-4-500x500.jpg 500w, https:\/\/kinfilter.com\/wp-content\/uploads\/2025\/09\/Pipeline-Water-Dispenser-LE3-4-300x300.jpg 300w, https:\/\/kinfilter.com\/wp-content\/uploads\/2025\/09\/Pipeline-Water-Dispenser-LE3-4-150x150.jpg 150w, https:\/\/kinfilter.com\/wp-content\/uploads\/2025\/09\/Pipeline-Water-Dispenser-LE3-4-75x75.jpg 75w, https:\/\/kinfilter.com\/wp-content\/uploads\/2025\/09\/Pipeline-Water-Dispenser-LE3-4-480x480.jpg 480w\" sizes=\"auto, (max-width:767px) 480px, 600px\" \/> <img loading=\"lazy\" decoding=\"async\" class=\"aligncenter size-full wp-image-1895\" src=\"http:\/\/kinfilter.com\/wp-content\/uploads\/2025\/09\/Pipeline-Water-Dispenser-LE3-5.jpg\" alt=\"Application Scenarios for Pipeline Water Dispenser-LE3\" width=\"600\" height=\"600\" srcset=\"https:\/\/kinfilter.com\/wp-content\/uploads\/2025\/09\/Pipeline-Water-Dispenser-LE3-5.jpg 600w, https:\/\/kinfilter.com\/wp-content\/uploads\/2025\/09\/Pipeline-Water-Dispenser-LE3-5-500x500.jpg 500w, https:\/\/kinfilter.com\/wp-content\/uploads\/2025\/09\/Pipeline-Water-Dispenser-LE3-5-300x300.jpg 300w, https:\/\/kinfilter.com\/wp-content\/uploads\/2025\/09\/Pipeline-Water-Dispenser-LE3-5-150x150.jpg 150w, https:\/\/kinfilter.com\/wp-content\/uploads\/2025\/09\/Pipeline-Water-Dispenser-LE3-5-75x75.jpg 75w, https:\/\/kinfilter.com\/wp-content\/uploads\/2025\/09\/Pipeline-Water-Dispenser-LE3-5-480x480.jpg 480w\" sizes=\"auto, (max-width:767px) 480px, 600px\" \/><\/p>","protected":false},"excerpt":{"rendered":"<p><span class=\"excerpt-hellip\"> [\u2026]<\/span><\/p>","protected":false},"featured_media":1891,"template":"","meta":[],"product_brand":[],"product_cat":[16,50],"product_tag":[],"class_list":{"0":"post-1890","1":"product","2":"type-product","3":"status-publish","4":"has-post-thumbnail","6":"product_cat-pipeline-water-dispenser","7":"product_cat-hot-and-cold-water-dispenser","9":"first","10":"instock","11":"shipping-taxable","12":"product-type-external"},"yoast_head":"<!-- This site is optimized with the Yoast SEO Premium plugin v20.5 (Yoast SEO v22.7) - https:\/\/yoast.com\/wordpress\/plugins\/seo\/ -->\n<title>pipeline-water-dispenser manufacture and supplier<\/title>\n<meta name=\"description\" content=\"An excellent manufacturer of pipeline water dispensers, offering cost-effective products with support for customization and small-batch trial production.\" \/>\n<meta name=\"robots\" content=\"index, follow, max-snippet:-1, max-image-preview:large, max-video-preview:-1\" \/>\n<link rel=\"canonical\" href=\"https:\/\/kinfilter.com\/es\/producto\/pipeline-water-dispenser-le3\/\" \/>\n<meta property=\"og:locale\" content=\"es_ES\" \/>\n<meta property=\"og:type\" content=\"article\" \/>\n<meta property=\"og:title\" content=\"Pipeline Water Dispenser-LE3\" \/>\n<meta property=\"og:description\" content=\"An excellent manufacturer of pipeline water dispensers, offering cost-effective products with support for customization and small-batch trial production.\" \/>\n<meta property=\"og:url\" content=\"https:\/\/kinfilter.com\/es\/producto\/pipeline-water-dispenser-le3\/\" \/>\n<meta property=\"og:site_name\" content=\"Ningbo Keyinle Technology Co., Ltd.\" \/>\n<meta property=\"article:modified_time\" content=\"2025-10-14T02:47:56+00:00\" \/>\n<meta property=\"og:image\" content=\"http:\/\/kinfilter.com\/wp-content\/uploads\/2025\/09\/Pipeline-Water-Dispenser-LE3-1.jpg\" \/>\n\t<meta property=\"og:image:width\" content=\"600\" \/>\n\t<meta property=\"og:image:height\" content=\"600\" \/>\n\t<meta property=\"og:image:type\" content=\"image\/jpeg\" \/>\n<meta name=\"twitter:card\" content=\"summary_large_image\" \/>\n<meta name=\"twitter:label1\" content=\"Tiempo de lectura\" \/>\n\t<meta name=\"twitter:data1\" content=\"2 minutos\" \/>\n<script type=\"application\/ld+json\" class=\"yoast-schema-graph\">{\"@context\":\"https:\/\/schema.org\",\"@graph\":[{\"@type\":\"WebPage\",\"@id\":\"https:\/\/kinfilter.com\/product\/pipeline-water-dispenser-le3\/\",\"url\":\"https:\/\/kinfilter.com\/product\/pipeline-water-dispenser-le3\/\",\"name\":\"pipeline-water-dispenser manufacture and supplier\",\"isPartOf\":{\"@id\":\"https:\/\/kinfilter.com\/#website\"},\"primaryImageOfPage\":{\"@id\":\"https:\/\/kinfilter.com\/product\/pipeline-water-dispenser-le3\/#primaryimage\"},\"image\":{\"@id\":\"https:\/\/kinfilter.com\/product\/pipeline-water-dispenser-le3\/#primaryimage\"},\"thumbnailUrl\":\"https:\/\/kinfilter.com\/wp-content\/uploads\/2025\/09\/Pipeline-Water-Dispenser-LE3-1.jpg\",\"datePublished\":\"2025-09-28T10:50:27+00:00\",\"dateModified\":\"2025-10-14T02:47:56+00:00\",\"description\":\"An excellent manufacturer of pipeline water dispensers, offering cost-effective products with support for customization and small-batch trial production.\",\"breadcrumb\":{\"@id\":\"https:\/\/kinfilter.com\/product\/pipeline-water-dispenser-le3\/#breadcrumb\"},\"inLanguage\":\"es\",\"potentialAction\":[{\"@type\":\"ReadAction\",\"target\":[\"https:\/\/kinfilter.com\/product\/pipeline-water-dispenser-le3\/\"]}]},{\"@type\":\"ImageObject\",\"inLanguage\":\"es\",\"@id\":\"https:\/\/kinfilter.com\/product\/pipeline-water-dispenser-le3\/#primaryimage\",\"url\":\"https:\/\/kinfilter.com\/wp-content\/uploads\/2025\/09\/Pipeline-Water-Dispenser-LE3-1.jpg\",\"contentUrl\":\"https:\/\/kinfilter.com\/wp-content\/uploads\/2025\/09\/Pipeline-Water-Dispenser-LE3-1.jpg\",\"width\":600,\"height\":600,\"caption\":\"Front View of the Pipeline Water Dispenser-LE3\"},{\"@type\":\"BreadcrumbList\",\"@id\":\"https:\/\/kinfilter.com\/product\/pipeline-water-dispenser-le3\/#breadcrumb\",\"itemListElement\":[{\"@type\":\"ListItem\",\"position\":1,\"name\":\"Home\",\"item\":\"https:\/\/kinfilter.com\/\"},{\"@type\":\"ListItem\",\"position\":2,\"name\":\"Product\",\"item\":\"https:\/\/kinfilter.com\/product\/\"},{\"@type\":\"ListItem\",\"position\":3,\"name\":\"Pipeline Water Dispenser-LE3\"}]},{\"@type\":\"WebSite\",\"@id\":\"https:\/\/kinfilter.com\/#website\",\"url\":\"https:\/\/kinfilter.com\/\",\"name\":\"Ningbo Keyinle Technology Co., Ltd.\",\"description\":\"Professional Water Purifier Manufacturer\",\"publisher\":{\"@id\":\"https:\/\/kinfilter.com\/#organization\"},\"potentialAction\":[{\"@type\":\"SearchAction\",\"target\":{\"@type\":\"EntryPoint\",\"urlTemplate\":\"https:\/\/kinfilter.com\/?s={search_term_string}\"},\"query-input\":\"required name=search_term_string\"}],\"inLanguage\":\"es\"},{\"@type\":\"Organization\",\"@id\":\"https:\/\/kinfilter.com\/#organization\",\"name\":\"Ningbo Keyinle Technology Co., Ltd.\",\"url\":\"https:\/\/kinfilter.com\/\",\"logo\":{\"@type\":\"ImageObject\",\"inLanguage\":\"es\",\"@id\":\"https:\/\/kinfilter.com\/#\/schema\/logo\/image\/\",\"url\":\"\",\"contentUrl\":\"\",\"caption\":\"Ningbo Keyinle Technology Co., Ltd.\"},\"image\":{\"@id\":\"https:\/\/kinfilter.com\/#\/schema\/logo\/image\/\"}}]}<\/script>\n<!-- \/ Yoast SEO Premium plugin. -->","yoast_head_json":{"title":"pipeline-water-dispenser manufacture and supplier","description":"An excellent manufacturer of pipeline water dispensers, offering cost-effective products with support for customization and small-batch trial production.","robots":{"index":"index","follow":"follow","max-snippet":"max-snippet:-1","max-image-preview":"max-image-preview:large","max-video-preview":"max-video-preview:-1"},"canonical":"https:\/\/kinfilter.com\/es\/producto\/pipeline-water-dispenser-le3\/","og_locale":"es_ES","og_type":"article","og_title":"Pipeline Water Dispenser-LE3","og_description":"An excellent manufacturer of pipeline water dispensers, offering cost-effective products with support for customization and small-batch trial production.","og_url":"https:\/\/kinfilter.com\/es\/producto\/pipeline-water-dispenser-le3\/","og_site_name":"Ningbo Keyinle Technology Co., Ltd.","article_modified_time":"2025-10-14T02:47:56+00:00","og_image":[{"width":600,"height":600,"url":"http:\/\/kinfilter.com\/wp-content\/uploads\/2025\/09\/Pipeline-Water-Dispenser-LE3-1.jpg","type":"image\/jpeg"}],"twitter_card":"summary_large_image","twitter_misc":{"Tiempo de lectura":"2 minutos"},"schema":{"@context":"https:\/\/schema.org","@graph":[{"@type":"WebPage","@id":"https:\/\/kinfilter.com\/product\/pipeline-water-dispenser-le3\/","url":"https:\/\/kinfilter.com\/product\/pipeline-water-dispenser-le3\/","name":"pipeline-water-dispenser manufacture and supplier","isPartOf":{"@id":"https:\/\/kinfilter.com\/#website"},"primaryImageOfPage":{"@id":"https:\/\/kinfilter.com\/product\/pipeline-water-dispenser-le3\/#primaryimage"},"image":{"@id":"https:\/\/kinfilter.com\/product\/pipeline-water-dispenser-le3\/#primaryimage"},"thumbnailUrl":"https:\/\/kinfilter.com\/wp-content\/uploads\/2025\/09\/Pipeline-Water-Dispenser-LE3-1.jpg","datePublished":"2025-09-28T10:50:27+00:00","dateModified":"2025-10-14T02:47:56+00:00","description":"An excellent manufacturer of pipeline water dispensers, offering cost-effective products with support for customization and small-batch trial production.","breadcrumb":{"@id":"https:\/\/kinfilter.com\/product\/pipeline-water-dispenser-le3\/#breadcrumb"},"inLanguage":"es","potentialAction":[{"@type":"ReadAction","target":["https:\/\/kinfilter.com\/product\/pipeline-water-dispenser-le3\/"]}]},{"@type":"ImageObject","inLanguage":"es","@id":"https:\/\/kinfilter.com\/product\/pipeline-water-dispenser-le3\/#primaryimage","url":"https:\/\/kinfilter.com\/wp-content\/uploads\/2025\/09\/Pipeline-Water-Dispenser-LE3-1.jpg","contentUrl":"https:\/\/kinfilter.com\/wp-content\/uploads\/2025\/09\/Pipeline-Water-Dispenser-LE3-1.jpg","width":600,"height":600,"caption":"Front View of the Pipeline Water Dispenser-LE3"},{"@type":"BreadcrumbList","@id":"https:\/\/kinfilter.com\/product\/pipeline-water-dispenser-le3\/#breadcrumb","itemListElement":[{"@type":"ListItem","position":1,"name":"Home","item":"https:\/\/kinfilter.com\/"},{"@type":"ListItem","position":2,"name":"Product","item":"https:\/\/kinfilter.com\/product\/"},{"@type":"ListItem","position":3,"name":"Pipeline Water Dispenser-LE3"}]},{"@type":"WebSite","@id":"https:\/\/kinfilter.com\/#website","url":"https:\/\/kinfilter.com\/","name":"Ningbo Keyinle Technology Co., Ltd.","description":"Professional Water Purifier Manufacturer","publisher":{"@id":"https:\/\/kinfilter.com\/#organization"},"potentialAction":[{"@type":"SearchAction","target":{"@type":"EntryPoint","urlTemplate":"https:\/\/kinfilter.com\/?s={search_term_string}"},"query-input":"required name=search_term_string"}],"inLanguage":"es"},{"@type":"Organization","@id":"https:\/\/kinfilter.com\/#organization","name":"Ningbo Keyinle Technology Co., Ltd.","url":"https:\/\/kinfilter.com\/","logo":{"@type":"ImageObject","inLanguage":"es","@id":"https:\/\/kinfilter.com\/#\/schema\/logo\/image\/","url":"","contentUrl":"","caption":"Ningbo Keyinle Technology Co., Ltd."},"image":{"@id":"https:\/\/kinfilter.com\/#\/schema\/logo\/image\/"}}]}},"_links":{"self":[{"href":"https:\/\/kinfilter.com\/es\/wp-json\/wp\/v2\/product\/1890","targetHints":{"allow":["GET"]}}],"collection":[{"href":"https:\/\/kinfilter.com\/es\/wp-json\/wp\/v2\/product"}],"about":[{"href":"https:\/\/kinfilter.com\/es\/wp-json\/wp\/v2\/types\/product"}],"wp:featuredmedia":[{"embeddable":true,"href":"https:\/\/kinfilter.com\/es\/wp-json\/wp\/v2\/media\/1891"}],"wp:attachment":[{"href":"https:\/\/kinfilter.com\/es\/wp-json\/wp\/v2\/media?parent=1890"}],"wp:term":[{"taxonomy":"product_brand","embeddable":true,"href":"https:\/\/kinfilter.com\/es\/wp-json\/wp\/v2\/product_brand?post=1890"},{"taxonomy":"product_cat","embeddable":true,"href":"https:\/\/kinfilter.com\/es\/wp-json\/wp\/v2\/product_cat?post=1890"},{"taxonomy":"product_tag","embeddable":true,"href":"https:\/\/kinfilter.com\/es\/wp-json\/wp\/v2\/product_tag?post=1890"}],"curies":[{"name":"wp","href":"https:\/\/api.w.org\/{rel}","templated":true}]}}