{"id":1875,"date":"2025-09-28T03:02:18","date_gmt":"2025-09-28T03:02:18","guid":{"rendered":"https:\/\/kinfilter.com\/?post_type=product&#038;p=1875"},"modified":"2025-10-14T10:54:51","modified_gmt":"2025-10-14T02:54:51","slug":"office-water-dispensers-kh600","status":"publish","type":"product","link":"https:\/\/kinfilter.com\/es\/producto\/office-water-dispensers-kh600\/","title":{"rendered":"Dispensadores de agua para oficina - KH600"},"content":{"rendered":"<p>Somos proveedores de dispensadores de agua. Nuestros dispensadores de agua para oficina son ideales para hogares, escuelas y oficinas. Puede elegir entre un sistema de \u00f3smosis inversa, un sistema de ultrafiltraci\u00f3n o sin filtro.<br \/>\n1. La pantalla muestra en tiempo real la temperatura y los valores de TDS (s\u00f3lidos disueltos totales) del agua cruda y del agua purificada, lo que le permite ver claramente la calidad del agua.<br \/>\n2. Puede elegir entre refrigeraci\u00f3n electr\u00f3nica o refrigeraci\u00f3n por compresor.<br \/>\n3. El dispensador es compacto y ahorra espacio.<br \/>\n4. La temperatura se puede ajustar a 50 \u2103 para conservar el calor, lo que la hace adecuada para ni\u00f1os peque\u00f1os.<br \/>\n5. Si tiene mayores exigencias en cuanto a la calidad del agua, tambi\u00e9n se puede actualizar para producir agua alcalina; incluso si tiene alguna necesidad especial, ofrecemos personalizaci\u00f3n exclusiva para usted.<\/p>\n<p>6. Especificaciones del producto (Elija refrigeraci\u00f3n electr\u00f3nica o refrigeraci\u00f3n por compresor):<\/p>\n<p>\u2013 Voltaje: 220 V (110 V personalizable)<br \/>\n\u200b<br \/>\n\u2013 Frecuencia: 50 Hz<br \/>\n\u200b<br \/>\n\u2013 Potencia de calefacci\u00f3n: 800 W<br \/>\n\u200b<br \/>\n\u2013 Potencia de refrigeraci\u00f3n electr\u00f3nica: 60 W<br \/>\n\u200b<br \/>\n\u2013 Potencia de refrigeraci\u00f3n del compresor: 120 W<br \/>\n\u200b<br \/>\n\u2013 Dep\u00f3sito de agua a temperatura ambiente: 6 l<br \/>\n\u200b<br \/>\n\u2013 Dep\u00f3sito de agua caliente: 2 litros<br \/>\n\u200b<br \/>\n\u2013 Dep\u00f3sito de refrigeraci\u00f3n electr\u00f3nica: 800 ml<br \/>\n\u200b<br \/>\n\u2013 Dep\u00f3sito de hielo para refrigeraci\u00f3n del compresor: 1 litro<br \/>\n\u200b<br \/>\n\u2013 Dimensiones del producto: 40 cm de ancho x 31 cm de profundidad x 113 cm de alto<\/p>\n<p><img loading=\"lazy\" decoding=\"async\" class=\"aligncenter size-full wp-image-1877\" src=\"http:\/\/kinfilter.com\/wp-content\/uploads\/2025\/09\/Office-Water-Dispensers-kh600-2-1.jpg\" alt=\"Functions of The Office Water Dispensers-kh600\" width=\"600\" height=\"600\" srcset=\"https:\/\/kinfilter.com\/wp-content\/uploads\/2025\/09\/Office-Water-Dispensers-kh600-2-1.jpg 600w, https:\/\/kinfilter.com\/wp-content\/uploads\/2025\/09\/Office-Water-Dispensers-kh600-2-1-500x500.jpg 500w, https:\/\/kinfilter.com\/wp-content\/uploads\/2025\/09\/Office-Water-Dispensers-kh600-2-1-300x300.jpg 300w, https:\/\/kinfilter.com\/wp-content\/uploads\/2025\/09\/Office-Water-Dispensers-kh600-2-1-150x150.jpg 150w, https:\/\/kinfilter.com\/wp-content\/uploads\/2025\/09\/Office-Water-Dispensers-kh600-2-1-75x75.jpg 75w, https:\/\/kinfilter.com\/wp-content\/uploads\/2025\/09\/Office-Water-Dispensers-kh600-2-1-480x480.jpg 480w\" sizes=\"auto, (max-width:767px) 480px, 600px\" \/> <img loading=\"lazy\" decoding=\"async\" class=\"aligncenter size-full wp-image-1881\" src=\"http:\/\/kinfilter.com\/wp-content\/uploads\/2025\/09\/Office-Water-Dispensers-kh600-6-1.jpg\" alt=\"Dimensions of the Office Water Dispensers-kh600\" width=\"600\" height=\"600\" srcset=\"https:\/\/kinfilter.com\/wp-content\/uploads\/2025\/09\/Office-Water-Dispensers-kh600-6-1.jpg 600w, https:\/\/kinfilter.com\/wp-content\/uploads\/2025\/09\/Office-Water-Dispensers-kh600-6-1-500x500.jpg 500w, https:\/\/kinfilter.com\/wp-content\/uploads\/2025\/09\/Office-Water-Dispensers-kh600-6-1-300x300.jpg 300w, https:\/\/kinfilter.com\/wp-content\/uploads\/2025\/09\/Office-Water-Dispensers-kh600-6-1-150x150.jpg 150w, https:\/\/kinfilter.com\/wp-content\/uploads\/2025\/09\/Office-Water-Dispensers-kh600-6-1-75x75.jpg 75w, https:\/\/kinfilter.com\/wp-content\/uploads\/2025\/09\/Office-Water-Dispensers-kh600-6-1-480x480.jpg 480w\" sizes=\"auto, (max-width:767px) 480px, 600px\" \/> <img loading=\"lazy\" decoding=\"async\" class=\"aligncenter size-full wp-image-1880\" src=\"http:\/\/kinfilter.com\/wp-content\/uploads\/2025\/09\/Office-Water-Dispensers-kh600-5-1.jpg\" alt=\"Suitable Scenarios for Office Water Dispensers-kh600\" width=\"600\" height=\"600\" srcset=\"https:\/\/kinfilter.com\/wp-content\/uploads\/2025\/09\/Office-Water-Dispensers-kh600-5-1.jpg 600w, https:\/\/kinfilter.com\/wp-content\/uploads\/2025\/09\/Office-Water-Dispensers-kh600-5-1-500x500.jpg 500w, https:\/\/kinfilter.com\/wp-content\/uploads\/2025\/09\/Office-Water-Dispensers-kh600-5-1-300x300.jpg 300w, https:\/\/kinfilter.com\/wp-content\/uploads\/2025\/09\/Office-Water-Dispensers-kh600-5-1-150x150.jpg 150w, https:\/\/kinfilter.com\/wp-content\/uploads\/2025\/09\/Office-Water-Dispensers-kh600-5-1-75x75.jpg 75w, https:\/\/kinfilter.com\/wp-content\/uploads\/2025\/09\/Office-Water-Dispensers-kh600-5-1-480x480.jpg 480w\" sizes=\"auto, (max-width:767px) 480px, 600px\" \/> <img loading=\"lazy\" decoding=\"async\" class=\"aligncenter size-full wp-image-1879\" src=\"http:\/\/kinfilter.com\/wp-content\/uploads\/2025\/09\/Office-Water-Dispensers-kh600-4-1.jpg\" alt=\"Office Water Dispensers-kh600 display\" width=\"600\" height=\"600\" srcset=\"https:\/\/kinfilter.com\/wp-content\/uploads\/2025\/09\/Office-Water-Dispensers-kh600-4-1.jpg 600w, https:\/\/kinfilter.com\/wp-content\/uploads\/2025\/09\/Office-Water-Dispensers-kh600-4-1-500x500.jpg 500w, https:\/\/kinfilter.com\/wp-content\/uploads\/2025\/09\/Office-Water-Dispensers-kh600-4-1-300x300.jpg 300w, https:\/\/kinfilter.com\/wp-content\/uploads\/2025\/09\/Office-Water-Dispensers-kh600-4-1-150x150.jpg 150w, https:\/\/kinfilter.com\/wp-content\/uploads\/2025\/09\/Office-Water-Dispensers-kh600-4-1-75x75.jpg 75w, https:\/\/kinfilter.com\/wp-content\/uploads\/2025\/09\/Office-Water-Dispensers-kh600-4-1-480x480.jpg 480w\" sizes=\"auto, (max-width:767px) 480px, 600px\" \/> <img loading=\"lazy\" decoding=\"async\" class=\"aligncenter size-full wp-image-1878\" src=\"http:\/\/kinfilter.com\/wp-content\/uploads\/2025\/09\/Office-Water-Dispensers-kh600-3-1.jpg\" alt=\"Office Water Dispensers-kh600 Sleep Mode\" width=\"600\" height=\"600\" srcset=\"https:\/\/kinfilter.com\/wp-content\/uploads\/2025\/09\/Office-Water-Dispensers-kh600-3-1.jpg 600w, https:\/\/kinfilter.com\/wp-content\/uploads\/2025\/09\/Office-Water-Dispensers-kh600-3-1-500x500.jpg 500w, https:\/\/kinfilter.com\/wp-content\/uploads\/2025\/09\/Office-Water-Dispensers-kh600-3-1-300x300.jpg 300w, https:\/\/kinfilter.com\/wp-content\/uploads\/2025\/09\/Office-Water-Dispensers-kh600-3-1-150x150.jpg 150w, https:\/\/kinfilter.com\/wp-content\/uploads\/2025\/09\/Office-Water-Dispensers-kh600-3-1-75x75.jpg 75w, https:\/\/kinfilter.com\/wp-content\/uploads\/2025\/09\/Office-Water-Dispensers-kh600-3-1-480x480.jpg 480w\" sizes=\"auto, (max-width:767px) 480px, 600px\" \/><\/p>\n<p>&nbsp;<\/p>","protected":false},"excerpt":{"rendered":"<p><span class=\"excerpt-hellip\"> [\u2026]<\/span><\/p>","protected":false},"featured_media":1876,"template":"","meta":[],"product_brand":[],"product_cat":[50,44],"product_tag":[],"class_list":{"0":"post-1875","1":"product","2":"type-product","3":"status-publish","4":"has-post-thumbnail","6":"product_cat-hot-and-cold-water-dispenser","7":"product_cat-standing-water-dispenser","9":"first","10":"instock","11":"shipping-taxable","12":"product-type-external"},"yoast_head":"<!-- This site is optimized with the Yoast SEO Premium plugin v20.5 (Yoast SEO v22.7) - https:\/\/yoast.com\/wordpress\/plugins\/seo\/ -->\n<title>bottleless water cooler company<\/title>\n<meta name=\"description\" content=\"An excellent bottleless water cooler company offering cost-effective products, supporting customization needs, accommodating small-batch trial production.\" \/>\n<meta name=\"robots\" content=\"index, follow, max-snippet:-1, max-image-preview:large, max-video-preview:-1\" \/>\n<link rel=\"canonical\" href=\"https:\/\/kinfilter.com\/es\/producto\/office-water-dispensers-kh600\/\" \/>\n<meta property=\"og:locale\" content=\"es_ES\" \/>\n<meta property=\"og:type\" content=\"article\" \/>\n<meta property=\"og:title\" content=\"Office Water Dispensers-KH600\" \/>\n<meta property=\"og:description\" content=\"An excellent bottleless water cooler company offering cost-effective products, supporting customization needs, accommodating small-batch trial production.\" \/>\n<meta property=\"og:url\" content=\"https:\/\/kinfilter.com\/es\/producto\/office-water-dispensers-kh600\/\" \/>\n<meta property=\"og:site_name\" content=\"Ningbo Keyinle Technology Co., Ltd.\" \/>\n<meta property=\"article:modified_time\" content=\"2025-10-14T02:54:51+00:00\" \/>\n<meta property=\"og:image\" content=\"http:\/\/kinfilter.com\/wp-content\/uploads\/2025\/09\/Office-Water-Dispensers-kh600-1-1.jpg\" \/>\n\t<meta property=\"og:image:width\" content=\"600\" \/>\n\t<meta property=\"og:image:height\" content=\"600\" \/>\n\t<meta property=\"og:image:type\" content=\"image\/jpeg\" \/>\n<meta name=\"twitter:card\" content=\"summary_large_image\" \/>\n<meta name=\"twitter:label1\" content=\"Tiempo de lectura\" \/>\n\t<meta name=\"twitter:data1\" content=\"2 minutos\" \/>\n<script type=\"application\/ld+json\" class=\"yoast-schema-graph\">{\"@context\":\"https:\/\/schema.org\",\"@graph\":[{\"@type\":\"WebPage\",\"@id\":\"https:\/\/kinfilter.com\/product\/office-water-dispensers-kh600\/\",\"url\":\"https:\/\/kinfilter.com\/product\/office-water-dispensers-kh600\/\",\"name\":\"bottleless water cooler company\",\"isPartOf\":{\"@id\":\"https:\/\/kinfilter.com\/#website\"},\"primaryImageOfPage\":{\"@id\":\"https:\/\/kinfilter.com\/product\/office-water-dispensers-kh600\/#primaryimage\"},\"image\":{\"@id\":\"https:\/\/kinfilter.com\/product\/office-water-dispensers-kh600\/#primaryimage\"},\"thumbnailUrl\":\"https:\/\/kinfilter.com\/wp-content\/uploads\/2025\/09\/Office-Water-Dispensers-kh600-1-1.jpg\",\"datePublished\":\"2025-09-28T03:02:18+00:00\",\"dateModified\":\"2025-10-14T02:54:51+00:00\",\"description\":\"An excellent bottleless water cooler company offering cost-effective products, supporting customization needs, accommodating small-batch trial production.\",\"breadcrumb\":{\"@id\":\"https:\/\/kinfilter.com\/product\/office-water-dispensers-kh600\/#breadcrumb\"},\"inLanguage\":\"es\",\"potentialAction\":[{\"@type\":\"ReadAction\",\"target\":[\"https:\/\/kinfilter.com\/product\/office-water-dispensers-kh600\/\"]}]},{\"@type\":\"ImageObject\",\"inLanguage\":\"es\",\"@id\":\"https:\/\/kinfilter.com\/product\/office-water-dispensers-kh600\/#primaryimage\",\"url\":\"https:\/\/kinfilter.com\/wp-content\/uploads\/2025\/09\/Office-Water-Dispensers-kh600-1-1.jpg\",\"contentUrl\":\"https:\/\/kinfilter.com\/wp-content\/uploads\/2025\/09\/Office-Water-Dispensers-kh600-1-1.jpg\",\"width\":600,\"height\":600,\"caption\":\"The side of the Office Water Dispensers-kh600\"},{\"@type\":\"BreadcrumbList\",\"@id\":\"https:\/\/kinfilter.com\/product\/office-water-dispensers-kh600\/#breadcrumb\",\"itemListElement\":[{\"@type\":\"ListItem\",\"position\":1,\"name\":\"Home\",\"item\":\"https:\/\/kinfilter.com\/\"},{\"@type\":\"ListItem\",\"position\":2,\"name\":\"Product\",\"item\":\"https:\/\/kinfilter.com\/product\/\"},{\"@type\":\"ListItem\",\"position\":3,\"name\":\"Office Water Dispensers-KH600\"}]},{\"@type\":\"WebSite\",\"@id\":\"https:\/\/kinfilter.com\/#website\",\"url\":\"https:\/\/kinfilter.com\/\",\"name\":\"Ningbo Keyinle Technology Co., Ltd.\",\"description\":\"Professional Water Purifier Manufacturer\",\"publisher\":{\"@id\":\"https:\/\/kinfilter.com\/#organization\"},\"potentialAction\":[{\"@type\":\"SearchAction\",\"target\":{\"@type\":\"EntryPoint\",\"urlTemplate\":\"https:\/\/kinfilter.com\/?s={search_term_string}\"},\"query-input\":\"required name=search_term_string\"}],\"inLanguage\":\"es\"},{\"@type\":\"Organization\",\"@id\":\"https:\/\/kinfilter.com\/#organization\",\"name\":\"Ningbo Keyinle Technology Co., Ltd.\",\"url\":\"https:\/\/kinfilter.com\/\",\"logo\":{\"@type\":\"ImageObject\",\"inLanguage\":\"es\",\"@id\":\"https:\/\/kinfilter.com\/#\/schema\/logo\/image\/\",\"url\":\"\",\"contentUrl\":\"\",\"caption\":\"Ningbo Keyinle Technology Co., Ltd.\"},\"image\":{\"@id\":\"https:\/\/kinfilter.com\/#\/schema\/logo\/image\/\"}}]}<\/script>\n<!-- \/ Yoast SEO Premium plugin. -->","yoast_head_json":{"title":"bottleless water cooler company","description":"An excellent bottleless water cooler company offering cost-effective products, supporting customization needs, accommodating small-batch trial production.","robots":{"index":"index","follow":"follow","max-snippet":"max-snippet:-1","max-image-preview":"max-image-preview:large","max-video-preview":"max-video-preview:-1"},"canonical":"https:\/\/kinfilter.com\/es\/producto\/office-water-dispensers-kh600\/","og_locale":"es_ES","og_type":"article","og_title":"Office Water Dispensers-KH600","og_description":"An excellent bottleless water cooler company offering cost-effective products, supporting customization needs, accommodating small-batch trial production.","og_url":"https:\/\/kinfilter.com\/es\/producto\/office-water-dispensers-kh600\/","og_site_name":"Ningbo Keyinle Technology Co., Ltd.","article_modified_time":"2025-10-14T02:54:51+00:00","og_image":[{"width":600,"height":600,"url":"http:\/\/kinfilter.com\/wp-content\/uploads\/2025\/09\/Office-Water-Dispensers-kh600-1-1.jpg","type":"image\/jpeg"}],"twitter_card":"summary_large_image","twitter_misc":{"Tiempo de lectura":"2 minutos"},"schema":{"@context":"https:\/\/schema.org","@graph":[{"@type":"WebPage","@id":"https:\/\/kinfilter.com\/product\/office-water-dispensers-kh600\/","url":"https:\/\/kinfilter.com\/product\/office-water-dispensers-kh600\/","name":"bottleless water cooler company","isPartOf":{"@id":"https:\/\/kinfilter.com\/#website"},"primaryImageOfPage":{"@id":"https:\/\/kinfilter.com\/product\/office-water-dispensers-kh600\/#primaryimage"},"image":{"@id":"https:\/\/kinfilter.com\/product\/office-water-dispensers-kh600\/#primaryimage"},"thumbnailUrl":"https:\/\/kinfilter.com\/wp-content\/uploads\/2025\/09\/Office-Water-Dispensers-kh600-1-1.jpg","datePublished":"2025-09-28T03:02:18+00:00","dateModified":"2025-10-14T02:54:51+00:00","description":"An excellent bottleless water cooler company offering cost-effective products, supporting customization needs, accommodating small-batch trial production.","breadcrumb":{"@id":"https:\/\/kinfilter.com\/product\/office-water-dispensers-kh600\/#breadcrumb"},"inLanguage":"es","potentialAction":[{"@type":"ReadAction","target":["https:\/\/kinfilter.com\/product\/office-water-dispensers-kh600\/"]}]},{"@type":"ImageObject","inLanguage":"es","@id":"https:\/\/kinfilter.com\/product\/office-water-dispensers-kh600\/#primaryimage","url":"https:\/\/kinfilter.com\/wp-content\/uploads\/2025\/09\/Office-Water-Dispensers-kh600-1-1.jpg","contentUrl":"https:\/\/kinfilter.com\/wp-content\/uploads\/2025\/09\/Office-Water-Dispensers-kh600-1-1.jpg","width":600,"height":600,"caption":"The side of the Office Water Dispensers-kh600"},{"@type":"BreadcrumbList","@id":"https:\/\/kinfilter.com\/product\/office-water-dispensers-kh600\/#breadcrumb","itemListElement":[{"@type":"ListItem","position":1,"name":"Home","item":"https:\/\/kinfilter.com\/"},{"@type":"ListItem","position":2,"name":"Product","item":"https:\/\/kinfilter.com\/product\/"},{"@type":"ListItem","position":3,"name":"Office Water Dispensers-KH600"}]},{"@type":"WebSite","@id":"https:\/\/kinfilter.com\/#website","url":"https:\/\/kinfilter.com\/","name":"Ningbo Keyinle Technology Co., Ltd.","description":"Professional Water Purifier Manufacturer","publisher":{"@id":"https:\/\/kinfilter.com\/#organization"},"potentialAction":[{"@type":"SearchAction","target":{"@type":"EntryPoint","urlTemplate":"https:\/\/kinfilter.com\/?s={search_term_string}"},"query-input":"required name=search_term_string"}],"inLanguage":"es"},{"@type":"Organization","@id":"https:\/\/kinfilter.com\/#organization","name":"Ningbo Keyinle Technology Co., Ltd.","url":"https:\/\/kinfilter.com\/","logo":{"@type":"ImageObject","inLanguage":"es","@id":"https:\/\/kinfilter.com\/#\/schema\/logo\/image\/","url":"","contentUrl":"","caption":"Ningbo Keyinle Technology Co., Ltd."},"image":{"@id":"https:\/\/kinfilter.com\/#\/schema\/logo\/image\/"}}]}},"_links":{"self":[{"href":"https:\/\/kinfilter.com\/es\/wp-json\/wp\/v2\/product\/1875","targetHints":{"allow":["GET"]}}],"collection":[{"href":"https:\/\/kinfilter.com\/es\/wp-json\/wp\/v2\/product"}],"about":[{"href":"https:\/\/kinfilter.com\/es\/wp-json\/wp\/v2\/types\/product"}],"wp:featuredmedia":[{"embeddable":true,"href":"https:\/\/kinfilter.com\/es\/wp-json\/wp\/v2\/media\/1876"}],"wp:attachment":[{"href":"https:\/\/kinfilter.com\/es\/wp-json\/wp\/v2\/media?parent=1875"}],"wp:term":[{"taxonomy":"product_brand","embeddable":true,"href":"https:\/\/kinfilter.com\/es\/wp-json\/wp\/v2\/product_brand?post=1875"},{"taxonomy":"product_cat","embeddable":true,"href":"https:\/\/kinfilter.com\/es\/wp-json\/wp\/v2\/product_cat?post=1875"},{"taxonomy":"product_tag","embeddable":true,"href":"https:\/\/kinfilter.com\/es\/wp-json\/wp\/v2\/product_tag?post=1875"}],"curies":[{"name":"wp","href":"https:\/\/api.w.org\/{rel}","templated":true}]}}