{"id":1852,"date":"2025-09-28T01:17:06","date_gmt":"2025-09-28T01:17:06","guid":{"rendered":"https:\/\/kinfilter.com\/?post_type=product&#038;p=1852"},"modified":"2025-10-14T11:00:19","modified_gmt":"2025-10-14T03:00:19","slug":"standing-water-dispenser-kh06","status":"publish","type":"product","link":"https:\/\/kinfilter.com\/es\/producto\/standing-water-dispenser-kh06\/","title":{"rendered":"Dispensador de agua estancada-KH06"},"content":{"rendered":"<p>Somos proveedores de dispensadores de agua fr\u00eda y caliente. Nuestro dispensador de agua estancada utiliza filtraci\u00f3n por \u00f3smosis inversa de cinco etapas, con funciones de calefacci\u00f3n y refrigeraci\u00f3n. Es ideal para espacios comerciales como oficinas, escuelas y hospitales. Ofrece las siguientes ventajas:<\/p>\n<ol>\n<li>Pantalla dual TDS (s\u00f3lidos disueltos totales) para agua cruda y agua purificada, lo que hace visible el efecto de purificaci\u00f3n.<\/li>\n<li>El cuerpo est\u00e1 hecho de chapa met\u00e1lica completa con pulverizaci\u00f3n de pl\u00e1stico, que es duradera, hermosa y magn\u00edfica.<\/li>\n<li>Capacidades opcionales de 100G, 400G, 600G y 800G para satisfacer diferentes necesidades de consumo de agua.<\/li>\n<li>Se puede agregar un elemento de filtro alcalino opcional.<\/li>\n<li>Se puede agregar una funci\u00f3n opcional rica en hidr\u00f3geno.<\/li>\n<li>Se pueden proporcionar servicios de modificaci\u00f3n personalizados.<\/li>\n<li>Especificaciones del producto (elija entre refrigeraci\u00f3n electr\u00f3nica o refrigeraci\u00f3n por compresor):<br \/>\n\u2013 Voltaje: 220V (110V personalizable)<br \/>\n\u2013 Frecuencia: 50Hz<br \/>\n\u2013 Potencia de calentamiento: 1000W<br \/>\n\u2013 Potencia de refrigeraci\u00f3n electr\u00f3nica: 60 W<br \/>\n\u2013 Potencia de enfriamiento del compresor: 120W<br \/>\n\u2013 Tanque de agua a temperatura ambiente: 10L<br \/>\n\u2013 Tanque de agua caliente: 5L<br \/>\n\u2013 Tanque de enfriamiento electr\u00f3nico: 800 ml<br \/>\n\u2013 Tanque de hielo de enfriamiento del compresor: 5L<br \/>\n\u2013 Dimensiones del producto: 40 x 40 x 145 cm<\/li>\n<\/ol>\n<p><img loading=\"lazy\" decoding=\"async\" class=\"aligncenter size-full wp-image-1855\" src=\"http:\/\/kinfilter.com\/wp-content\/uploads\/2025\/09\/Standing-water-dispenser-KH06-3.jpg\" alt=\"Features of Standing water dispenser-KH06\" width=\"600\" height=\"600\" srcset=\"https:\/\/kinfilter.com\/wp-content\/uploads\/2025\/09\/Standing-water-dispenser-KH06-3.jpg 600w, https:\/\/kinfilter.com\/wp-content\/uploads\/2025\/09\/Standing-water-dispenser-KH06-3-500x500.jpg 500w, https:\/\/kinfilter.com\/wp-content\/uploads\/2025\/09\/Standing-water-dispenser-KH06-3-300x300.jpg 300w, https:\/\/kinfilter.com\/wp-content\/uploads\/2025\/09\/Standing-water-dispenser-KH06-3-150x150.jpg 150w, https:\/\/kinfilter.com\/wp-content\/uploads\/2025\/09\/Standing-water-dispenser-KH06-3-75x75.jpg 75w, https:\/\/kinfilter.com\/wp-content\/uploads\/2025\/09\/Standing-water-dispenser-KH06-3-480x480.jpg 480w\" sizes=\"auto, (max-width:767px) 480px, 600px\" \/> <img loading=\"lazy\" decoding=\"async\" class=\"aligncenter size-full wp-image-1859\" src=\"http:\/\/kinfilter.com\/wp-content\/uploads\/2025\/09\/Standing-water-dispenser-KH06-7.jpg\" alt=\"Standing water dispenser-KH06 Dimensions\" width=\"600\" height=\"1200\" srcset=\"https:\/\/kinfilter.com\/wp-content\/uploads\/2025\/09\/Standing-water-dispenser-KH06-7.jpg 600w, https:\/\/kinfilter.com\/wp-content\/uploads\/2025\/09\/Standing-water-dispenser-KH06-7-250x500.jpg 250w, https:\/\/kinfilter.com\/wp-content\/uploads\/2025\/09\/Standing-water-dispenser-KH06-7-150x300.jpg 150w, https:\/\/kinfilter.com\/wp-content\/uploads\/2025\/09\/Standing-water-dispenser-KH06-7-38x75.jpg 38w, https:\/\/kinfilter.com\/wp-content\/uploads\/2025\/09\/Standing-water-dispenser-KH06-7-480x960.jpg 480w\" sizes=\"auto, (max-width:767px) 480px, 600px\" \/> <img loading=\"lazy\" decoding=\"async\" class=\"aligncenter size-full wp-image-1858\" src=\"http:\/\/kinfilter.com\/wp-content\/uploads\/2025\/09\/Standing-water-dispenser-KH06-6.jpg\" alt=\"Standing water dispenser-KH06 Electronic Control\" width=\"600\" height=\"600\" srcset=\"https:\/\/kinfilter.com\/wp-content\/uploads\/2025\/09\/Standing-water-dispenser-KH06-6.jpg 600w, https:\/\/kinfilter.com\/wp-content\/uploads\/2025\/09\/Standing-water-dispenser-KH06-6-500x500.jpg 500w, https:\/\/kinfilter.com\/wp-content\/uploads\/2025\/09\/Standing-water-dispenser-KH06-6-300x300.jpg 300w, https:\/\/kinfilter.com\/wp-content\/uploads\/2025\/09\/Standing-water-dispenser-KH06-6-150x150.jpg 150w, https:\/\/kinfilter.com\/wp-content\/uploads\/2025\/09\/Standing-water-dispenser-KH06-6-75x75.jpg 75w, https:\/\/kinfilter.com\/wp-content\/uploads\/2025\/09\/Standing-water-dispenser-KH06-6-480x480.jpg 480w\" sizes=\"auto, (max-width:767px) 480px, 600px\" \/> <img loading=\"lazy\" decoding=\"async\" class=\"aligncenter size-full wp-image-1857\" src=\"http:\/\/kinfilter.com\/wp-content\/uploads\/2025\/09\/Standing-water-dispenser-KH06-5.jpg\" alt=\"Standing water dispenser-KH06 Filter Cartridge\" width=\"600\" height=\"1200\" srcset=\"https:\/\/kinfilter.com\/wp-content\/uploads\/2025\/09\/Standing-water-dispenser-KH06-5.jpg 600w, https:\/\/kinfilter.com\/wp-content\/uploads\/2025\/09\/Standing-water-dispenser-KH06-5-250x500.jpg 250w, https:\/\/kinfilter.com\/wp-content\/uploads\/2025\/09\/Standing-water-dispenser-KH06-5-150x300.jpg 150w, https:\/\/kinfilter.com\/wp-content\/uploads\/2025\/09\/Standing-water-dispenser-KH06-5-38x75.jpg 38w, https:\/\/kinfilter.com\/wp-content\/uploads\/2025\/09\/Standing-water-dispenser-KH06-5-480x960.jpg 480w\" sizes=\"auto, (max-width:767px) 480px, 600px\" \/> <img loading=\"lazy\" decoding=\"async\" class=\"aligncenter size-full wp-image-1856\" src=\"http:\/\/kinfilter.com\/wp-content\/uploads\/2025\/09\/Standing-water-dispenser-KH06-4.jpg\" alt=\"Advantages of Standing water dispenser-KH06\" width=\"600\" height=\"800\" srcset=\"https:\/\/kinfilter.com\/wp-content\/uploads\/2025\/09\/Standing-water-dispenser-KH06-4.jpg 600w, https:\/\/kinfilter.com\/wp-content\/uploads\/2025\/09\/Standing-water-dispenser-KH06-4-375x500.jpg 375w, https:\/\/kinfilter.com\/wp-content\/uploads\/2025\/09\/Standing-water-dispenser-KH06-4-225x300.jpg 225w, https:\/\/kinfilter.com\/wp-content\/uploads\/2025\/09\/Standing-water-dispenser-KH06-4-56x75.jpg 56w, https:\/\/kinfilter.com\/wp-content\/uploads\/2025\/09\/Standing-water-dispenser-KH06-4-480x640.jpg 480w\" sizes=\"auto, (max-width:767px) 480px, 600px\" \/><\/p>","protected":false},"excerpt":{"rendered":"<p><span class=\"excerpt-hellip\"> [\u2026]<\/span><\/p>","protected":false},"featured_media":1853,"template":"","meta":[],"product_brand":[],"product_cat":[50,48,44],"product_tag":[],"class_list":{"0":"post-1852","1":"product","2":"type-product","3":"status-publish","4":"has-post-thumbnail","6":"product_cat-hot-and-cold-water-dispenser","7":"product_cat-hydrogen-rich-water-machine","8":"product_cat-standing-water-dispenser","10":"first","11":"instock","12":"shipping-taxable","13":"product-type-external"},"yoast_head":"<!-- This site is optimized with the Yoast SEO Premium plugin v20.5 (Yoast SEO v22.7) - https:\/\/yoast.com\/wordpress\/plugins\/seo\/ -->\n<title>Standing Water Dispenser water dispenser factory<\/title>\n<meta name=\"description\" content=\"An excellent water dispenser manufacturer offering cost-effective products, supporting customization needs, and accommodating small-batch trial production.\" \/>\n<meta name=\"robots\" content=\"index, follow, max-snippet:-1, max-image-preview:large, max-video-preview:-1\" \/>\n<link rel=\"canonical\" href=\"https:\/\/kinfilter.com\/es\/producto\/standing-water-dispenser-kh06\/\" \/>\n<meta property=\"og:locale\" content=\"es_ES\" \/>\n<meta property=\"og:type\" content=\"article\" \/>\n<meta property=\"og:title\" content=\"Standing Water Dispenser-KH06\" \/>\n<meta property=\"og:description\" content=\"An excellent water dispenser manufacturer offering cost-effective products, supporting customization needs, and accommodating small-batch trial production.\" \/>\n<meta property=\"og:url\" content=\"https:\/\/kinfilter.com\/es\/producto\/standing-water-dispenser-kh06\/\" \/>\n<meta property=\"og:site_name\" content=\"Ningbo Keyinle Technology Co., Ltd.\" \/>\n<meta property=\"article:modified_time\" content=\"2025-10-14T03:00:19+00:00\" \/>\n<meta property=\"og:image\" content=\"http:\/\/kinfilter.com\/wp-content\/uploads\/2025\/09\/Standing-water-dispenser-KH06-1.jpg\" \/>\n\t<meta property=\"og:image:width\" content=\"600\" \/>\n\t<meta property=\"og:image:height\" content=\"600\" \/>\n\t<meta property=\"og:image:type\" content=\"image\/jpeg\" \/>\n<meta name=\"twitter:card\" content=\"summary_large_image\" \/>\n<meta name=\"twitter:label1\" content=\"Tiempo de lectura\" \/>\n\t<meta name=\"twitter:data1\" content=\"2 minutos\" \/>\n<script type=\"application\/ld+json\" class=\"yoast-schema-graph\">{\"@context\":\"https:\/\/schema.org\",\"@graph\":[{\"@type\":\"WebPage\",\"@id\":\"https:\/\/kinfilter.com\/product\/standing-water-dispenser-kh06\/\",\"url\":\"https:\/\/kinfilter.com\/product\/standing-water-dispenser-kh06\/\",\"name\":\"Standing Water Dispenser water dispenser factory\",\"isPartOf\":{\"@id\":\"https:\/\/kinfilter.com\/#website\"},\"primaryImageOfPage\":{\"@id\":\"https:\/\/kinfilter.com\/product\/standing-water-dispenser-kh06\/#primaryimage\"},\"image\":{\"@id\":\"https:\/\/kinfilter.com\/product\/standing-water-dispenser-kh06\/#primaryimage\"},\"thumbnailUrl\":\"https:\/\/kinfilter.com\/wp-content\/uploads\/2025\/09\/Standing-water-dispenser-KH06-1.jpg\",\"datePublished\":\"2025-09-28T01:17:06+00:00\",\"dateModified\":\"2025-10-14T03:00:19+00:00\",\"description\":\"An excellent water dispenser manufacturer offering cost-effective products, supporting customization needs, and accommodating small-batch trial production.\",\"breadcrumb\":{\"@id\":\"https:\/\/kinfilter.com\/product\/standing-water-dispenser-kh06\/#breadcrumb\"},\"inLanguage\":\"es\",\"potentialAction\":[{\"@type\":\"ReadAction\",\"target\":[\"https:\/\/kinfilter.com\/product\/standing-water-dispenser-kh06\/\"]}]},{\"@type\":\"ImageObject\",\"inLanguage\":\"es\",\"@id\":\"https:\/\/kinfilter.com\/product\/standing-water-dispenser-kh06\/#primaryimage\",\"url\":\"https:\/\/kinfilter.com\/wp-content\/uploads\/2025\/09\/Standing-water-dispenser-KH06-1.jpg\",\"contentUrl\":\"https:\/\/kinfilter.com\/wp-content\/uploads\/2025\/09\/Standing-water-dispenser-KH06-1.jpg\",\"width\":600,\"height\":600,\"caption\":\"Black Standing water dispenser-KH06 Side\"},{\"@type\":\"BreadcrumbList\",\"@id\":\"https:\/\/kinfilter.com\/product\/standing-water-dispenser-kh06\/#breadcrumb\",\"itemListElement\":[{\"@type\":\"ListItem\",\"position\":1,\"name\":\"Home\",\"item\":\"https:\/\/kinfilter.com\/\"},{\"@type\":\"ListItem\",\"position\":2,\"name\":\"Product\",\"item\":\"https:\/\/kinfilter.com\/product\/\"},{\"@type\":\"ListItem\",\"position\":3,\"name\":\"Standing Water Dispenser-KH06\"}]},{\"@type\":\"WebSite\",\"@id\":\"https:\/\/kinfilter.com\/#website\",\"url\":\"https:\/\/kinfilter.com\/\",\"name\":\"Ningbo Keyinle Technology Co., Ltd.\",\"description\":\"Professional Water Purifier Manufacturer\",\"publisher\":{\"@id\":\"https:\/\/kinfilter.com\/#organization\"},\"potentialAction\":[{\"@type\":\"SearchAction\",\"target\":{\"@type\":\"EntryPoint\",\"urlTemplate\":\"https:\/\/kinfilter.com\/?s={search_term_string}\"},\"query-input\":\"required name=search_term_string\"}],\"inLanguage\":\"es\"},{\"@type\":\"Organization\",\"@id\":\"https:\/\/kinfilter.com\/#organization\",\"name\":\"Ningbo Keyinle Technology Co., Ltd.\",\"url\":\"https:\/\/kinfilter.com\/\",\"logo\":{\"@type\":\"ImageObject\",\"inLanguage\":\"es\",\"@id\":\"https:\/\/kinfilter.com\/#\/schema\/logo\/image\/\",\"url\":\"\",\"contentUrl\":\"\",\"caption\":\"Ningbo Keyinle Technology Co., Ltd.\"},\"image\":{\"@id\":\"https:\/\/kinfilter.com\/#\/schema\/logo\/image\/\"}}]}<\/script>\n<!-- \/ Yoast SEO Premium plugin. -->","yoast_head_json":{"title":"Standing Water Dispenser water dispenser factory","description":"An excellent water dispenser manufacturer offering cost-effective products, supporting customization needs, and accommodating small-batch trial production.","robots":{"index":"index","follow":"follow","max-snippet":"max-snippet:-1","max-image-preview":"max-image-preview:large","max-video-preview":"max-video-preview:-1"},"canonical":"https:\/\/kinfilter.com\/es\/producto\/standing-water-dispenser-kh06\/","og_locale":"es_ES","og_type":"article","og_title":"Standing Water Dispenser-KH06","og_description":"An excellent water dispenser manufacturer offering cost-effective products, supporting customization needs, and accommodating small-batch trial production.","og_url":"https:\/\/kinfilter.com\/es\/producto\/standing-water-dispenser-kh06\/","og_site_name":"Ningbo Keyinle Technology Co., Ltd.","article_modified_time":"2025-10-14T03:00:19+00:00","og_image":[{"width":600,"height":600,"url":"http:\/\/kinfilter.com\/wp-content\/uploads\/2025\/09\/Standing-water-dispenser-KH06-1.jpg","type":"image\/jpeg"}],"twitter_card":"summary_large_image","twitter_misc":{"Tiempo de lectura":"2 minutos"},"schema":{"@context":"https:\/\/schema.org","@graph":[{"@type":"WebPage","@id":"https:\/\/kinfilter.com\/product\/standing-water-dispenser-kh06\/","url":"https:\/\/kinfilter.com\/product\/standing-water-dispenser-kh06\/","name":"Standing Water Dispenser water dispenser factory","isPartOf":{"@id":"https:\/\/kinfilter.com\/#website"},"primaryImageOfPage":{"@id":"https:\/\/kinfilter.com\/product\/standing-water-dispenser-kh06\/#primaryimage"},"image":{"@id":"https:\/\/kinfilter.com\/product\/standing-water-dispenser-kh06\/#primaryimage"},"thumbnailUrl":"https:\/\/kinfilter.com\/wp-content\/uploads\/2025\/09\/Standing-water-dispenser-KH06-1.jpg","datePublished":"2025-09-28T01:17:06+00:00","dateModified":"2025-10-14T03:00:19+00:00","description":"An excellent water dispenser manufacturer offering cost-effective products, supporting customization needs, and accommodating small-batch trial production.","breadcrumb":{"@id":"https:\/\/kinfilter.com\/product\/standing-water-dispenser-kh06\/#breadcrumb"},"inLanguage":"es","potentialAction":[{"@type":"ReadAction","target":["https:\/\/kinfilter.com\/product\/standing-water-dispenser-kh06\/"]}]},{"@type":"ImageObject","inLanguage":"es","@id":"https:\/\/kinfilter.com\/product\/standing-water-dispenser-kh06\/#primaryimage","url":"https:\/\/kinfilter.com\/wp-content\/uploads\/2025\/09\/Standing-water-dispenser-KH06-1.jpg","contentUrl":"https:\/\/kinfilter.com\/wp-content\/uploads\/2025\/09\/Standing-water-dispenser-KH06-1.jpg","width":600,"height":600,"caption":"Black Standing water dispenser-KH06 Side"},{"@type":"BreadcrumbList","@id":"https:\/\/kinfilter.com\/product\/standing-water-dispenser-kh06\/#breadcrumb","itemListElement":[{"@type":"ListItem","position":1,"name":"Home","item":"https:\/\/kinfilter.com\/"},{"@type":"ListItem","position":2,"name":"Product","item":"https:\/\/kinfilter.com\/product\/"},{"@type":"ListItem","position":3,"name":"Standing Water Dispenser-KH06"}]},{"@type":"WebSite","@id":"https:\/\/kinfilter.com\/#website","url":"https:\/\/kinfilter.com\/","name":"Ningbo Keyinle Technology Co., Ltd.","description":"Professional Water Purifier Manufacturer","publisher":{"@id":"https:\/\/kinfilter.com\/#organization"},"potentialAction":[{"@type":"SearchAction","target":{"@type":"EntryPoint","urlTemplate":"https:\/\/kinfilter.com\/?s={search_term_string}"},"query-input":"required name=search_term_string"}],"inLanguage":"es"},{"@type":"Organization","@id":"https:\/\/kinfilter.com\/#organization","name":"Ningbo Keyinle Technology Co., Ltd.","url":"https:\/\/kinfilter.com\/","logo":{"@type":"ImageObject","inLanguage":"es","@id":"https:\/\/kinfilter.com\/#\/schema\/logo\/image\/","url":"","contentUrl":"","caption":"Ningbo Keyinle Technology Co., Ltd."},"image":{"@id":"https:\/\/kinfilter.com\/#\/schema\/logo\/image\/"}}]}},"_links":{"self":[{"href":"https:\/\/kinfilter.com\/es\/wp-json\/wp\/v2\/product\/1852","targetHints":{"allow":["GET"]}}],"collection":[{"href":"https:\/\/kinfilter.com\/es\/wp-json\/wp\/v2\/product"}],"about":[{"href":"https:\/\/kinfilter.com\/es\/wp-json\/wp\/v2\/types\/product"}],"wp:featuredmedia":[{"embeddable":true,"href":"https:\/\/kinfilter.com\/es\/wp-json\/wp\/v2\/media\/1853"}],"wp:attachment":[{"href":"https:\/\/kinfilter.com\/es\/wp-json\/wp\/v2\/media?parent=1852"}],"wp:term":[{"taxonomy":"product_brand","embeddable":true,"href":"https:\/\/kinfilter.com\/es\/wp-json\/wp\/v2\/product_brand?post=1852"},{"taxonomy":"product_cat","embeddable":true,"href":"https:\/\/kinfilter.com\/es\/wp-json\/wp\/v2\/product_cat?post=1852"},{"taxonomy":"product_tag","embeddable":true,"href":"https:\/\/kinfilter.com\/es\/wp-json\/wp\/v2\/product_tag?post=1852"}],"curies":[{"name":"wp","href":"https:\/\/api.w.org\/{rel}","templated":true}]}}