{"id":1817,"date":"2025-09-27T11:15:44","date_gmt":"2025-09-27T11:15:44","guid":{"rendered":"https:\/\/kinfilter.com\/?post_type=product&#038;p=1817"},"modified":"2025-10-14T11:16:16","modified_gmt":"2025-10-14T03:16:16","slug":"under-sink-ro-systems-kh02","status":"publish","type":"product","link":"https:\/\/kinfilter.com\/es\/producto\/under-sink-ro-systems-kh02\/","title":{"rendered":"Sistemas de \u00f3smosis inversa debajo del fregadero - KH02"},"content":{"rendered":"<p>&nbsp;<\/p>\n<p>Somos fabricantes de purificadores de agua y el sistema de \u00f3smosis inversa bajo fregadero KH02 est\u00e1 disponible en modelos de 100, 400 y 800 galones, para satisfacer las diferentes necesidades de consumo de agua del hogar. El equipo incluye un filtro para controlar los niveles de TDS del agua cruda y purificada, y permite la adici\u00f3n de un filtro ligeramente alcalino. Es compatible con grifos de doble salida. La versi\u00f3n computarizada utiliza un proceso de llenado con adhesivo, lo que garantiza una calidad estable. Par\u00e1metros del producto:<\/p>\n<p>Voltaje: 220V (personalizable 110V)<\/p>\n<p>Frecuencia: 50 Hz<\/p>\n<p>Producci\u00f3n de agua: 100G\/400G\/800G<\/p>\n<p>Potencia: 40W\/72W\/120W<\/p>\n<p>Calidad del agua de entrada: Agua del grifo municipal<\/p>\n<p>Presi\u00f3n de agua de entrada: 0,1-0,4 MPa<\/p>\n<p>Dimensiones del producto: 16 cm de ancho x 39,5 cm de alto x 45 cm de profundidad<\/p>\n<p><img loading=\"lazy\" decoding=\"async\" class=\"aligncenter size-full wp-image-1818\" src=\"http:\/\/kinfilter.com\/wp-content\/uploads\/2025\/09\/Under-Sink-RO-Systems-KH02-1.jpg\" alt=\"Side view of black Under Sink RO Systems-KH02\" width=\"600\" height=\"600\" srcset=\"https:\/\/kinfilter.com\/wp-content\/uploads\/2025\/09\/Under-Sink-RO-Systems-KH02-1.jpg 600w, https:\/\/kinfilter.com\/wp-content\/uploads\/2025\/09\/Under-Sink-RO-Systems-KH02-1-500x500.jpg 500w, https:\/\/kinfilter.com\/wp-content\/uploads\/2025\/09\/Under-Sink-RO-Systems-KH02-1-300x300.jpg 300w, https:\/\/kinfilter.com\/wp-content\/uploads\/2025\/09\/Under-Sink-RO-Systems-KH02-1-150x150.jpg 150w, https:\/\/kinfilter.com\/wp-content\/uploads\/2025\/09\/Under-Sink-RO-Systems-KH02-1-75x75.jpg 75w, https:\/\/kinfilter.com\/wp-content\/uploads\/2025\/09\/Under-Sink-RO-Systems-KH02-1-480x480.jpg 480w\" sizes=\"auto, (max-width:767px) 480px, 600px\" \/> <img loading=\"lazy\" decoding=\"async\" class=\"aligncenter size-full wp-image-1820\" src=\"http:\/\/kinfilter.com\/wp-content\/uploads\/2025\/09\/Under-Sink-RO-Systems-KH02-3.jpg\" alt=\"Advantages of Under-Sink Reverse Osmosis Water Purifiers\" width=\"600\" height=\"600\" srcset=\"https:\/\/kinfilter.com\/wp-content\/uploads\/2025\/09\/Under-Sink-RO-Systems-KH02-3.jpg 600w, https:\/\/kinfilter.com\/wp-content\/uploads\/2025\/09\/Under-Sink-RO-Systems-KH02-3-500x500.jpg 500w, https:\/\/kinfilter.com\/wp-content\/uploads\/2025\/09\/Under-Sink-RO-Systems-KH02-3-300x300.jpg 300w, https:\/\/kinfilter.com\/wp-content\/uploads\/2025\/09\/Under-Sink-RO-Systems-KH02-3-150x150.jpg 150w, https:\/\/kinfilter.com\/wp-content\/uploads\/2025\/09\/Under-Sink-RO-Systems-KH02-3-75x75.jpg 75w, https:\/\/kinfilter.com\/wp-content\/uploads\/2025\/09\/Under-Sink-RO-Systems-KH02-3-480x480.jpg 480w\" sizes=\"auto, (max-width:767px) 480px, 600px\" \/> <img loading=\"lazy\" decoding=\"async\" class=\"aligncenter size-full wp-image-1821\" src=\"http:\/\/kinfilter.com\/wp-content\/uploads\/2025\/09\/Under-Sink-RO-Systems-KH02-4.jpg\" alt=\"Under-sink reverse osmosis water purifier dimensions\" width=\"600\" height=\"600\" srcset=\"https:\/\/kinfilter.com\/wp-content\/uploads\/2025\/09\/Under-Sink-RO-Systems-KH02-4.jpg 600w, https:\/\/kinfilter.com\/wp-content\/uploads\/2025\/09\/Under-Sink-RO-Systems-KH02-4-500x500.jpg 500w, https:\/\/kinfilter.com\/wp-content\/uploads\/2025\/09\/Under-Sink-RO-Systems-KH02-4-300x300.jpg 300w, https:\/\/kinfilter.com\/wp-content\/uploads\/2025\/09\/Under-Sink-RO-Systems-KH02-4-150x150.jpg 150w, https:\/\/kinfilter.com\/wp-content\/uploads\/2025\/09\/Under-Sink-RO-Systems-KH02-4-75x75.jpg 75w, https:\/\/kinfilter.com\/wp-content\/uploads\/2025\/09\/Under-Sink-RO-Systems-KH02-4-480x480.jpg 480w\" sizes=\"auto, (max-width:767px) 480px, 600px\" \/><\/p>","protected":false},"excerpt":{"rendered":"<p><span class=\"excerpt-hellip\"> [\u2026]<\/span><\/p>","protected":false},"featured_media":1819,"template":"","meta":[],"product_brand":[],"product_cat":[43],"product_tag":[],"class_list":{"0":"post-1817","1":"product","2":"type-product","3":"status-publish","4":"has-post-thumbnail","6":"product_cat-under-sink-ro-systems","8":"first","9":"instock","10":"shipping-taxable","11":"product-type-external"},"yoast_head":"<!-- This site is optimized with the Yoast SEO Premium plugin v20.5 (Yoast SEO v22.7) - https:\/\/yoast.com\/wordpress\/plugins\/seo\/ -->\n<title>water purifier supplier<\/title>\n<meta name=\"description\" content=\"A premier Chinese water purifier manufacturer offering cost-effective products, supporting customization needs, accommodating small-batch trial production.\" \/>\n<meta name=\"robots\" content=\"index, follow, max-snippet:-1, max-image-preview:large, max-video-preview:-1\" \/>\n<link rel=\"canonical\" href=\"https:\/\/kinfilter.com\/es\/producto\/under-sink-ro-systems-kh02\/\" \/>\n<meta property=\"og:locale\" content=\"es_ES\" \/>\n<meta property=\"og:type\" content=\"article\" \/>\n<meta property=\"og:title\" content=\"Under Sink RO Systems-KH02\" \/>\n<meta property=\"og:description\" content=\"A premier Chinese water purifier manufacturer offering cost-effective products, supporting customization needs, accommodating small-batch trial production.\" \/>\n<meta property=\"og:url\" content=\"https:\/\/kinfilter.com\/es\/producto\/under-sink-ro-systems-kh02\/\" \/>\n<meta property=\"og:site_name\" content=\"Ningbo Keyinle Technology Co., Ltd.\" \/>\n<meta property=\"article:modified_time\" content=\"2025-10-14T03:16:16+00:00\" \/>\n<meta property=\"og:image\" content=\"http:\/\/kinfilter.com\/wp-content\/uploads\/2025\/09\/Under-Sink-RO-Systems-KH02-2.jpg\" \/>\n\t<meta property=\"og:image:width\" content=\"600\" \/>\n\t<meta property=\"og:image:height\" content=\"600\" \/>\n\t<meta property=\"og:image:type\" content=\"image\/jpeg\" \/>\n<meta name=\"twitter:card\" content=\"summary_large_image\" \/>\n<meta name=\"twitter:label1\" content=\"Tiempo de lectura\" \/>\n\t<meta name=\"twitter:data1\" content=\"2 minutos\" \/>\n<script type=\"application\/ld+json\" class=\"yoast-schema-graph\">{\"@context\":\"https:\/\/schema.org\",\"@graph\":[{\"@type\":\"WebPage\",\"@id\":\"https:\/\/kinfilter.com\/product\/under-sink-ro-systems-kh02\/\",\"url\":\"https:\/\/kinfilter.com\/product\/under-sink-ro-systems-kh02\/\",\"name\":\"water purifier supplier\",\"isPartOf\":{\"@id\":\"https:\/\/kinfilter.com\/#website\"},\"primaryImageOfPage\":{\"@id\":\"https:\/\/kinfilter.com\/product\/under-sink-ro-systems-kh02\/#primaryimage\"},\"image\":{\"@id\":\"https:\/\/kinfilter.com\/product\/under-sink-ro-systems-kh02\/#primaryimage\"},\"thumbnailUrl\":\"https:\/\/kinfilter.com\/wp-content\/uploads\/2025\/09\/Under-Sink-RO-Systems-KH02-2.jpg\",\"datePublished\":\"2025-09-27T11:15:44+00:00\",\"dateModified\":\"2025-10-14T03:16:16+00:00\",\"description\":\"A premier Chinese water purifier manufacturer offering cost-effective products, supporting customization needs, accommodating small-batch trial production.\",\"breadcrumb\":{\"@id\":\"https:\/\/kinfilter.com\/product\/under-sink-ro-systems-kh02\/#breadcrumb\"},\"inLanguage\":\"es\",\"potentialAction\":[{\"@type\":\"ReadAction\",\"target\":[\"https:\/\/kinfilter.com\/product\/under-sink-ro-systems-kh02\/\"]}]},{\"@type\":\"ImageObject\",\"inLanguage\":\"es\",\"@id\":\"https:\/\/kinfilter.com\/product\/under-sink-ro-systems-kh02\/#primaryimage\",\"url\":\"https:\/\/kinfilter.com\/wp-content\/uploads\/2025\/09\/Under-Sink-RO-Systems-KH02-2.jpg\",\"contentUrl\":\"https:\/\/kinfilter.com\/wp-content\/uploads\/2025\/09\/Under-Sink-RO-Systems-KH02-2.jpg\",\"width\":600,\"height\":600,\"caption\":\"Side view of the gold-coloured Under Sink RO Systems-KH02\"},{\"@type\":\"BreadcrumbList\",\"@id\":\"https:\/\/kinfilter.com\/product\/under-sink-ro-systems-kh02\/#breadcrumb\",\"itemListElement\":[{\"@type\":\"ListItem\",\"position\":1,\"name\":\"Home\",\"item\":\"https:\/\/kinfilter.com\/\"},{\"@type\":\"ListItem\",\"position\":2,\"name\":\"Product\",\"item\":\"https:\/\/kinfilter.com\/product\/\"},{\"@type\":\"ListItem\",\"position\":3,\"name\":\"Under Sink RO Systems-KH02\"}]},{\"@type\":\"WebSite\",\"@id\":\"https:\/\/kinfilter.com\/#website\",\"url\":\"https:\/\/kinfilter.com\/\",\"name\":\"Ningbo Keyinle Technology Co., Ltd.\",\"description\":\"Professional Water Purifier Manufacturer\",\"publisher\":{\"@id\":\"https:\/\/kinfilter.com\/#organization\"},\"potentialAction\":[{\"@type\":\"SearchAction\",\"target\":{\"@type\":\"EntryPoint\",\"urlTemplate\":\"https:\/\/kinfilter.com\/?s={search_term_string}\"},\"query-input\":\"required name=search_term_string\"}],\"inLanguage\":\"es\"},{\"@type\":\"Organization\",\"@id\":\"https:\/\/kinfilter.com\/#organization\",\"name\":\"Ningbo Keyinle Technology Co., Ltd.\",\"url\":\"https:\/\/kinfilter.com\/\",\"logo\":{\"@type\":\"ImageObject\",\"inLanguage\":\"es\",\"@id\":\"https:\/\/kinfilter.com\/#\/schema\/logo\/image\/\",\"url\":\"\",\"contentUrl\":\"\",\"caption\":\"Ningbo Keyinle Technology Co., Ltd.\"},\"image\":{\"@id\":\"https:\/\/kinfilter.com\/#\/schema\/logo\/image\/\"}}]}<\/script>\n<!-- \/ Yoast SEO Premium plugin. -->","yoast_head_json":{"title":"water purifier supplier","description":"A premier Chinese water purifier manufacturer offering cost-effective products, supporting customization needs, accommodating small-batch trial production.","robots":{"index":"index","follow":"follow","max-snippet":"max-snippet:-1","max-image-preview":"max-image-preview:large","max-video-preview":"max-video-preview:-1"},"canonical":"https:\/\/kinfilter.com\/es\/producto\/under-sink-ro-systems-kh02\/","og_locale":"es_ES","og_type":"article","og_title":"Under Sink RO Systems-KH02","og_description":"A premier Chinese water purifier manufacturer offering cost-effective products, supporting customization needs, accommodating small-batch trial production.","og_url":"https:\/\/kinfilter.com\/es\/producto\/under-sink-ro-systems-kh02\/","og_site_name":"Ningbo Keyinle Technology Co., Ltd.","article_modified_time":"2025-10-14T03:16:16+00:00","og_image":[{"width":600,"height":600,"url":"http:\/\/kinfilter.com\/wp-content\/uploads\/2025\/09\/Under-Sink-RO-Systems-KH02-2.jpg","type":"image\/jpeg"}],"twitter_card":"summary_large_image","twitter_misc":{"Tiempo de lectura":"2 minutos"},"schema":{"@context":"https:\/\/schema.org","@graph":[{"@type":"WebPage","@id":"https:\/\/kinfilter.com\/product\/under-sink-ro-systems-kh02\/","url":"https:\/\/kinfilter.com\/product\/under-sink-ro-systems-kh02\/","name":"water purifier supplier","isPartOf":{"@id":"https:\/\/kinfilter.com\/#website"},"primaryImageOfPage":{"@id":"https:\/\/kinfilter.com\/product\/under-sink-ro-systems-kh02\/#primaryimage"},"image":{"@id":"https:\/\/kinfilter.com\/product\/under-sink-ro-systems-kh02\/#primaryimage"},"thumbnailUrl":"https:\/\/kinfilter.com\/wp-content\/uploads\/2025\/09\/Under-Sink-RO-Systems-KH02-2.jpg","datePublished":"2025-09-27T11:15:44+00:00","dateModified":"2025-10-14T03:16:16+00:00","description":"A premier Chinese water purifier manufacturer offering cost-effective products, supporting customization needs, accommodating small-batch trial production.","breadcrumb":{"@id":"https:\/\/kinfilter.com\/product\/under-sink-ro-systems-kh02\/#breadcrumb"},"inLanguage":"es","potentialAction":[{"@type":"ReadAction","target":["https:\/\/kinfilter.com\/product\/under-sink-ro-systems-kh02\/"]}]},{"@type":"ImageObject","inLanguage":"es","@id":"https:\/\/kinfilter.com\/product\/under-sink-ro-systems-kh02\/#primaryimage","url":"https:\/\/kinfilter.com\/wp-content\/uploads\/2025\/09\/Under-Sink-RO-Systems-KH02-2.jpg","contentUrl":"https:\/\/kinfilter.com\/wp-content\/uploads\/2025\/09\/Under-Sink-RO-Systems-KH02-2.jpg","width":600,"height":600,"caption":"Side view of the gold-coloured Under Sink RO Systems-KH02"},{"@type":"BreadcrumbList","@id":"https:\/\/kinfilter.com\/product\/under-sink-ro-systems-kh02\/#breadcrumb","itemListElement":[{"@type":"ListItem","position":1,"name":"Home","item":"https:\/\/kinfilter.com\/"},{"@type":"ListItem","position":2,"name":"Product","item":"https:\/\/kinfilter.com\/product\/"},{"@type":"ListItem","position":3,"name":"Under Sink RO Systems-KH02"}]},{"@type":"WebSite","@id":"https:\/\/kinfilter.com\/#website","url":"https:\/\/kinfilter.com\/","name":"Ningbo Keyinle Technology Co., Ltd.","description":"Professional Water Purifier Manufacturer","publisher":{"@id":"https:\/\/kinfilter.com\/#organization"},"potentialAction":[{"@type":"SearchAction","target":{"@type":"EntryPoint","urlTemplate":"https:\/\/kinfilter.com\/?s={search_term_string}"},"query-input":"required name=search_term_string"}],"inLanguage":"es"},{"@type":"Organization","@id":"https:\/\/kinfilter.com\/#organization","name":"Ningbo Keyinle Technology Co., Ltd.","url":"https:\/\/kinfilter.com\/","logo":{"@type":"ImageObject","inLanguage":"es","@id":"https:\/\/kinfilter.com\/#\/schema\/logo\/image\/","url":"","contentUrl":"","caption":"Ningbo Keyinle Technology Co., Ltd."},"image":{"@id":"https:\/\/kinfilter.com\/#\/schema\/logo\/image\/"}}]}},"_links":{"self":[{"href":"https:\/\/kinfilter.com\/es\/wp-json\/wp\/v2\/product\/1817","targetHints":{"allow":["GET"]}}],"collection":[{"href":"https:\/\/kinfilter.com\/es\/wp-json\/wp\/v2\/product"}],"about":[{"href":"https:\/\/kinfilter.com\/es\/wp-json\/wp\/v2\/types\/product"}],"wp:featuredmedia":[{"embeddable":true,"href":"https:\/\/kinfilter.com\/es\/wp-json\/wp\/v2\/media\/1819"}],"wp:attachment":[{"href":"https:\/\/kinfilter.com\/es\/wp-json\/wp\/v2\/media?parent=1817"}],"wp:term":[{"taxonomy":"product_brand","embeddable":true,"href":"https:\/\/kinfilter.com\/es\/wp-json\/wp\/v2\/product_brand?post=1817"},{"taxonomy":"product_cat","embeddable":true,"href":"https:\/\/kinfilter.com\/es\/wp-json\/wp\/v2\/product_cat?post=1817"},{"taxonomy":"product_tag","embeddable":true,"href":"https:\/\/kinfilter.com\/es\/wp-json\/wp\/v2\/product_tag?post=1817"}],"curies":[{"name":"wp","href":"https:\/\/api.w.org\/{rel}","templated":true}]}}