{"id":1811,"date":"2025-09-27T10:04:47","date_gmt":"2025-09-27T10:04:47","guid":{"rendered":"https:\/\/kinfilter.com\/?post_type=product&#038;p=1811"},"modified":"2025-10-14T11:23:36","modified_gmt":"2025-10-14T03:23:36","slug":"desktop-water-dispensers-le6","status":"publish","type":"product","link":"https:\/\/kinfilter.com\/es\/producto\/desktop-water-dispensers-le6\/","title":{"rendered":"Dispensadores de agua de escritorio - LE6"},"content":{"rendered":"<p>Somos una empresa de dispensadores de agua sin botellas. Este modelo de sobremesa ofrece tres opciones de filtraci\u00f3n: ultrafiltraci\u00f3n de 4 etapas, \u00f3smosis inversa de 4 etapas o sin sistema de filtraci\u00f3n. Para la refrigeraci\u00f3n, admite tanto refrigeraci\u00f3n electr\u00f3nica como por compresor. Dise\u00f1ado para colocarse sobre encimeras, ahorra espacio de instalaci\u00f3n.<\/p>\n<p>Tensi\u00f3n\/Frecuencia nominal: 220-240 V, 150-60 Hz, Dep\u00f3sito<\/p>\n<p>Volumen: 304 ss 5,0 L (fr\u00edo) + 2,0 L (caliente) + 1,0 L (normal)<\/p>\n<p>Modo de refrigeraci\u00f3n: Compresor (Asbella)<\/p>\n<p>Potencia de refrigeraci\u00f3n: 90 W<\/p>\n<p>Potencia de calefacci\u00f3n: 550 W<\/p>\n<p>Capacidad de calentamiento: 85 \u00b0C - 95 \u00b0C, 5 l\/h<\/p>\n<p>Capacidad de refrigeraci\u00f3n: 6 \u00b0C - 10 \u00b0C, 6 l\/h<\/p>\n<p>Tama\u00f1o del producto: 480 x 320 x 520 mm<\/p>\n<p>Tama\u00f1o de la caja: 520*360*560 mm<\/p>\n<p>Cantidad de carga del contenedor (20\/40&#039;HQ): 280\/560<\/p>\n<p>&nbsp;<\/p>\n<p><img loading=\"lazy\" decoding=\"async\" class=\"aligncenter size-full wp-image-1824\" src=\"http:\/\/kinfilter.com\/wp-content\/uploads\/2025\/09\/Desktop-Water-Dispensers-2.jpg\" alt=\"The rear of Desktop Water Dispensers-LE6\" width=\"600\" height=\"800\" srcset=\"https:\/\/kinfilter.com\/wp-content\/uploads\/2025\/09\/Desktop-Water-Dispensers-2.jpg 600w, https:\/\/kinfilter.com\/wp-content\/uploads\/2025\/09\/Desktop-Water-Dispensers-2-375x500.jpg 375w, https:\/\/kinfilter.com\/wp-content\/uploads\/2025\/09\/Desktop-Water-Dispensers-2-225x300.jpg 225w, https:\/\/kinfilter.com\/wp-content\/uploads\/2025\/09\/Desktop-Water-Dispensers-2-56x75.jpg 56w, https:\/\/kinfilter.com\/wp-content\/uploads\/2025\/09\/Desktop-Water-Dispensers-2-480x640.jpg 480w\" sizes=\"auto, (max-width:767px) 480px, 600px\" \/> <img loading=\"lazy\" decoding=\"async\" class=\"aligncenter size-full wp-image-1826\" src=\"http:\/\/kinfilter.com\/wp-content\/uploads\/2025\/09\/Desktop-Water-Dispensers-4.jpg\" alt=\"Desktop Water Dispensers-LE6 specifications\" width=\"600\" height=\"600\" srcset=\"https:\/\/kinfilter.com\/wp-content\/uploads\/2025\/09\/Desktop-Water-Dispensers-4.jpg 600w, https:\/\/kinfilter.com\/wp-content\/uploads\/2025\/09\/Desktop-Water-Dispensers-4-500x500.jpg 500w, https:\/\/kinfilter.com\/wp-content\/uploads\/2025\/09\/Desktop-Water-Dispensers-4-300x300.jpg 300w, https:\/\/kinfilter.com\/wp-content\/uploads\/2025\/09\/Desktop-Water-Dispensers-4-150x150.jpg 150w, https:\/\/kinfilter.com\/wp-content\/uploads\/2025\/09\/Desktop-Water-Dispensers-4-75x75.jpg 75w, https:\/\/kinfilter.com\/wp-content\/uploads\/2025\/09\/Desktop-Water-Dispensers-4-480x480.jpg 480w\" sizes=\"auto, (max-width:767px) 480px, 600px\" \/> <img loading=\"lazy\" decoding=\"async\" class=\"aligncenter size-full wp-image-1827\" src=\"http:\/\/kinfilter.com\/wp-content\/uploads\/2025\/09\/Desktop-Water-Dispensers-5.jpg\" alt=\"Desktop Water Dispensers-LE6 Overview\" width=\"600\" height=\"600\" srcset=\"https:\/\/kinfilter.com\/wp-content\/uploads\/2025\/09\/Desktop-Water-Dispensers-5.jpg 600w, https:\/\/kinfilter.com\/wp-content\/uploads\/2025\/09\/Desktop-Water-Dispensers-5-500x500.jpg 500w, https:\/\/kinfilter.com\/wp-content\/uploads\/2025\/09\/Desktop-Water-Dispensers-5-300x300.jpg 300w, https:\/\/kinfilter.com\/wp-content\/uploads\/2025\/09\/Desktop-Water-Dispensers-5-150x150.jpg 150w, https:\/\/kinfilter.com\/wp-content\/uploads\/2025\/09\/Desktop-Water-Dispensers-5-75x75.jpg 75w, https:\/\/kinfilter.com\/wp-content\/uploads\/2025\/09\/Desktop-Water-Dispensers-5-480x480.jpg 480w\" sizes=\"auto, (max-width:767px) 480px, 600px\" \/> <img loading=\"lazy\" decoding=\"async\" class=\"aligncenter size-full wp-image-1828\" src=\"http:\/\/kinfilter.com\/wp-content\/uploads\/2025\/09\/Desktop-Water-Dispensers-6.jpg\" alt=\"Close-up of theDesktop Water Dispensers-LE6's drip tray\" width=\"600\" height=\"500\" srcset=\"https:\/\/kinfilter.com\/wp-content\/uploads\/2025\/09\/Desktop-Water-Dispensers-6.jpg 600w, https:\/\/kinfilter.com\/wp-content\/uploads\/2025\/09\/Desktop-Water-Dispensers-6-500x417.jpg 500w, https:\/\/kinfilter.com\/wp-content\/uploads\/2025\/09\/Desktop-Water-Dispensers-6-300x250.jpg 300w, https:\/\/kinfilter.com\/wp-content\/uploads\/2025\/09\/Desktop-Water-Dispensers-6-90x75.jpg 90w, https:\/\/kinfilter.com\/wp-content\/uploads\/2025\/09\/Desktop-Water-Dispensers-6-480x400.jpg 480w\" sizes=\"auto, (max-width:767px) 480px, 600px\" \/> <img loading=\"lazy\" decoding=\"async\" class=\"aligncenter size-full wp-image-1829\" src=\"http:\/\/kinfilter.com\/wp-content\/uploads\/2025\/09\/Desktop-Water-Dispensers-7.jpg\" alt=\"Close-up of the Desktop Water Dispensers-LE6 outlet\" width=\"600\" height=\"500\" srcset=\"https:\/\/kinfilter.com\/wp-content\/uploads\/2025\/09\/Desktop-Water-Dispensers-7.jpg 600w, https:\/\/kinfilter.com\/wp-content\/uploads\/2025\/09\/Desktop-Water-Dispensers-7-500x417.jpg 500w, https:\/\/kinfilter.com\/wp-content\/uploads\/2025\/09\/Desktop-Water-Dispensers-7-300x250.jpg 300w, https:\/\/kinfilter.com\/wp-content\/uploads\/2025\/09\/Desktop-Water-Dispensers-7-90x75.jpg 90w, https:\/\/kinfilter.com\/wp-content\/uploads\/2025\/09\/Desktop-Water-Dispensers-7-480x400.jpg 480w\" sizes=\"auto, (max-width:767px) 480px, 600px\" \/> <img loading=\"lazy\" decoding=\"async\" class=\"aligncenter size-full wp-image-1830\" src=\"http:\/\/kinfilter.com\/wp-content\/uploads\/2025\/09\/Desktop-Water-Dispensers-8.jpg\" alt=\"Close-up of the Desktop Water Dispensers-LE6 switch\" width=\"600\" height=\"600\" srcset=\"https:\/\/kinfilter.com\/wp-content\/uploads\/2025\/09\/Desktop-Water-Dispensers-8.jpg 600w, https:\/\/kinfilter.com\/wp-content\/uploads\/2025\/09\/Desktop-Water-Dispensers-8-500x500.jpg 500w, https:\/\/kinfilter.com\/wp-content\/uploads\/2025\/09\/Desktop-Water-Dispensers-8-300x300.jpg 300w, https:\/\/kinfilter.com\/wp-content\/uploads\/2025\/09\/Desktop-Water-Dispensers-8-150x150.jpg 150w, https:\/\/kinfilter.com\/wp-content\/uploads\/2025\/09\/Desktop-Water-Dispensers-8-75x75.jpg 75w, https:\/\/kinfilter.com\/wp-content\/uploads\/2025\/09\/Desktop-Water-Dispensers-8-480x480.jpg 480w\" sizes=\"auto, (max-width:767px) 480px, 600px\" \/><\/p>","protected":false},"excerpt":{"rendered":"<p><span class=\"excerpt-hellip\"> [\u2026]<\/span><\/p>","protected":false},"featured_media":1914,"template":"","meta":[],"product_brand":[],"product_cat":[50,47],"product_tag":[],"class_list":{"0":"post-1811","1":"product","2":"type-product","3":"status-publish","4":"has-post-thumbnail","6":"product_cat-hot-and-cold-water-dispenser","7":"product_cat-table-water-dispenser","9":"first","10":"instock","11":"shipping-taxable","12":"product-type-external"},"yoast_head":"<!-- This site is optimized with the Yoast SEO Premium plugin v20.5 (Yoast SEO v22.7) - https:\/\/yoast.com\/wordpress\/plugins\/seo\/ -->\n<title>water dispenser OEM<\/title>\n<meta name=\"description\" content=\"Professional water dispenser manufacturer offering cost-effective products, supporting customization needs and small-batch trial production.\" \/>\n<meta name=\"robots\" content=\"index, follow, max-snippet:-1, max-image-preview:large, max-video-preview:-1\" \/>\n<link rel=\"canonical\" href=\"https:\/\/kinfilter.com\/es\/producto\/desktop-water-dispensers-le6\/\" \/>\n<meta property=\"og:locale\" content=\"es_ES\" \/>\n<meta property=\"og:type\" content=\"article\" \/>\n<meta property=\"og:title\" content=\"Desktop Water Dispensers-LE6\" \/>\n<meta property=\"og:description\" content=\"Professional water dispenser manufacturer offering cost-effective products, supporting customization needs and small-batch trial production.\" \/>\n<meta property=\"og:url\" content=\"https:\/\/kinfilter.com\/es\/producto\/desktop-water-dispensers-le6\/\" \/>\n<meta property=\"og:site_name\" content=\"Ningbo Keyinle Technology Co., Ltd.\" \/>\n<meta property=\"article:modified_time\" content=\"2025-10-14T03:23:36+00:00\" \/>\n<meta property=\"og:image\" content=\"http:\/\/kinfilter.com\/wp-content\/uploads\/2025\/09\/Desktop-Water-Dispensers-3-1.jpg\" \/>\n\t<meta property=\"og:image:width\" content=\"600\" \/>\n\t<meta property=\"og:image:height\" content=\"600\" \/>\n\t<meta property=\"og:image:type\" content=\"image\/jpeg\" \/>\n<meta name=\"twitter:card\" content=\"summary_large_image\" \/>\n<meta name=\"twitter:label1\" content=\"Tiempo de lectura\" \/>\n\t<meta name=\"twitter:data1\" content=\"2 minutos\" \/>\n<script type=\"application\/ld+json\" class=\"yoast-schema-graph\">{\"@context\":\"https:\/\/schema.org\",\"@graph\":[{\"@type\":\"WebPage\",\"@id\":\"https:\/\/kinfilter.com\/product\/desktop-water-dispensers-le6\/\",\"url\":\"https:\/\/kinfilter.com\/product\/desktop-water-dispensers-le6\/\",\"name\":\"water dispenser OEM\",\"isPartOf\":{\"@id\":\"https:\/\/kinfilter.com\/#website\"},\"primaryImageOfPage\":{\"@id\":\"https:\/\/kinfilter.com\/product\/desktop-water-dispensers-le6\/#primaryimage\"},\"image\":{\"@id\":\"https:\/\/kinfilter.com\/product\/desktop-water-dispensers-le6\/#primaryimage\"},\"thumbnailUrl\":\"https:\/\/kinfilter.com\/wp-content\/uploads\/2025\/09\/Desktop-Water-Dispensers-3-1.jpg\",\"datePublished\":\"2025-09-27T10:04:47+00:00\",\"dateModified\":\"2025-10-14T03:23:36+00:00\",\"description\":\"Professional water dispenser manufacturer offering cost-effective products, supporting customization needs and small-batch trial production.\",\"breadcrumb\":{\"@id\":\"https:\/\/kinfilter.com\/product\/desktop-water-dispensers-le6\/#breadcrumb\"},\"inLanguage\":\"es\",\"potentialAction\":[{\"@type\":\"ReadAction\",\"target\":[\"https:\/\/kinfilter.com\/product\/desktop-water-dispensers-le6\/\"]}]},{\"@type\":\"ImageObject\",\"inLanguage\":\"es\",\"@id\":\"https:\/\/kinfilter.com\/product\/desktop-water-dispensers-le6\/#primaryimage\",\"url\":\"https:\/\/kinfilter.com\/wp-content\/uploads\/2025\/09\/Desktop-Water-Dispensers-3-1.jpg\",\"contentUrl\":\"https:\/\/kinfilter.com\/wp-content\/uploads\/2025\/09\/Desktop-Water-Dispensers-3-1.jpg\",\"width\":600,\"height\":600,\"caption\":\"Front of Desktop Water Dispensers-LE6\"},{\"@type\":\"BreadcrumbList\",\"@id\":\"https:\/\/kinfilter.com\/product\/desktop-water-dispensers-le6\/#breadcrumb\",\"itemListElement\":[{\"@type\":\"ListItem\",\"position\":1,\"name\":\"Home\",\"item\":\"https:\/\/kinfilter.com\/\"},{\"@type\":\"ListItem\",\"position\":2,\"name\":\"Product\",\"item\":\"https:\/\/kinfilter.com\/product\/\"},{\"@type\":\"ListItem\",\"position\":3,\"name\":\"Desktop Water Dispensers-LE6\"}]},{\"@type\":\"WebSite\",\"@id\":\"https:\/\/kinfilter.com\/#website\",\"url\":\"https:\/\/kinfilter.com\/\",\"name\":\"Ningbo Keyinle Technology Co., Ltd.\",\"description\":\"Professional Water Purifier Manufacturer\",\"publisher\":{\"@id\":\"https:\/\/kinfilter.com\/#organization\"},\"potentialAction\":[{\"@type\":\"SearchAction\",\"target\":{\"@type\":\"EntryPoint\",\"urlTemplate\":\"https:\/\/kinfilter.com\/?s={search_term_string}\"},\"query-input\":\"required name=search_term_string\"}],\"inLanguage\":\"es\"},{\"@type\":\"Organization\",\"@id\":\"https:\/\/kinfilter.com\/#organization\",\"name\":\"Ningbo Keyinle Technology Co., Ltd.\",\"url\":\"https:\/\/kinfilter.com\/\",\"logo\":{\"@type\":\"ImageObject\",\"inLanguage\":\"es\",\"@id\":\"https:\/\/kinfilter.com\/#\/schema\/logo\/image\/\",\"url\":\"\",\"contentUrl\":\"\",\"caption\":\"Ningbo Keyinle Technology Co., Ltd.\"},\"image\":{\"@id\":\"https:\/\/kinfilter.com\/#\/schema\/logo\/image\/\"}}]}<\/script>\n<!-- \/ Yoast SEO Premium plugin. -->","yoast_head_json":{"title":"water dispenser OEM","description":"Professional water dispenser manufacturer offering cost-effective products, supporting customization needs and small-batch trial production.","robots":{"index":"index","follow":"follow","max-snippet":"max-snippet:-1","max-image-preview":"max-image-preview:large","max-video-preview":"max-video-preview:-1"},"canonical":"https:\/\/kinfilter.com\/es\/producto\/desktop-water-dispensers-le6\/","og_locale":"es_ES","og_type":"article","og_title":"Desktop Water Dispensers-LE6","og_description":"Professional water dispenser manufacturer offering cost-effective products, supporting customization needs and small-batch trial production.","og_url":"https:\/\/kinfilter.com\/es\/producto\/desktop-water-dispensers-le6\/","og_site_name":"Ningbo Keyinle Technology Co., Ltd.","article_modified_time":"2025-10-14T03:23:36+00:00","og_image":[{"width":600,"height":600,"url":"http:\/\/kinfilter.com\/wp-content\/uploads\/2025\/09\/Desktop-Water-Dispensers-3-1.jpg","type":"image\/jpeg"}],"twitter_card":"summary_large_image","twitter_misc":{"Tiempo de lectura":"2 minutos"},"schema":{"@context":"https:\/\/schema.org","@graph":[{"@type":"WebPage","@id":"https:\/\/kinfilter.com\/product\/desktop-water-dispensers-le6\/","url":"https:\/\/kinfilter.com\/product\/desktop-water-dispensers-le6\/","name":"water dispenser OEM","isPartOf":{"@id":"https:\/\/kinfilter.com\/#website"},"primaryImageOfPage":{"@id":"https:\/\/kinfilter.com\/product\/desktop-water-dispensers-le6\/#primaryimage"},"image":{"@id":"https:\/\/kinfilter.com\/product\/desktop-water-dispensers-le6\/#primaryimage"},"thumbnailUrl":"https:\/\/kinfilter.com\/wp-content\/uploads\/2025\/09\/Desktop-Water-Dispensers-3-1.jpg","datePublished":"2025-09-27T10:04:47+00:00","dateModified":"2025-10-14T03:23:36+00:00","description":"Professional water dispenser manufacturer offering cost-effective products, supporting customization needs and small-batch trial production.","breadcrumb":{"@id":"https:\/\/kinfilter.com\/product\/desktop-water-dispensers-le6\/#breadcrumb"},"inLanguage":"es","potentialAction":[{"@type":"ReadAction","target":["https:\/\/kinfilter.com\/product\/desktop-water-dispensers-le6\/"]}]},{"@type":"ImageObject","inLanguage":"es","@id":"https:\/\/kinfilter.com\/product\/desktop-water-dispensers-le6\/#primaryimage","url":"https:\/\/kinfilter.com\/wp-content\/uploads\/2025\/09\/Desktop-Water-Dispensers-3-1.jpg","contentUrl":"https:\/\/kinfilter.com\/wp-content\/uploads\/2025\/09\/Desktop-Water-Dispensers-3-1.jpg","width":600,"height":600,"caption":"Front of Desktop Water Dispensers-LE6"},{"@type":"BreadcrumbList","@id":"https:\/\/kinfilter.com\/product\/desktop-water-dispensers-le6\/#breadcrumb","itemListElement":[{"@type":"ListItem","position":1,"name":"Home","item":"https:\/\/kinfilter.com\/"},{"@type":"ListItem","position":2,"name":"Product","item":"https:\/\/kinfilter.com\/product\/"},{"@type":"ListItem","position":3,"name":"Desktop Water Dispensers-LE6"}]},{"@type":"WebSite","@id":"https:\/\/kinfilter.com\/#website","url":"https:\/\/kinfilter.com\/","name":"Ningbo Keyinle Technology Co., Ltd.","description":"Professional Water Purifier Manufacturer","publisher":{"@id":"https:\/\/kinfilter.com\/#organization"},"potentialAction":[{"@type":"SearchAction","target":{"@type":"EntryPoint","urlTemplate":"https:\/\/kinfilter.com\/?s={search_term_string}"},"query-input":"required name=search_term_string"}],"inLanguage":"es"},{"@type":"Organization","@id":"https:\/\/kinfilter.com\/#organization","name":"Ningbo Keyinle Technology Co., Ltd.","url":"https:\/\/kinfilter.com\/","logo":{"@type":"ImageObject","inLanguage":"es","@id":"https:\/\/kinfilter.com\/#\/schema\/logo\/image\/","url":"","contentUrl":"","caption":"Ningbo Keyinle Technology Co., Ltd."},"image":{"@id":"https:\/\/kinfilter.com\/#\/schema\/logo\/image\/"}}]}},"_links":{"self":[{"href":"https:\/\/kinfilter.com\/es\/wp-json\/wp\/v2\/product\/1811","targetHints":{"allow":["GET"]}}],"collection":[{"href":"https:\/\/kinfilter.com\/es\/wp-json\/wp\/v2\/product"}],"about":[{"href":"https:\/\/kinfilter.com\/es\/wp-json\/wp\/v2\/types\/product"}],"wp:featuredmedia":[{"embeddable":true,"href":"https:\/\/kinfilter.com\/es\/wp-json\/wp\/v2\/media\/1914"}],"wp:attachment":[{"href":"https:\/\/kinfilter.com\/es\/wp-json\/wp\/v2\/media?parent=1811"}],"wp:term":[{"taxonomy":"product_brand","embeddable":true,"href":"https:\/\/kinfilter.com\/es\/wp-json\/wp\/v2\/product_brand?post=1811"},{"taxonomy":"product_cat","embeddable":true,"href":"https:\/\/kinfilter.com\/es\/wp-json\/wp\/v2\/product_cat?post=1811"},{"taxonomy":"product_tag","embeddable":true,"href":"https:\/\/kinfilter.com\/es\/wp-json\/wp\/v2\/product_tag?post=1811"}],"curies":[{"name":"wp","href":"https:\/\/api.w.org\/{rel}","templated":true}]}}