{"id":1728,"date":"2025-09-25T13:08:34","date_gmt":"2025-09-25T13:08:34","guid":{"rendered":"https:\/\/kinfilter.com\/?post_type=product&#038;p=1728"},"modified":"2025-10-13T16:56:59","modified_gmt":"2025-10-13T08:56:59","slug":"snowflake-ice-machine-khs1","status":"publish","type":"product","link":"https:\/\/kinfilter.com\/es\/producto\/snowflake-ice-machine-khs1\/","title":{"rendered":"M\u00e1quina de hielo en forma de copo de nieve - KHS1"},"content":{"rendered":"<p>Somos una f\u00e1brica de dispensadores de agua en China. Impulsados por la creciente tendencia hacia una alimentaci\u00f3n saludable, las m\u00e1quinas de hielo en forma de copo de nieve han experimentado un crecimiento constante y acelerado en los \u00faltimos a\u00f1os. Nuestra empresa comenz\u00f3 la producci\u00f3n y fabricaci\u00f3n de estas m\u00e1quinas hace algunos a\u00f1os. Actualmente, hemos lanzado varios modelos, que se venden en m\u00e1s de 10 pa\u00edses y gozan de gran aceptaci\u00f3n entre nuestros clientes.<\/p>\n<p><img loading=\"lazy\" decoding=\"async\" class=\"aligncenter size-full wp-image-1734\" src=\"http:\/\/kinfilter.com\/wp-content\/uploads\/2025\/09\/snowflake-ice-machine-1.jpg\" alt=\"\" width=\"600\" height=\"600\" srcset=\"https:\/\/kinfilter.com\/wp-content\/uploads\/2025\/09\/snowflake-ice-machine-1.jpg 600w, https:\/\/kinfilter.com\/wp-content\/uploads\/2025\/09\/snowflake-ice-machine-1-500x500.jpg 500w, https:\/\/kinfilter.com\/wp-content\/uploads\/2025\/09\/snowflake-ice-machine-1-300x300.jpg 300w, https:\/\/kinfilter.com\/wp-content\/uploads\/2025\/09\/snowflake-ice-machine-1-150x150.jpg 150w, https:\/\/kinfilter.com\/wp-content\/uploads\/2025\/09\/snowflake-ice-machine-1-75x75.jpg 75w, https:\/\/kinfilter.com\/wp-content\/uploads\/2025\/09\/snowflake-ice-machine-1-480x480.jpg 480w\" sizes=\"auto, (max-width:767px) 480px, 600px\" \/> <img loading=\"lazy\" decoding=\"async\" class=\"aligncenter size-full wp-image-1733\" src=\"http:\/\/kinfilter.com\/wp-content\/uploads\/2025\/09\/snowflake-ice-machine-2.jpg\" alt=\"\" width=\"600\" height=\"600\" srcset=\"https:\/\/kinfilter.com\/wp-content\/uploads\/2025\/09\/snowflake-ice-machine-2.jpg 600w, https:\/\/kinfilter.com\/wp-content\/uploads\/2025\/09\/snowflake-ice-machine-2-500x500.jpg 500w, https:\/\/kinfilter.com\/wp-content\/uploads\/2025\/09\/snowflake-ice-machine-2-300x300.jpg 300w, https:\/\/kinfilter.com\/wp-content\/uploads\/2025\/09\/snowflake-ice-machine-2-150x150.jpg 150w, https:\/\/kinfilter.com\/wp-content\/uploads\/2025\/09\/snowflake-ice-machine-2-75x75.jpg 75w, https:\/\/kinfilter.com\/wp-content\/uploads\/2025\/09\/snowflake-ice-machine-2-480x480.jpg 480w\" sizes=\"auto, (max-width:767px) 480px, 600px\" \/> <img loading=\"lazy\" decoding=\"async\" class=\"aligncenter size-full wp-image-1732\" src=\"http:\/\/kinfilter.com\/wp-content\/uploads\/2025\/09\/snowflake-ice-machine-3.jpg\" alt=\"\" width=\"600\" height=\"600\" srcset=\"https:\/\/kinfilter.com\/wp-content\/uploads\/2025\/09\/snowflake-ice-machine-3.jpg 600w, https:\/\/kinfilter.com\/wp-content\/uploads\/2025\/09\/snowflake-ice-machine-3-500x500.jpg 500w, https:\/\/kinfilter.com\/wp-content\/uploads\/2025\/09\/snowflake-ice-machine-3-300x300.jpg 300w, https:\/\/kinfilter.com\/wp-content\/uploads\/2025\/09\/snowflake-ice-machine-3-150x150.jpg 150w, https:\/\/kinfilter.com\/wp-content\/uploads\/2025\/09\/snowflake-ice-machine-3-75x75.jpg 75w, https:\/\/kinfilter.com\/wp-content\/uploads\/2025\/09\/snowflake-ice-machine-3-480x480.jpg 480w\" sizes=\"auto, (max-width:767px) 480px, 600px\" \/> <img loading=\"lazy\" decoding=\"async\" class=\"aligncenter size-full wp-image-1731\" src=\"http:\/\/kinfilter.com\/wp-content\/uploads\/2025\/09\/snowflake-ice-machine-4.jpg\" alt=\"\" width=\"600\" height=\"600\" srcset=\"https:\/\/kinfilter.com\/wp-content\/uploads\/2025\/09\/snowflake-ice-machine-4.jpg 600w, https:\/\/kinfilter.com\/wp-content\/uploads\/2025\/09\/snowflake-ice-machine-4-500x500.jpg 500w, https:\/\/kinfilter.com\/wp-content\/uploads\/2025\/09\/snowflake-ice-machine-4-300x300.jpg 300w, https:\/\/kinfilter.com\/wp-content\/uploads\/2025\/09\/snowflake-ice-machine-4-150x150.jpg 150w, https:\/\/kinfilter.com\/wp-content\/uploads\/2025\/09\/snowflake-ice-machine-4-75x75.jpg 75w, https:\/\/kinfilter.com\/wp-content\/uploads\/2025\/09\/snowflake-ice-machine-4-480x480.jpg 480w\" sizes=\"auto, (max-width:767px) 480px, 600px\" \/> <img loading=\"lazy\" decoding=\"async\" class=\"aligncenter size-full wp-image-1730\" src=\"http:\/\/kinfilter.com\/wp-content\/uploads\/2025\/09\/snowflake-ice-machine-5.jpg\" alt=\"\" width=\"600\" height=\"600\" srcset=\"https:\/\/kinfilter.com\/wp-content\/uploads\/2025\/09\/snowflake-ice-machine-5.jpg 600w, https:\/\/kinfilter.com\/wp-content\/uploads\/2025\/09\/snowflake-ice-machine-5-500x500.jpg 500w, https:\/\/kinfilter.com\/wp-content\/uploads\/2025\/09\/snowflake-ice-machine-5-300x300.jpg 300w, https:\/\/kinfilter.com\/wp-content\/uploads\/2025\/09\/snowflake-ice-machine-5-150x150.jpg 150w, https:\/\/kinfilter.com\/wp-content\/uploads\/2025\/09\/snowflake-ice-machine-5-75x75.jpg 75w, https:\/\/kinfilter.com\/wp-content\/uploads\/2025\/09\/snowflake-ice-machine-5-480x480.jpg 480w\" sizes=\"auto, (max-width:767px) 480px, 600px\" \/> <img loading=\"lazy\" decoding=\"async\" class=\"aligncenter size-full wp-image-1729\" src=\"http:\/\/kinfilter.com\/wp-content\/uploads\/2025\/09\/snowflake-ice-machine-6.jpg\" alt=\"\" width=\"600\" height=\"600\" srcset=\"https:\/\/kinfilter.com\/wp-content\/uploads\/2025\/09\/snowflake-ice-machine-6.jpg 600w, https:\/\/kinfilter.com\/wp-content\/uploads\/2025\/09\/snowflake-ice-machine-6-500x500.jpg 500w, https:\/\/kinfilter.com\/wp-content\/uploads\/2025\/09\/snowflake-ice-machine-6-300x300.jpg 300w, https:\/\/kinfilter.com\/wp-content\/uploads\/2025\/09\/snowflake-ice-machine-6-150x150.jpg 150w, https:\/\/kinfilter.com\/wp-content\/uploads\/2025\/09\/snowflake-ice-machine-6-75x75.jpg 75w, https:\/\/kinfilter.com\/wp-content\/uploads\/2025\/09\/snowflake-ice-machine-6-480x480.jpg 480w\" sizes=\"auto, (max-width:767px) 480px, 600px\" \/><\/p>","protected":false},"excerpt":{"rendered":"<p><span class=\"excerpt-hellip\"> [\u2026]<\/span><\/p>","protected":false},"featured_media":1734,"template":"","meta":[],"product_brand":[],"product_cat":[51],"product_tag":[],"class_list":{"0":"post-1728","1":"product","2":"type-product","3":"status-publish","4":"has-post-thumbnail","6":"product_cat-ice-maker-machine","8":"first","9":"instock","10":"shipping-taxable","11":"product-type-external"},"yoast_head":"<!-- This site is optimized with the Yoast SEO Premium plugin v20.5 (Yoast SEO v22.7) - https:\/\/yoast.com\/wordpress\/plugins\/seo\/ -->\n<title>Snowflake Ice Machine<\/title>\n<meta name=\"description\" content=\"Automatic rapid ice-shaving, self-cleaning function\" \/>\n<meta name=\"robots\" content=\"index, follow, max-snippet:-1, max-image-preview:large, max-video-preview:-1\" \/>\n<link rel=\"canonical\" href=\"https:\/\/kinfilter.com\/es\/producto\/snowflake-ice-machine-khs1\/\" \/>\n<meta property=\"og:locale\" content=\"es_ES\" \/>\n<meta property=\"og:type\" content=\"article\" \/>\n<meta property=\"og:title\" content=\"Snowflake Ice Machine-KHS1\" \/>\n<meta property=\"og:description\" content=\"Automatic rapid ice-shaving, self-cleaning function\" \/>\n<meta property=\"og:url\" content=\"https:\/\/kinfilter.com\/es\/producto\/snowflake-ice-machine-khs1\/\" \/>\n<meta property=\"og:site_name\" content=\"Ningbo Keyinle Technology Co., Ltd.\" \/>\n<meta property=\"article:modified_time\" content=\"2025-10-13T08:56:59+00:00\" \/>\n<meta property=\"og:image\" content=\"http:\/\/kinfilter.com\/wp-content\/uploads\/2025\/09\/snowflake-ice-machine-1.jpg\" \/>\n\t<meta property=\"og:image:width\" content=\"600\" \/>\n\t<meta property=\"og:image:height\" content=\"600\" \/>\n\t<meta property=\"og:image:type\" content=\"image\/jpeg\" \/>\n<meta name=\"twitter:card\" content=\"summary_large_image\" \/>\n<meta name=\"twitter:label1\" content=\"Tiempo de lectura\" \/>\n\t<meta name=\"twitter:data1\" content=\"2 minutos\" \/>\n<script type=\"application\/ld+json\" class=\"yoast-schema-graph\">{\"@context\":\"https:\/\/schema.org\",\"@graph\":[{\"@type\":\"WebPage\",\"@id\":\"https:\/\/kinfilter.com\/product\/snowflake-ice-machine-khs1\/\",\"url\":\"https:\/\/kinfilter.com\/product\/snowflake-ice-machine-khs1\/\",\"name\":\"Snowflake Ice Machine\",\"isPartOf\":{\"@id\":\"https:\/\/kinfilter.com\/#website\"},\"primaryImageOfPage\":{\"@id\":\"https:\/\/kinfilter.com\/product\/snowflake-ice-machine-khs1\/#primaryimage\"},\"image\":{\"@id\":\"https:\/\/kinfilter.com\/product\/snowflake-ice-machine-khs1\/#primaryimage\"},\"thumbnailUrl\":\"https:\/\/kinfilter.com\/wp-content\/uploads\/2025\/09\/snowflake-ice-machine-1.jpg\",\"datePublished\":\"2025-09-25T13:08:34+00:00\",\"dateModified\":\"2025-10-13T08:56:59+00:00\",\"description\":\"Automatic rapid ice-shaving, self-cleaning function\",\"breadcrumb\":{\"@id\":\"https:\/\/kinfilter.com\/product\/snowflake-ice-machine-khs1\/#breadcrumb\"},\"inLanguage\":\"es\",\"potentialAction\":[{\"@type\":\"ReadAction\",\"target\":[\"https:\/\/kinfilter.com\/product\/snowflake-ice-machine-khs1\/\"]}]},{\"@type\":\"ImageObject\",\"inLanguage\":\"es\",\"@id\":\"https:\/\/kinfilter.com\/product\/snowflake-ice-machine-khs1\/#primaryimage\",\"url\":\"https:\/\/kinfilter.com\/wp-content\/uploads\/2025\/09\/snowflake-ice-machine-1.jpg\",\"contentUrl\":\"https:\/\/kinfilter.com\/wp-content\/uploads\/2025\/09\/snowflake-ice-machine-1.jpg\",\"width\":600,\"height\":600,\"caption\":\"Front of the snowflake ice machine\"},{\"@type\":\"BreadcrumbList\",\"@id\":\"https:\/\/kinfilter.com\/product\/snowflake-ice-machine-khs1\/#breadcrumb\",\"itemListElement\":[{\"@type\":\"ListItem\",\"position\":1,\"name\":\"Home\",\"item\":\"https:\/\/kinfilter.com\/\"},{\"@type\":\"ListItem\",\"position\":2,\"name\":\"Product\",\"item\":\"https:\/\/kinfilter.com\/product\/\"},{\"@type\":\"ListItem\",\"position\":3,\"name\":\"Snowflake Ice Machine-KHS1\"}]},{\"@type\":\"WebSite\",\"@id\":\"https:\/\/kinfilter.com\/#website\",\"url\":\"https:\/\/kinfilter.com\/\",\"name\":\"Ningbo Keyinle Technology Co., Ltd.\",\"description\":\"Professional Water Purifier Manufacturer\",\"publisher\":{\"@id\":\"https:\/\/kinfilter.com\/#organization\"},\"potentialAction\":[{\"@type\":\"SearchAction\",\"target\":{\"@type\":\"EntryPoint\",\"urlTemplate\":\"https:\/\/kinfilter.com\/?s={search_term_string}\"},\"query-input\":\"required name=search_term_string\"}],\"inLanguage\":\"es\"},{\"@type\":\"Organization\",\"@id\":\"https:\/\/kinfilter.com\/#organization\",\"name\":\"Ningbo Keyinle Technology Co., Ltd.\",\"url\":\"https:\/\/kinfilter.com\/\",\"logo\":{\"@type\":\"ImageObject\",\"inLanguage\":\"es\",\"@id\":\"https:\/\/kinfilter.com\/#\/schema\/logo\/image\/\",\"url\":\"\",\"contentUrl\":\"\",\"caption\":\"Ningbo Keyinle Technology Co., Ltd.\"},\"image\":{\"@id\":\"https:\/\/kinfilter.com\/#\/schema\/logo\/image\/\"}}]}<\/script>\n<!-- \/ Yoast SEO Premium plugin. -->","yoast_head_json":{"title":"Snowflake Ice Machine","description":"Automatic rapid ice-shaving, self-cleaning function","robots":{"index":"index","follow":"follow","max-snippet":"max-snippet:-1","max-image-preview":"max-image-preview:large","max-video-preview":"max-video-preview:-1"},"canonical":"https:\/\/kinfilter.com\/es\/producto\/snowflake-ice-machine-khs1\/","og_locale":"es_ES","og_type":"article","og_title":"Snowflake Ice Machine-KHS1","og_description":"Automatic rapid ice-shaving, self-cleaning function","og_url":"https:\/\/kinfilter.com\/es\/producto\/snowflake-ice-machine-khs1\/","og_site_name":"Ningbo Keyinle Technology Co., Ltd.","article_modified_time":"2025-10-13T08:56:59+00:00","og_image":[{"width":600,"height":600,"url":"http:\/\/kinfilter.com\/wp-content\/uploads\/2025\/09\/snowflake-ice-machine-1.jpg","type":"image\/jpeg"}],"twitter_card":"summary_large_image","twitter_misc":{"Tiempo de lectura":"2 minutos"},"schema":{"@context":"https:\/\/schema.org","@graph":[{"@type":"WebPage","@id":"https:\/\/kinfilter.com\/product\/snowflake-ice-machine-khs1\/","url":"https:\/\/kinfilter.com\/product\/snowflake-ice-machine-khs1\/","name":"Snowflake Ice Machine","isPartOf":{"@id":"https:\/\/kinfilter.com\/#website"},"primaryImageOfPage":{"@id":"https:\/\/kinfilter.com\/product\/snowflake-ice-machine-khs1\/#primaryimage"},"image":{"@id":"https:\/\/kinfilter.com\/product\/snowflake-ice-machine-khs1\/#primaryimage"},"thumbnailUrl":"https:\/\/kinfilter.com\/wp-content\/uploads\/2025\/09\/snowflake-ice-machine-1.jpg","datePublished":"2025-09-25T13:08:34+00:00","dateModified":"2025-10-13T08:56:59+00:00","description":"Automatic rapid ice-shaving, self-cleaning function","breadcrumb":{"@id":"https:\/\/kinfilter.com\/product\/snowflake-ice-machine-khs1\/#breadcrumb"},"inLanguage":"es","potentialAction":[{"@type":"ReadAction","target":["https:\/\/kinfilter.com\/product\/snowflake-ice-machine-khs1\/"]}]},{"@type":"ImageObject","inLanguage":"es","@id":"https:\/\/kinfilter.com\/product\/snowflake-ice-machine-khs1\/#primaryimage","url":"https:\/\/kinfilter.com\/wp-content\/uploads\/2025\/09\/snowflake-ice-machine-1.jpg","contentUrl":"https:\/\/kinfilter.com\/wp-content\/uploads\/2025\/09\/snowflake-ice-machine-1.jpg","width":600,"height":600,"caption":"Front of the snowflake ice machine"},{"@type":"BreadcrumbList","@id":"https:\/\/kinfilter.com\/product\/snowflake-ice-machine-khs1\/#breadcrumb","itemListElement":[{"@type":"ListItem","position":1,"name":"Home","item":"https:\/\/kinfilter.com\/"},{"@type":"ListItem","position":2,"name":"Product","item":"https:\/\/kinfilter.com\/product\/"},{"@type":"ListItem","position":3,"name":"Snowflake Ice Machine-KHS1"}]},{"@type":"WebSite","@id":"https:\/\/kinfilter.com\/#website","url":"https:\/\/kinfilter.com\/","name":"Ningbo Keyinle Technology Co., Ltd.","description":"Professional Water Purifier Manufacturer","publisher":{"@id":"https:\/\/kinfilter.com\/#organization"},"potentialAction":[{"@type":"SearchAction","target":{"@type":"EntryPoint","urlTemplate":"https:\/\/kinfilter.com\/?s={search_term_string}"},"query-input":"required name=search_term_string"}],"inLanguage":"es"},{"@type":"Organization","@id":"https:\/\/kinfilter.com\/#organization","name":"Ningbo Keyinle Technology Co., Ltd.","url":"https:\/\/kinfilter.com\/","logo":{"@type":"ImageObject","inLanguage":"es","@id":"https:\/\/kinfilter.com\/#\/schema\/logo\/image\/","url":"","contentUrl":"","caption":"Ningbo Keyinle Technology Co., Ltd."},"image":{"@id":"https:\/\/kinfilter.com\/#\/schema\/logo\/image\/"}}]}},"_links":{"self":[{"href":"https:\/\/kinfilter.com\/es\/wp-json\/wp\/v2\/product\/1728","targetHints":{"allow":["GET"]}}],"collection":[{"href":"https:\/\/kinfilter.com\/es\/wp-json\/wp\/v2\/product"}],"about":[{"href":"https:\/\/kinfilter.com\/es\/wp-json\/wp\/v2\/types\/product"}],"wp:featuredmedia":[{"embeddable":true,"href":"https:\/\/kinfilter.com\/es\/wp-json\/wp\/v2\/media\/1734"}],"wp:attachment":[{"href":"https:\/\/kinfilter.com\/es\/wp-json\/wp\/v2\/media?parent=1728"}],"wp:term":[{"taxonomy":"product_brand","embeddable":true,"href":"https:\/\/kinfilter.com\/es\/wp-json\/wp\/v2\/product_brand?post=1728"},{"taxonomy":"product_cat","embeddable":true,"href":"https:\/\/kinfilter.com\/es\/wp-json\/wp\/v2\/product_cat?post=1728"},{"taxonomy":"product_tag","embeddable":true,"href":"https:\/\/kinfilter.com\/es\/wp-json\/wp\/v2\/product_tag?post=1728"}],"curies":[{"name":"wp","href":"https:\/\/api.w.org\/{rel}","templated":true}]}}