{"id":1722,"date":"2025-09-25T13:06:16","date_gmt":"2025-09-25T13:06:16","guid":{"rendered":"https:\/\/kinfilter.com\/?post_type=product&#038;p=1722"},"modified":"2025-10-14T11:28:46","modified_gmt":"2025-10-14T03:28:46","slug":"built-in-water-dispenser","status":"publish","type":"product","link":"https:\/\/kinfilter.com\/es\/producto\/built-in-water-dispenser\/","title":{"rendered":"dispensador de agua incorporado"},"content":{"rendered":"<p>Somos una f\u00e1brica de dispensadores de agua en China.<\/p>\n<p>El dispensador de agua integrado se integra perfectamente con el aparador, ahorrando espacio y con una apariencia elegante. Ofrece las siguientes ventajas:<\/p>\n<ol>\n<li>Siete opciones de temperatura del agua: agua helada, temperatura ambiente, 45 \u00b0C, 65 \u00b0C, 75 \u00b0C, 85 \u00b0C y 100 \u00b0C, satisfaciendo sus diferentes necesidades de temperatura del agua.<\/li>\n<li>Refrigeraci\u00f3n por compresor, que proporciona agua helada a temperaturas tan bajas como 5 \u00b0C.<\/li>\n<li>Salida de agua caliente instant\u00e1nea con potencia de calentamiento de 3000 W y un caudal de agua caliente de hasta 600 ml\/min.<\/li>\n<li>Una gran pantalla t\u00e1ctil a color para una f\u00e1cil operaci\u00f3n.<\/li>\n<li>Compatible con purificadores de agua y agua embotellada.<\/li>\n<li>.M\u00faltiples protecciones anti-calentamiento en seco y un bloqueo para ni\u00f1os para garantizar la seguridad de los ni\u00f1os.<\/li>\n<\/ol>\n<p><img loading=\"lazy\" decoding=\"async\" class=\"aligncenter size-full wp-image-1727\" src=\"http:\/\/kinfilter.com\/wp-content\/uploads\/2025\/09\/built-in-water-dispenser-1.jpg\" alt=\"\" width=\"600\" height=\"600\" srcset=\"https:\/\/kinfilter.com\/wp-content\/uploads\/2025\/09\/built-in-water-dispenser-1.jpg 600w, https:\/\/kinfilter.com\/wp-content\/uploads\/2025\/09\/built-in-water-dispenser-1-500x500.jpg 500w, https:\/\/kinfilter.com\/wp-content\/uploads\/2025\/09\/built-in-water-dispenser-1-300x300.jpg 300w, https:\/\/kinfilter.com\/wp-content\/uploads\/2025\/09\/built-in-water-dispenser-1-150x150.jpg 150w, https:\/\/kinfilter.com\/wp-content\/uploads\/2025\/09\/built-in-water-dispenser-1-75x75.jpg 75w, https:\/\/kinfilter.com\/wp-content\/uploads\/2025\/09\/built-in-water-dispenser-1-480x480.jpg 480w\" sizes=\"auto, (max-width:767px) 480px, 600px\" \/> <img loading=\"lazy\" decoding=\"async\" class=\"aligncenter size-full wp-image-1726\" src=\"http:\/\/kinfilter.com\/wp-content\/uploads\/2025\/09\/built-in-water-dispenser-2.jpg\" alt=\"\" width=\"600\" height=\"600\" srcset=\"https:\/\/kinfilter.com\/wp-content\/uploads\/2025\/09\/built-in-water-dispenser-2.jpg 600w, https:\/\/kinfilter.com\/wp-content\/uploads\/2025\/09\/built-in-water-dispenser-2-500x500.jpg 500w, https:\/\/kinfilter.com\/wp-content\/uploads\/2025\/09\/built-in-water-dispenser-2-300x300.jpg 300w, https:\/\/kinfilter.com\/wp-content\/uploads\/2025\/09\/built-in-water-dispenser-2-150x150.jpg 150w, https:\/\/kinfilter.com\/wp-content\/uploads\/2025\/09\/built-in-water-dispenser-2-75x75.jpg 75w, https:\/\/kinfilter.com\/wp-content\/uploads\/2025\/09\/built-in-water-dispenser-2-480x480.jpg 480w\" sizes=\"auto, (max-width:767px) 480px, 600px\" \/> <img loading=\"lazy\" decoding=\"async\" class=\"aligncenter size-full wp-image-1725\" src=\"http:\/\/kinfilter.com\/wp-content\/uploads\/2025\/09\/built-in-water-dispenser-3.jpg\" alt=\"\" width=\"600\" height=\"600\" srcset=\"https:\/\/kinfilter.com\/wp-content\/uploads\/2025\/09\/built-in-water-dispenser-3.jpg 600w, https:\/\/kinfilter.com\/wp-content\/uploads\/2025\/09\/built-in-water-dispenser-3-500x500.jpg 500w, https:\/\/kinfilter.com\/wp-content\/uploads\/2025\/09\/built-in-water-dispenser-3-300x300.jpg 300w, https:\/\/kinfilter.com\/wp-content\/uploads\/2025\/09\/built-in-water-dispenser-3-150x150.jpg 150w, https:\/\/kinfilter.com\/wp-content\/uploads\/2025\/09\/built-in-water-dispenser-3-75x75.jpg 75w, https:\/\/kinfilter.com\/wp-content\/uploads\/2025\/09\/built-in-water-dispenser-3-480x480.jpg 480w\" sizes=\"auto, (max-width:767px) 480px, 600px\" \/> <img loading=\"lazy\" decoding=\"async\" class=\"aligncenter size-full wp-image-1724\" src=\"http:\/\/kinfilter.com\/wp-content\/uploads\/2025\/09\/built-in-water-dispenser-4.jpg\" alt=\"\" width=\"600\" height=\"600\" srcset=\"https:\/\/kinfilter.com\/wp-content\/uploads\/2025\/09\/built-in-water-dispenser-4.jpg 600w, https:\/\/kinfilter.com\/wp-content\/uploads\/2025\/09\/built-in-water-dispenser-4-500x500.jpg 500w, https:\/\/kinfilter.com\/wp-content\/uploads\/2025\/09\/built-in-water-dispenser-4-300x300.jpg 300w, https:\/\/kinfilter.com\/wp-content\/uploads\/2025\/09\/built-in-water-dispenser-4-150x150.jpg 150w, https:\/\/kinfilter.com\/wp-content\/uploads\/2025\/09\/built-in-water-dispenser-4-75x75.jpg 75w, https:\/\/kinfilter.com\/wp-content\/uploads\/2025\/09\/built-in-water-dispenser-4-480x480.jpg 480w\" sizes=\"auto, (max-width:767px) 480px, 600px\" \/> <img loading=\"lazy\" decoding=\"async\" class=\"aligncenter size-full wp-image-1723\" src=\"http:\/\/kinfilter.com\/wp-content\/uploads\/2025\/09\/built-in-water-dispenser-5.jpg\" alt=\"\" width=\"600\" height=\"600\" srcset=\"https:\/\/kinfilter.com\/wp-content\/uploads\/2025\/09\/built-in-water-dispenser-5.jpg 600w, https:\/\/kinfilter.com\/wp-content\/uploads\/2025\/09\/built-in-water-dispenser-5-500x500.jpg 500w, https:\/\/kinfilter.com\/wp-content\/uploads\/2025\/09\/built-in-water-dispenser-5-300x300.jpg 300w, https:\/\/kinfilter.com\/wp-content\/uploads\/2025\/09\/built-in-water-dispenser-5-150x150.jpg 150w, https:\/\/kinfilter.com\/wp-content\/uploads\/2025\/09\/built-in-water-dispenser-5-75x75.jpg 75w, https:\/\/kinfilter.com\/wp-content\/uploads\/2025\/09\/built-in-water-dispenser-5-480x480.jpg 480w\" sizes=\"auto, (max-width:767px) 480px, 600px\" \/><\/p>","protected":false},"excerpt":{"rendered":"<p><span class=\"excerpt-hellip\"> [\u2026]<\/span><\/p>","protected":false},"featured_media":1945,"template":"","meta":[],"product_brand":[],"product_cat":[46],"product_tag":[],"class_list":{"0":"post-1722","1":"product","2":"type-product","3":"status-publish","4":"has-post-thumbnail","6":"product_cat-built-in-water-dispenser","8":"first","9":"instock","10":"shipping-taxable","11":"product-type-external"},"yoast_head":"<!-- This site is optimized with the Yoast SEO Premium plugin v20.5 (Yoast SEO v22.7) - https:\/\/yoast.com\/wordpress\/plugins\/seo\/ -->\n<title>built in water dispenser water dispenser OEM<\/title>\n<meta name=\"description\" content=\"Professional water dispenser manufacturer offering cost-effective products, supporting customization needs and small-batch trial production.\" \/>\n<meta name=\"robots\" content=\"index, follow, max-snippet:-1, max-image-preview:large, max-video-preview:-1\" \/>\n<link rel=\"canonical\" href=\"https:\/\/kinfilter.com\/es\/producto\/built-in-water-dispenser\/\" \/>\n<meta property=\"og:locale\" content=\"es_ES\" \/>\n<meta property=\"og:type\" content=\"article\" \/>\n<meta property=\"og:title\" content=\"built in water dispenser\" \/>\n<meta property=\"og:description\" content=\"Professional water dispenser manufacturer offering cost-effective products, supporting customization needs and small-batch trial production.\" \/>\n<meta property=\"og:url\" content=\"https:\/\/kinfilter.com\/es\/producto\/built-in-water-dispenser\/\" \/>\n<meta property=\"og:site_name\" content=\"Ningbo Keyinle Technology Co., Ltd.\" \/>\n<meta property=\"article:modified_time\" content=\"2025-10-14T03:28:46+00:00\" \/>\n<meta property=\"og:image\" content=\"http:\/\/kinfilter.com\/wp-content\/uploads\/2025\/09\/built-in-water-dispenser-Side.jpg\" \/>\n\t<meta property=\"og:image:width\" content=\"600\" \/>\n\t<meta property=\"og:image:height\" content=\"600\" \/>\n\t<meta property=\"og:image:type\" content=\"image\/jpeg\" \/>\n<meta name=\"twitter:card\" content=\"summary_large_image\" \/>\n<meta name=\"twitter:label1\" content=\"Tiempo de lectura\" \/>\n\t<meta name=\"twitter:data1\" content=\"2 minutos\" \/>\n<script type=\"application\/ld+json\" class=\"yoast-schema-graph\">{\"@context\":\"https:\/\/schema.org\",\"@graph\":[{\"@type\":\"WebPage\",\"@id\":\"https:\/\/kinfilter.com\/product\/built-in-water-dispenser\/\",\"url\":\"https:\/\/kinfilter.com\/product\/built-in-water-dispenser\/\",\"name\":\"built in water dispenser water dispenser OEM\",\"isPartOf\":{\"@id\":\"https:\/\/kinfilter.com\/#website\"},\"primaryImageOfPage\":{\"@id\":\"https:\/\/kinfilter.com\/product\/built-in-water-dispenser\/#primaryimage\"},\"image\":{\"@id\":\"https:\/\/kinfilter.com\/product\/built-in-water-dispenser\/#primaryimage\"},\"thumbnailUrl\":\"https:\/\/kinfilter.com\/wp-content\/uploads\/2025\/09\/built-in-water-dispenser-Side.jpg\",\"datePublished\":\"2025-09-25T13:06:16+00:00\",\"dateModified\":\"2025-10-14T03:28:46+00:00\",\"description\":\"Professional water dispenser manufacturer offering cost-effective products, supporting customization needs and small-batch trial production.\",\"breadcrumb\":{\"@id\":\"https:\/\/kinfilter.com\/product\/built-in-water-dispenser\/#breadcrumb\"},\"inLanguage\":\"es\",\"potentialAction\":[{\"@type\":\"ReadAction\",\"target\":[\"https:\/\/kinfilter.com\/product\/built-in-water-dispenser\/\"]}]},{\"@type\":\"ImageObject\",\"inLanguage\":\"es\",\"@id\":\"https:\/\/kinfilter.com\/product\/built-in-water-dispenser\/#primaryimage\",\"url\":\"https:\/\/kinfilter.com\/wp-content\/uploads\/2025\/09\/built-in-water-dispenser-Side.jpg\",\"contentUrl\":\"https:\/\/kinfilter.com\/wp-content\/uploads\/2025\/09\/built-in-water-dispenser-Side.jpg\",\"width\":600,\"height\":600,\"caption\":\"built in water dispenser Side\"},{\"@type\":\"BreadcrumbList\",\"@id\":\"https:\/\/kinfilter.com\/product\/built-in-water-dispenser\/#breadcrumb\",\"itemListElement\":[{\"@type\":\"ListItem\",\"position\":1,\"name\":\"Home\",\"item\":\"https:\/\/kinfilter.com\/\"},{\"@type\":\"ListItem\",\"position\":2,\"name\":\"Product\",\"item\":\"https:\/\/kinfilter.com\/product\/\"},{\"@type\":\"ListItem\",\"position\":3,\"name\":\"built in water dispenser\"}]},{\"@type\":\"WebSite\",\"@id\":\"https:\/\/kinfilter.com\/#website\",\"url\":\"https:\/\/kinfilter.com\/\",\"name\":\"Ningbo Keyinle Technology Co., Ltd.\",\"description\":\"Professional Water Purifier Manufacturer\",\"publisher\":{\"@id\":\"https:\/\/kinfilter.com\/#organization\"},\"potentialAction\":[{\"@type\":\"SearchAction\",\"target\":{\"@type\":\"EntryPoint\",\"urlTemplate\":\"https:\/\/kinfilter.com\/?s={search_term_string}\"},\"query-input\":\"required name=search_term_string\"}],\"inLanguage\":\"es\"},{\"@type\":\"Organization\",\"@id\":\"https:\/\/kinfilter.com\/#organization\",\"name\":\"Ningbo Keyinle Technology Co., Ltd.\",\"url\":\"https:\/\/kinfilter.com\/\",\"logo\":{\"@type\":\"ImageObject\",\"inLanguage\":\"es\",\"@id\":\"https:\/\/kinfilter.com\/#\/schema\/logo\/image\/\",\"url\":\"\",\"contentUrl\":\"\",\"caption\":\"Ningbo Keyinle Technology Co., Ltd.\"},\"image\":{\"@id\":\"https:\/\/kinfilter.com\/#\/schema\/logo\/image\/\"}}]}<\/script>\n<!-- \/ Yoast SEO Premium plugin. -->","yoast_head_json":{"title":"built in water dispenser water dispenser OEM","description":"Professional water dispenser manufacturer offering cost-effective products, supporting customization needs and small-batch trial production.","robots":{"index":"index","follow":"follow","max-snippet":"max-snippet:-1","max-image-preview":"max-image-preview:large","max-video-preview":"max-video-preview:-1"},"canonical":"https:\/\/kinfilter.com\/es\/producto\/built-in-water-dispenser\/","og_locale":"es_ES","og_type":"article","og_title":"built in water dispenser","og_description":"Professional water dispenser manufacturer offering cost-effective products, supporting customization needs and small-batch trial production.","og_url":"https:\/\/kinfilter.com\/es\/producto\/built-in-water-dispenser\/","og_site_name":"Ningbo Keyinle Technology Co., Ltd.","article_modified_time":"2025-10-14T03:28:46+00:00","og_image":[{"width":600,"height":600,"url":"http:\/\/kinfilter.com\/wp-content\/uploads\/2025\/09\/built-in-water-dispenser-Side.jpg","type":"image\/jpeg"}],"twitter_card":"summary_large_image","twitter_misc":{"Tiempo de lectura":"2 minutos"},"schema":{"@context":"https:\/\/schema.org","@graph":[{"@type":"WebPage","@id":"https:\/\/kinfilter.com\/product\/built-in-water-dispenser\/","url":"https:\/\/kinfilter.com\/product\/built-in-water-dispenser\/","name":"built in water dispenser water dispenser OEM","isPartOf":{"@id":"https:\/\/kinfilter.com\/#website"},"primaryImageOfPage":{"@id":"https:\/\/kinfilter.com\/product\/built-in-water-dispenser\/#primaryimage"},"image":{"@id":"https:\/\/kinfilter.com\/product\/built-in-water-dispenser\/#primaryimage"},"thumbnailUrl":"https:\/\/kinfilter.com\/wp-content\/uploads\/2025\/09\/built-in-water-dispenser-Side.jpg","datePublished":"2025-09-25T13:06:16+00:00","dateModified":"2025-10-14T03:28:46+00:00","description":"Professional water dispenser manufacturer offering cost-effective products, supporting customization needs and small-batch trial production.","breadcrumb":{"@id":"https:\/\/kinfilter.com\/product\/built-in-water-dispenser\/#breadcrumb"},"inLanguage":"es","potentialAction":[{"@type":"ReadAction","target":["https:\/\/kinfilter.com\/product\/built-in-water-dispenser\/"]}]},{"@type":"ImageObject","inLanguage":"es","@id":"https:\/\/kinfilter.com\/product\/built-in-water-dispenser\/#primaryimage","url":"https:\/\/kinfilter.com\/wp-content\/uploads\/2025\/09\/built-in-water-dispenser-Side.jpg","contentUrl":"https:\/\/kinfilter.com\/wp-content\/uploads\/2025\/09\/built-in-water-dispenser-Side.jpg","width":600,"height":600,"caption":"built in water dispenser Side"},{"@type":"BreadcrumbList","@id":"https:\/\/kinfilter.com\/product\/built-in-water-dispenser\/#breadcrumb","itemListElement":[{"@type":"ListItem","position":1,"name":"Home","item":"https:\/\/kinfilter.com\/"},{"@type":"ListItem","position":2,"name":"Product","item":"https:\/\/kinfilter.com\/product\/"},{"@type":"ListItem","position":3,"name":"built in water dispenser"}]},{"@type":"WebSite","@id":"https:\/\/kinfilter.com\/#website","url":"https:\/\/kinfilter.com\/","name":"Ningbo Keyinle Technology Co., Ltd.","description":"Professional Water Purifier Manufacturer","publisher":{"@id":"https:\/\/kinfilter.com\/#organization"},"potentialAction":[{"@type":"SearchAction","target":{"@type":"EntryPoint","urlTemplate":"https:\/\/kinfilter.com\/?s={search_term_string}"},"query-input":"required name=search_term_string"}],"inLanguage":"es"},{"@type":"Organization","@id":"https:\/\/kinfilter.com\/#organization","name":"Ningbo Keyinle Technology Co., Ltd.","url":"https:\/\/kinfilter.com\/","logo":{"@type":"ImageObject","inLanguage":"es","@id":"https:\/\/kinfilter.com\/#\/schema\/logo\/image\/","url":"","contentUrl":"","caption":"Ningbo Keyinle Technology Co., Ltd."},"image":{"@id":"https:\/\/kinfilter.com\/#\/schema\/logo\/image\/"}}]}},"_links":{"self":[{"href":"https:\/\/kinfilter.com\/es\/wp-json\/wp\/v2\/product\/1722","targetHints":{"allow":["GET"]}}],"collection":[{"href":"https:\/\/kinfilter.com\/es\/wp-json\/wp\/v2\/product"}],"about":[{"href":"https:\/\/kinfilter.com\/es\/wp-json\/wp\/v2\/types\/product"}],"wp:featuredmedia":[{"embeddable":true,"href":"https:\/\/kinfilter.com\/es\/wp-json\/wp\/v2\/media\/1945"}],"wp:attachment":[{"href":"https:\/\/kinfilter.com\/es\/wp-json\/wp\/v2\/media?parent=1722"}],"wp:term":[{"taxonomy":"product_brand","embeddable":true,"href":"https:\/\/kinfilter.com\/es\/wp-json\/wp\/v2\/product_brand?post=1722"},{"taxonomy":"product_cat","embeddable":true,"href":"https:\/\/kinfilter.com\/es\/wp-json\/wp\/v2\/product_cat?post=1722"},{"taxonomy":"product_tag","embeddable":true,"href":"https:\/\/kinfilter.com\/es\/wp-json\/wp\/v2\/product_tag?post=1722"}],"curies":[{"name":"wp","href":"https:\/\/api.w.org\/{rel}","templated":true}]}}